{"id":21041,"date":"2019-07-31T14:32:01","date_gmt":"2019-07-31T14:32:01","guid":{"rendered":"https:\/\/yyo.nl\/?page_id=21041"},"modified":"2024-09-01T13:19:52","modified_gmt":"2024-09-01T11:19:52","slug":"contractrecht","status":"publish","type":"page","link":"https:\/\/yyo.nl\/tr\/rechtsgebieden\/contractrecht\/","title":{"rendered":"S\u00f6zle\u015fme Hukuku"},"content":{"rendered":"<div class=\"wpb-content-wrapper\"><section class=\"vc_row wpb_row vc_row-fluid  vc_custom_1564651238504\"><div class=\"wpb_column vc_column_container vc_col-sm-12  col-xs-mobile-fullwidth\"><div class=\"vc_column-inner\"><div class=\"wpb_wrapper\"><div class=\"last-paragraph-no-margin\"><h2>S\u00f6zle\u015fme hukuku: k\u00fc\u00e7\u00fck yaz\u0131lar konusunda size yard\u0131mc\u0131 oluyoruz<\/h2>\n<p>Hi\u00e7bir \u015fey genel h\u00fck\u00fcm ve ko\u015fullar\u0131n, s\u00f6zle\u015fmelerin ve anla\u015fmalar\u0131n ince ayr\u0131nt\u0131lar\u0131na inmekten daha karma\u015f\u0131k de\u011fildir. \u0130ster i\u015f s\u00f6zle\u015fmesi, ister kira s\u00f6zle\u015fmesi, ister franchise s\u00f6zle\u015fmesi veya sat\u0131n alma s\u00f6zle\u015fmesi olsun, her s\u00f6zle\u015fme kendi zorluklar\u0131n\u0131 ve y\u00fck\u00fcml\u00fcl\u00fcklerini beraberinde getirir.<\/p>\n<p>S\u00f6zle\u015fmeniz eksiksiz mi? Haklar\u0131n\u0131z ve y\u00fck\u00fcml\u00fcl\u00fckleriniz iyi tan\u0131mlanm\u0131\u015f m\u0131 ve bunlar \u00e7\u0131karlar\u0131n\u0131zla \u00f6rt\u00fc\u015f\u00fcyor mu? Dahas\u0131, yasal kurallara uygun mu? S\u00f6zle\u015fmelerin kontrol edilmesi, haz\u0131rlanmas\u0131 veya m\u00fczakere edilmesinde, s\u00f6zle\u015fme hukuku uzman\u0131 YYO size yard\u0131mc\u0131 olabilir.<\/p>\n<h2>S\u00f6zle\u015fme hukuku nedir?<\/h2>\n<p>S\u00f6zle\u015fme hukuku olarak da bilinen mukavele hukuku, Medeni Kanun kapsam\u0131nda taraflar aras\u0131ndaki anla\u015fmalar\u0131 d\u00fczenleyen kural ve kanunlarla ilgilenen bir hukuk alan\u0131d\u0131r. Su ge\u00e7irmez bir s\u00f6zle\u015fme, bireylerin ve \u015firketlerin birbirleriyle yapt\u0131klar\u0131 anla\u015fmalar\u0131n yasal dayana\u011f\u0131d\u0131r. Bu anla\u015fmalar, i\u015f g\u00fcc\u00fc ve kiradan sat\u0131\u015f ve franchise'a kadar \u00e7ok \u00e7e\u015fitli konular\u0131 kapsayabilir.<\/p>\n<p>A\u00e7\u0131k anla\u015fmalar ve yasal olarak ge\u00e7erli s\u00f6zle\u015fmeler ger\u00e7ekten \u00e7ok \u00f6nemlidir. \u0130yi bir s\u00f6zle\u015fme \u00f6ng\u00f6r\u00fclemeyen durumlara yer b\u0131rakmaz. S\u00f6zle\u015fmeden do\u011fan y\u00fck\u00fcml\u00fcl\u00fckler her t\u00fcrl\u00fc durumda netlik yarat\u0131r, \u00e7at\u0131\u015fmalar\u0131 \u00f6nleyebilir ve adaleti te\u015fvik edebilir.<\/p>\n<h2>S\u00f6zle\u015fme hukuku neleri kapsar?<\/h2>\n<p>Bir s\u00f6zle\u015fmeye ihtiya\u00e7 duyulan veya yaz\u0131l\u0131 bir anla\u015fman\u0131n iki veya daha fazla taraf aras\u0131nda huzur getirdi\u011fi pek \u00e7ok durum vard\u0131r. Bunlar giri\u015fimciler (ticari taraflar) aras\u0131nda, giri\u015fimciler ile bireyler aras\u0131nda ve bireyler aras\u0131ndaki taahh\u00fctler olabilir.<\/p>\n<p>En yayg\u0131n anla\u015fma t\u00fcrlerini a\u015fa\u011f\u0131da listeliyoruz, ancak bu liste hi\u00e7bir \u015fekilde kapsaml\u0131 de\u011fildir.<\/p>\n<ul>\n<li><strong>\u0130\u015f s\u00f6zle\u015fmeleri <\/strong>istihdam ko\u015fullar\u0131n\u0131 ve i\u015fveren ile \u00e7al\u0131\u015fan aras\u0131ndaki ili\u015fkileri d\u00fczenler.<\/li>\n<li><strong>Kiralamalar<\/strong> ev sahibi ve kirac\u0131n\u0131n hak ve g\u00f6revlerini belirler.<\/li>\n<li><strong>Franchise anla\u015fmalar\u0131<\/strong> franchisor ve franchisee aras\u0131ndaki anla\u015fmalar\u0131 i\u00e7erir.<\/li>\n<li><strong>Sat\u0131n alma anla\u015fmalar\u0131<\/strong> mal veya hizmetlerin al\u0131m ve sat\u0131m\u0131n\u0131 d\u00fczenleyen ticari s\u00f6zle\u015fmelerdir.<\/li>\n<li><strong>Hizmet s\u00f6zle\u015fmeleri, g\u00f6revlendirme s\u00f6zle\u015fmesi ve genel h\u00fck\u00fcm ve ko\u015fullar<\/strong> m\u00fcteahhitlik i\u015flerinin ko\u015fullar\u0131n\u0131 ve hizmetlerin hangi ko\u015fullar alt\u0131nda sunulaca\u011f\u0131n\u0131 belirler.<\/li>\n<li><strong>\u0130\u015fbirli\u011fi anla\u015fmalar\u0131<\/strong> Bir proje veya giri\u015fim \u00fczerinde birlikte \u00e7al\u0131\u015fan taraflar aras\u0131ndaki anla\u015fmalar\u0131 i\u00e7erir.<\/li>\n<li><strong>Kiralama ve leasing anla\u015fmalar\u0131<\/strong> ta\u015f\u0131n\u0131r ve ta\u015f\u0131nmaz mallar\u0131n belirli bir s\u00fcre i\u00e7in kiralanmas\u0131n\u0131 d\u00fczenler.<\/li>\n<\/ul>\n<h2>Bir avukat ne konuda yard\u0131mc\u0131 olabilir?<\/h2>\n<p><strong>S\u00f6zle\u015fmelerin haz\u0131rlanmas\u0131 ve g\u00f6zden ge\u00e7irilmesi<\/strong><\/p>\n<p>S\u00f6zle\u015fmelerin haz\u0131rlanmas\u0131 ve g\u00f6zden ge\u00e7irilmesi, do\u011fruluk ve yasalar hakk\u0131nda derinlemesine bilgi gerektirir. Yasal olarak do\u011fru ve t\u00fcm yasal gerekliliklere uygun s\u00f6zle\u015fmeler, ilgili t\u00fcm taraflar\u0131n \u00e7\u0131karlar\u0131n\u0131 korur. Daha fazla taraf bir s\u00f6zle\u015fmeyi daha karma\u015f\u0131k hale getirir. Yeni s\u00f6zle\u015fmelerin haz\u0131rlanmas\u0131nda ve mevcut s\u00f6zle\u015fmelerin g\u00f6zden ge\u00e7irilmesinde s\u00f6zle\u015fme \u00f6ncesi a\u015famada yard\u0131mc\u0131 olabiliriz. S\u00f6zl\u00fc bir anla\u015fman\u0131n kaydedilmesi suistimalleri \u00f6nler. Yasal olarak su ge\u00e7irmez oldu\u011fundan emin olmak, potansiyel risklerin kapsand\u0131\u011f\u0131n\u0131 t\u00fcm taraflar i\u00e7in a\u00e7\u0131k hale getirir.<\/p>\n<p>\u00d6rnek<\/p>\n<p><em>Yeni bir i\u015f kuruyorsunuz ve t\u00fcm \u00e7al\u0131\u015fanlar i\u00e7in i\u015fveren ile \u00e7al\u0131\u015fan aras\u0131nda d\u00fczg\u00fcn bir i\u015f s\u00f6zle\u015fmesi haz\u0131rlamak istiyorsunuz. S\u00f6zle\u015fmelerin t\u00fcm genel kurallara ve yasal gerekliliklere uygun olmas\u0131n\u0131 ve hem \u015firketinizin hem de \u00e7al\u0131\u015fanlar\u0131n\u0131z\u0131n \u00e7\u0131karlar\u0131n\u0131 korumas\u0131n\u0131 sa\u011fl\u0131yoruz.<\/em><\/p>\n<p><strong>\u015eartlar\u0131n g\u00f6r\u00fc\u015f\u00fclmesi<\/strong><\/p>\n<p>Bir s\u00f6zle\u015fme tasla\u011f\u0131 haz\u0131rlamadan \u00f6nce, tasla\u011f\u0131 i\u00e7erik a\u00e7\u0131s\u0131ndan kontrol ettirmek ak\u0131ll\u0131ca olacakt\u0131r. T\u00fcm taraflar\u0131n \u00e7\u0131karlar\u0131n\u0131 orant\u0131l\u0131 ve do\u011fru bir \u015fekilde temsil ediyor mu? \u015eartlar yasalara uygun mu? Avukatlar olarak, belirli maddelerin olas\u0131 sonu\u00e7lar\u0131 hakk\u0131nda tavsiyelerde bulunarak destek olabiliriz. Ayr\u0131ca, en uygun sonucu elde etmek i\u00e7in \u015fartlar\u0131 m\u00fczakere edebiliriz.<\/p>\n<p>\u00d6rnek<\/p>\n<p><em>Bir franchise s\u00f6zle\u015fmesi yapmak istiyorsunuz ancak baz\u0131 maddelerden emin de\u011filsiniz. \u015eartlar\u0131 ve ko\u015fullar\u0131 de\u011ferlendirerek size yard\u0131mc\u0131 oluyoruz. Herhangi bir de\u011fi\u015fiklik konusunda size tavsiyelerde bulunuyor veya sizin ad\u0131n\u0131za franchise veren ile m\u00fczakere ediyoruz.<\/em><\/p>\n<p><strong>Uyu\u015fmazl\u0131k \u00e7\u00f6z\u00fcm\u00fc<\/strong><\/p>\n<p>Bir s\u00f6zle\u015fmenin i\u00e7eri\u011fi konusunda bir anla\u015fmazl\u0131kla m\u0131 kar\u015f\u0131 kar\u015f\u0131yas\u0131n\u0131z? Yeterli hukuki bilgiye sahip de\u011filseniz, do\u011fru yorumu kontrol etmek karma\u015f\u0131k ve zaman al\u0131c\u0131 bir g\u00f6rev olabilir. Bunu sizin i\u00e7in yapabilir ve ard\u0131ndan uyu\u015fmazl\u0131klar\u0131n \u00e7\u00f6z\u00fcm\u00fcnde size yard\u0131mc\u0131 olabiliriz. \u00d6zel veya ticari anla\u015fmazl\u0131klarda siz ve di\u011fer taraf aras\u0131nda arabuluculuk yapmaktan veya yasal i\u015flemleri ba\u015flatmaktan mutluluk duyar\u0131z.<\/p>\n<p>\u00d6rnek<\/p>\n<p><em>Bir tedarik\u00e7i ile bir sat\u0131n alma s\u00f6zle\u015fmesi kapsam\u0131nda teslim edilen mallar\u0131n kalitesi konusunda bir anla\u015fmazl\u0131k ortaya \u00e7\u0131kt\u0131. Her iki taraf i\u00e7in de kabul edilebilir uygun bir \u00e7\u00f6z\u00fcm konusunda size tavsiyede bulunmaktan memnuniyet duyar\u0131z. Ayr\u0131ca, arabulucu olarak hareket edebilir veya arabuluculu\u011fun ba\u015far\u0131s\u0131z olmas\u0131 halinde sizi yasal i\u015flemlerde temsil edebiliriz.<\/em><\/p>\n<p><strong>S\u00f6zle\u015fmelerin feshi<\/strong><\/p>\n<p>S\u00f6zle\u015fmelerin feshi, haz\u0131rlanmas\u0131 kadar karma\u015f\u0131k olabilir. Bir s\u00f6zle\u015fmenin feshinin, s\u00f6zle\u015fmenin ihlali, de\u011fi\u015fen ko\u015fullar veya kar\u015f\u0131l\u0131kl\u0131 r\u0131za ile fesih gibi \u00e7e\u015fitli nedenleri olabilir. Bir hukuk uzman\u0131n\u0131n rehberli\u011fi, s\u00fcrecin do\u011fru ve yasalara uygun \u015fekilde y\u00fcr\u00fct\u00fclmesini sa\u011flar.<\/p>\n<p>\u00d6rnek<\/p>\n<p><em>De\u011fi\u015fen i\u015f ko\u015fullar\u0131 nedeniyle bir kira s\u00f6zle\u015fmesini erken feshetmeye karar verdiniz. Yasal s\u00fcre\u00e7 boyunca size rehberlik ediyor, uygun belgeleri sa\u011fl\u0131yor ve ev sahibi ile fesih ko\u015fullar\u0131n\u0131 m\u00fczakere ediyoruz.<\/em><\/p>\n<h2>Daha fazla bilgi<\/h2>\n<p>S\u00f6zle\u015fme hukuku avukatlar\u0131 olarak, hem bireylere hem de i\u015fletmelere, taraflar\u0131n adil bir \u015fekilde ve yasalara uygun olarak korundu\u011fu \u00e7e\u015fitli s\u00f6zle\u015fme t\u00fcrleri ve genel h\u00fck\u00fcm ve ko\u015fullar konusunda uzman tavsiyesi ve yasal temsil sa\u011fl\u0131yoruz.<\/p>\n<p>Durumunuza \u00f6zg\u00fc ayr\u0131nt\u0131lar\u0131 g\u00f6r\u00fc\u015fmek i\u00e7in bizimle ileti\u015fime ge\u00e7mekten \u00e7ekinmeyin. Size destek olmaya haz\u0131r\u0131z.<\/p>\n<\/div><a  href=\"https:\/\/yyo.nl\/tr\/contact\/\" target=\"_self\" class=\"btn pofo-button-1 button-style1  btn-dark-gray  btn-large  vc_custom_1723215438457\" >\u0130leti\u015fime ge\u00e7in<\/a><\/div><\/div><\/div><\/section>\n<\/div>","protected":false},"excerpt":{"rendered":"S\u00f6zle\u015fme hukuku: k\u00fc\u00e7\u00fck yaz\u0131lar konusunda size yard\u0131mc\u0131 oluyoruz Hi\u00e7bir \u015fey genel h\u00fck\u00fcm ve ko\u015fullar\u0131n, s\u00f6zle\u015fmelerin ve anla\u015fmalar\u0131n k\u00fc\u00e7\u00fck yaz\u0131lar\u0131n\u0131 anlamaktan daha karma\u015f\u0131k de\u011fildir. \u0130ster i\u015f s\u00f6zle\u015fmesi, ister kira s\u00f6zle\u015fmesi, franchise s\u00f6zle\u015fmesi veya sat\u0131n alma s\u00f6zle\u015fmesi olsun, her s\u00f6zle\u015fme kendi zorluklar\u0131n\u0131 ve y\u00fck\u00fcml\u00fcl\u00fcklerini beraberinde getirir. S\u00f6zle\u015fmeniz eksiksiz mi? Haklar\u0131n\u0131z ve y\u00fck\u00fcml\u00fcl\u00fckleriniz iyi tan\u0131mlanm\u0131\u015f m\u0131 ve \u00e7\u0131karlar\u0131n\u0131zla \u00f6rt\u00fc\u015f\u00fcyor mu? Dahas\u0131, yasal kurallara uygun mu? S\u00f6zle\u015fmelerin kontrol edilmesi, haz\u0131rlanmas\u0131 veya m\u00fczakere edilmesi konusunda YYO s\u00f6zle\u015fme hukuku uzman\u0131 size yard\u0131mc\u0131 olabilir. S\u00f6zle\u015fme hukuku nedir? Bor\u00e7lar hukuku olarak da bilinen s\u00f6zle\u015fme hukuku, taraflar aras\u0131ndaki anla\u015fmalar\u0131 d\u00fczenleyen Medeni Kanun kapsam\u0131ndaki kurallar ve yasalarla ilgilenen bir hukuk alan\u0131d\u0131r. Su ge\u00e7irmez bir s\u00f6zle\u015fme, bireylerin ve \u015firketlerin birbirleriyle yapt\u0131klar\u0131 anla\u015fmalar\u0131n yasal dayana\u011f\u0131d\u0131r. Bu anla\u015fmalar, i\u015f g\u00fcc\u00fc ve kiradan sat\u0131\u015f ve franchise'a kadar \u00e7ok \u00e7e\u015fitli konular\u0131 kapsayabilir. A\u00e7\u0131k anla\u015fmalar ve yasal olarak ge\u00e7erli s\u00f6zle\u015fmeler ger\u00e7ekten \u00e7ok \u00f6nemlidir. \u0130yi bir s\u00f6zle\u015fme \u00f6ng\u00f6r\u00fclemeyen durumlara yer b\u0131rakmaz. S\u00f6zle\u015fmeden do\u011fan y\u00fck\u00fcml\u00fcl\u00fckler her t\u00fcrl\u00fc durumda netlik yarat\u0131r, \u00e7at\u0131\u015fmalar\u0131 \u00f6nleyebilir ve mahkeme i\u015flemlerini kolayla\u015ft\u0131rabilir. S\u00f6zle\u015fme hukuku neleri kapsar? Bir s\u00f6zle\u015fmenin gerekli oldu\u011fu veya yaz\u0131l\u0131 bir anla\u015fman\u0131n dayand\u0131\u011f\u0131 bir\u00e7ok durum vard\u0131r...","protected":false},"author":2,"featured_media":0,"parent":21623,"menu_order":0,"comment_status":"closed","ping_status":"closed","template":"","meta":{"footnotes":""},"class_list":["post-21041","page","type-page","status-publish","hentry"],"yoast_head":"<!-- This site is optimized with the Yoast SEO plugin v23.3 - https:\/\/yoast.com\/wordpress\/plugins\/seo\/ -->\n<title>Waterdicht contract nodig? Advocaat contractenrecht helpt!<\/title>\n<meta name=\"description\" content=\"Advocaat contractenrecht biedt advies en hulp voor elke soort overeenkomst, waaronder opstellen en controleren conform specifieke regels. Ontdek hoe het werkt.\" \/>\n<meta name=\"robots\" content=\"index, follow, max-snippet:-1, max-image-preview:large, max-video-preview:-1\" \/>\n<link rel=\"canonical\" href=\"https:\/\/yyo.nl\/tr\/rechtsgebieden\/contractrecht\/\" \/>\n<meta property=\"og:locale\" content=\"tr_TR\" \/>\n<meta property=\"og:type\" content=\"article\" \/>\n<meta property=\"og:title\" content=\"Waterdicht contract nodig? Advocaat contractenrecht helpt!\" \/>\n<meta property=\"og:description\" content=\"Advocaat contractenrecht biedt advies en hulp voor elke soort overeenkomst, waaronder opstellen en controleren conform specifieke regels. Ontdek hoe het werkt.\" \/>\n<meta property=\"og:url\" content=\"https:\/\/yyo.nl\/tr\/rechtsgebieden\/contractrecht\/\" \/>\n<meta property=\"og:site_name\" content=\"YYO Letselschadeadvocaat Rotterdam\" \/>\n<meta property=\"article:modified_time\" content=\"2024-09-01T11:19:52+00:00\" \/>\n<meta name=\"twitter:card\" content=\"summary_large_image\" \/>\n<meta name=\"twitter:label1\" content=\"Tahmini okuma s\u00fcresi\" \/>\n\t<meta name=\"twitter:data1\" content=\"5 dakika\" \/>\n<script type=\"application\/ld+json\" class=\"yoast-schema-graph\">{\"@context\":\"https:\/\/schema.org\",\"@graph\":[{\"@type\":\"WebPage\",\"@id\":\"https:\/\/yyo.nl\/rechtsgebieden\/contractrecht\/\",\"url\":\"https:\/\/yyo.nl\/rechtsgebieden\/contractrecht\/\",\"name\":\"Waterdicht contract nodig? Advocaat contractenrecht helpt!\",\"isPartOf\":{\"@id\":\"https:\/\/yyo.nl\/#website\"},\"datePublished\":\"2019-07-31T14:32:01+00:00\",\"dateModified\":\"2024-09-01T11:19:52+00:00\",\"description\":\"Advocaat contractenrecht biedt advies en hulp voor elke soort overeenkomst, waaronder opstellen en controleren conform specifieke regels. Ontdek hoe het werkt.\",\"breadcrumb\":{\"@id\":\"https:\/\/yyo.nl\/rechtsgebieden\/contractrecht\/#breadcrumb\"},\"inLanguage\":\"tr\",\"potentialAction\":[{\"@type\":\"ReadAction\",\"target\":[\"https:\/\/yyo.nl\/rechtsgebieden\/contractrecht\/\"]}]},{\"@type\":\"BreadcrumbList\",\"@id\":\"https:\/\/yyo.nl\/rechtsgebieden\/contractrecht\/#breadcrumb\",\"itemListElement\":[{\"@type\":\"ListItem\",\"position\":1,\"name\":\"Home\",\"item\":\"https:\/\/yyo.nl\/\"},{\"@type\":\"ListItem\",\"position\":2,\"name\":\"Rechtsgebieden\",\"item\":\"https:\/\/yyo.nl\/rechtsgebieden\/\"},{\"@type\":\"ListItem\",\"position\":3,\"name\":\"Contractrecht\"}]},{\"@type\":\"WebSite\",\"@id\":\"https:\/\/yyo.nl\/#website\",\"url\":\"https:\/\/yyo.nl\/\",\"name\":\"YYO Letselschadeadvocaat Rotterdam\",\"description\":\"Letselschadeadvocaat Rotterdam\",\"potentialAction\":[{\"@type\":\"SearchAction\",\"target\":{\"@type\":\"EntryPoint\",\"urlTemplate\":\"https:\/\/yyo.nl\/?s={search_term_string}\"},\"query-input\":\"required name=search_term_string\"}],\"inLanguage\":\"tr\"}]}<\/script>\n<!-- \/ Yoast SEO plugin. -->","yoast_head_json":{"title":"Waterdicht contract nodig? Advocaat contractenrecht helpt!","description":"Advocaat contractenrecht biedt advies en hulp voor elke soort overeenkomst, waaronder opstellen en controleren conform specifieke regels. Ontdek hoe het werkt.","robots":{"index":"index","follow":"follow","max-snippet":"max-snippet:-1","max-image-preview":"max-image-preview:large","max-video-preview":"max-video-preview:-1"},"canonical":"https:\/\/yyo.nl\/tr\/rechtsgebieden\/contractrecht\/","og_locale":"tr_TR","og_type":"article","og_title":"Waterdicht contract nodig? Advocaat contractenrecht helpt!","og_description":"Advocaat contractenrecht biedt advies en hulp voor elke soort overeenkomst, waaronder opstellen en controleren conform specifieke regels. Ontdek hoe het werkt.","og_url":"https:\/\/yyo.nl\/tr\/rechtsgebieden\/contractrecht\/","og_site_name":"YYO Letselschadeadvocaat Rotterdam","article_modified_time":"2024-09-01T11:19:52+00:00","twitter_card":"summary_large_image","twitter_misc":{"Tahmini okuma s\u00fcresi":"5 dakika"},"schema":{"@context":"https:\/\/schema.org","@graph":[{"@type":"WebPage","@id":"https:\/\/yyo.nl\/rechtsgebieden\/contractrecht\/","url":"https:\/\/yyo.nl\/rechtsgebieden\/contractrecht\/","name":"Waterdicht contract nodig? Advocaat contractenrecht helpt!","isPartOf":{"@id":"https:\/\/yyo.nl\/#website"},"datePublished":"2019-07-31T14:32:01+00:00","dateModified":"2024-09-01T11:19:52+00:00","description":"Advocaat contractenrecht biedt advies en hulp voor elke soort overeenkomst, waaronder opstellen en controleren conform specifieke regels. Ontdek hoe het werkt.","breadcrumb":{"@id":"https:\/\/yyo.nl\/rechtsgebieden\/contractrecht\/#breadcrumb"},"inLanguage":"tr","potentialAction":[{"@type":"ReadAction","target":["https:\/\/yyo.nl\/rechtsgebieden\/contractrecht\/"]}]},{"@type":"BreadcrumbList","@id":"https:\/\/yyo.nl\/rechtsgebieden\/contractrecht\/#breadcrumb","itemListElement":[{"@type":"ListItem","position":1,"name":"Home","item":"https:\/\/yyo.nl\/"},{"@type":"ListItem","position":2,"name":"Rechtsgebieden","item":"https:\/\/yyo.nl\/rechtsgebieden\/"},{"@type":"ListItem","position":3,"name":"Contractrecht"}]},{"@type":"WebSite","@id":"https:\/\/yyo.nl\/#website","url":"https:\/\/yyo.nl\/","name":"YYO Letselschadeadvocaat Rotterdam","description":"Letselschadeadvocaat Rotterdam","potentialAction":[{"@type":"SearchAction","target":{"@type":"EntryPoint","urlTemplate":"https:\/\/yyo.nl\/?s={search_term_string}"},"query-input":"required name=search_term_string"}],"inLanguage":"tr"}]}},"_links":{"self":[{"href":"https:\/\/yyo.nl\/tr\/wp-json\/wp\/v2\/pages\/21041"}],"collection":[{"href":"https:\/\/yyo.nl\/tr\/wp-json\/wp\/v2\/pages"}],"about":[{"href":"https:\/\/yyo.nl\/tr\/wp-json\/wp\/v2\/types\/page"}],"author":[{"embeddable":true,"href":"https:\/\/yyo.nl\/tr\/wp-json\/wp\/v2\/users\/2"}],"replies":[{"embeddable":true,"href":"https:\/\/yyo.nl\/tr\/wp-json\/wp\/v2\/comments?post=21041"}],"version-history":[{"count":6,"href":"https:\/\/yyo.nl\/tr\/wp-json\/wp\/v2\/pages\/21041\/revisions"}],"predecessor-version":[{"id":21642,"href":"https:\/\/yyo.nl\/tr\/wp-json\/wp\/v2\/pages\/21041\/revisions\/21642"}],"up":[{"embeddable":true,"href":"https:\/\/yyo.nl\/tr\/wp-json\/wp\/v2\/pages\/21623"}],"wp:attachment":[{"href":"https:\/\/yyo.nl\/tr\/wp-json\/wp\/v2\/media?parent=21041"}],"curies":[{"name":"wp","href":"https:\/\/api.w.org\/{rel}","templated":true}]}}