{"id":21342,"date":"2024-01-05T19:51:51","date_gmt":"2024-01-05T19:51:51","guid":{"rendered":"https:\/\/yyo.nl\/?page_id=21342"},"modified":"2024-01-05T20:03:15","modified_gmt":"2024-01-05T20:03:15","slug":"letselschadeadvocaat-rotterdam","status":"publish","type":"page","link":"https:\/\/yyo.nl\/tr\/letselschadeadvocaat-rotterdam\/","title":{"rendered":"Ki\u015fisel yaralanma avukat\u0131 Rotterdam"},"content":{"rendered":"<div class=\"wpb-content-wrapper\"><section class=\"vc_row wpb_row vc_row-fluid  vc_custom_1564584226227\"><div class=\"wpb_column vc_column_container vc_col-sm-12  col-xs-mobile-fullwidth\"><div class=\"vc_column-inner\"><div class=\"wpb_wrapper\"><h1 class=\"text-extra-dark-gray margin-20px-bottom font-weight-600 display-inline-block alt-font heading-style2  heading-1\" >Ki\u015fisel yaralanma avukat\u0131 Rotterdam<\/h1><div class=\"last-paragraph-no-margin\"><h2><strong>Rotterdam'da ki\u015fisel yaralanma m\u0131? Yavuzyi\u011fito\u011flu Advocatuur hizmetinizdedir.<\/strong><\/h2>\n<p>Bir trafik kazas\u0131, end\u00fcstriyel kaza veya t\u0131bbi hata yeterince tats\u0131zd\u0131r. Bir de bunun sonucunda yaralan\u0131rsan\u0131z, durum daha da k\u00f6t\u00fcle\u015fir. Ki\u015fisel yaralanma, kazaya kar\u0131\u015fanlar (ma\u011fdurlar) ve yak\u0131nlar\u0131 i\u00e7in duygusal bir mesele olabilir. Ayr\u0131ca hem hukuki hem de mali bir\u00e7ok soru ortaya \u00e7\u0131kar. Bu nedenle en ba\u015f\u0131ndan itibaren size yard\u0131mc\u0131 olacak bir avukata ihtiyac\u0131n\u0131z vard\u0131r. Yavuzyi\u011fito\u011flu Avukatl\u0131k B\u00fcrosu'nda, ki\u015fisel yaralanma davan\u0131z i\u00e7in do\u011fru yere geldiniz.<\/p>\n<p>Bir kazan\u0131n kurban\u0131 oldunuz, \u015fimdi ne olacak? Duygusal olarak bu olduk\u00e7a a\u011f\u0131r bir y\u00fck olabilir. Ayn\u0131 zamanda, her t\u00fcrl\u00fc soru ortaya \u00e7\u0131kar: Birini sorumlu tutabilir misiniz? E\u011fer \u00f6yleyse, kim? Bundan sonra ne almaya hakk\u0131n\u0131z var? Bunun maliyeti ne olacak? Vb.<\/p>\n<p>Nas\u0131l ve nereden ba\u015flanaca\u011f\u0131 \u00e7o\u011fu zaman karma\u015f\u0131kt\u0131r. Bu karma\u015f\u0131k ki\u015fisel yaralanma s\u00fcrecinde yard\u0131m al\u0131nmas\u0131 \u015fiddetle tavsiye edilir.<\/p>\n<p>E\u011fer bir ki\u015fisel yaralanma davas\u0131 a\u00e7may\u0131 d\u00fc\u015f\u00fcn\u00fcyorsan\u0131z, tercihen b\u00f6lgenizde bulunan bir ki\u015fisel yaralanma avukat\u0131ndan yard\u0131m alman\u0131z \u00e7ok \u00f6nemlidir. Rotterdam'da bulunan Yavuzyi\u011fito\u011flu Advocatuur, t\u00fcm ki\u015fisel yaralanma s\u00fcreci boyunca size rehberlik eden ve tamamen iyile\u015fmenize odaklanman\u0131za olanak tan\u0131yan uzman yard\u0131m sunmaktad\u0131r. Bu yard\u0131m\u0131n \u00e7o\u011fu durumda size hi\u00e7bir maliyeti yoktur.<\/p>\n<h3><strong>Ki\u015fisel yaralanma t\u00fcrleri:<\/strong><\/h3>\n<p><em><strong>Maddi Hasar:<\/strong><\/em><\/p>\n<ul>\n<li>Engellilik nedeniyle ka\u00e7\u0131r\u0131lan gelir.<\/li>\n<li>Sa\u011fl\u0131k sigortan\u0131z\u0131n muafiyeti de dahil olmak \u00fczere t\u0131bbi harcamalar.<\/li>\n<li>Seyahat ve park masraflar\u0131.<\/li>\n<li>Hastanede yat\u0131\u015f s\u0131ras\u0131ndaki masraflar.<\/li>\n<li>Konut adaptasyon maliyetleri.<\/li>\n<li>Ev i\u00e7i yard\u0131m ve ev i\u015fleri i\u00e7in \u00fccretler.<\/li>\n<li>Bak\u0131m masraflar\u0131.<\/li>\n<li>Maddi hasar.<\/li>\n<li>\u00c7al\u0131\u015fma gecikme maliyetleri.<\/li>\n<li>Kullan\u0131lmayan biletler ve abonelikler i\u00e7in \u00fccretler.<\/li>\n<\/ul>\n<p>Bu zararlar, kazayla ilgili olduklar\u0131 takdirde tazminata hak kazan\u0131rlar.<\/p>\n<h4><em><strong>Ak\u0131ll\u0131 para:<\/strong><\/em> Ak\u0131ll\u0131 para, kazan\u0131n neden oldu\u011fu ac\u0131, \u00fcz\u00fcnt\u00fc ve hayattan zevk alamama gibi maddi olmayan zararlar\u0131n tazminidir.<\/h4>\n<h3><strong>Yavuzyi\u011fito\u011flu Avukatl\u0131k B\u00fcrosu i\u015fi ba\u015ftan sona ele al\u0131yor<\/strong><\/h3>\n<p>Menfaatlerinizin do\u011fru bir \u015fekilde, anlay\u0131\u015fla ve ayn\u0131 zamanda uzmanl\u0131kla temsil edilmesini istersiniz. Yavuzyi\u011fito\u011flu Avukatl\u0131k B\u00fcrosu t\u00fcm tazminat s\u00fcreci boyunca size yard\u0131mc\u0131 olacak ve t\u00fcm yasal konulardaki endi\u015felerinizi giderecektir. Bu sayede tamamen iyile\u015fmenize odaklanabilirsiniz.<img loading=\"lazy\" decoding=\"async\" class=\"wp-image-21349 alignright\" src=\"https:\/\/yyo.nl\/wp-content\/uploads\/2024\/01\/Scherm\u00adafbeelding-2024-01-05-om-21.02.04-244x300.png\" alt=\"\" width=\"438\" height=\"539\" srcset=\"https:\/\/yyo.nl\/wp-content\/uploads\/2024\/01\/Scherm\u00adafbeelding-2024-01-05-om-21.02.04-244x300.png 244w, https:\/\/yyo.nl\/wp-content\/uploads\/2024\/01\/Scherm\u00adafbeelding-2024-01-05-om-21.02.04-626x771.png 626w, https:\/\/yyo.nl\/wp-content\/uploads\/2024\/01\/Scherm\u00adafbeelding-2024-01-05-om-21.02.04-81x100.png 81w, https:\/\/yyo.nl\/wp-content\/uploads\/2024\/01\/Scherm\u00adafbeelding-2024-01-05-om-21.02.04-600x739.png 600w, https:\/\/yyo.nl\/wp-content\/uploads\/2024\/01\/Scherm\u00adafbeelding-2024-01-05-om-21.02.04.png 729w\" sizes=\"(max-width: 438px) 100vw, 438px\" \/><\/p>\n<p><a href=\"https:\/\/yyo.nl\/tr\/#contact\"><strong>\u00dccretsiz dan\u0131\u015fmanl\u0131k i\u00e7in do\u011frudan ofisimizle ileti\u015fime ge\u00e7in.<\/strong><\/a><\/p>\n<p>Ki\u015fisel yaralanma s\u00fcreci d\u00f6rt a\u015famaya ayr\u0131l\u0131r: \u0130lk a\u015fama <strong>(1)<\/strong> y\u00fck\u00fcml\u00fcl\u00fc\u011f\u00fcn belirlenmesi ile ilgilidir. Y\u00fck\u00fcml\u00fcl\u00fck muhasebele\u015ftirildikten sonra <strong>(2)<\/strong> t\u0131bbi s\u00fcre\u00e7. Bu a\u015famada, ilgili t\u00fcm t\u0131bbi bilgiler toplan\u0131r ve vaka genellikle t\u0131bbi tavsiye verilmesi i\u00e7in bir t\u0131bbi dan\u0131\u015fmana sunulur. Daha sonra, <strong>(3)<\/strong> hasar\u0131 (ge\u00e7ici olarak) tahmin ettikten sonra <strong>(4)<\/strong> Davan\u0131n \u00e7\u00f6z\u00fcm\u00fc ger\u00e7ekle\u015fir. Ancak, ikinci durum yaln\u0131zca t\u0131bbi bir son durum varsa veya taraflar davay\u0131 \u00e7\u00f6zmek isterlerse ger\u00e7ekle\u015fir.<\/p>\n<h3><strong>\u0130kinci g\u00f6r\u00fc\u015f ve\/veya devralma dosyas\u0131<\/strong><\/h3>\n<p>Ba\u015fka bir avukatta devam eden bir ki\u015fisel yaralanma davan\u0131z varsa ve \u00f6denen tazminat\u0131n ki\u015fisel yaralanman\u0131z\u0131n hakk\u0131n\u0131 verip vermedi\u011fi konusunda \u015f\u00fcpheleriniz varsa, firmam\u0131z size ikinci bir g\u00f6r\u00fc\u015f sa\u011flayabilir. Davan\u0131z\u0131n ele al\u0131nmas\u0131 s\u0131ras\u0131nda davan\u0131z\u0131 firmam\u0131za devretmeniz de m\u00fcmk\u00fcnd\u00fcr.<\/p>\n<p>&nbsp;<\/p>\n<h4><strong>Yavuzyi\u011fito\u011flu Avukatl\u0131k B\u00fcrosu: ki\u015fisel yaralanma avukat\u0131n\u0131z!<\/strong><\/h4>\n<\/div><\/div><\/div><\/div><\/section>\n<\/div>","protected":false},"excerpt":{"rendered":"Ki\u015fisel yaralanma avukat\u0131 RotterdamRotterdam'da yaralanma avukat\u0131 m\u0131? Yavuzyi\u011fito\u011flu Advocatuur sizin i\u00e7in burada. Bir trafik kazas\u0131, end\u00fcstriyel kaza veya t\u0131bbi hata yeterince tats\u0131zd\u0131r. Bir de bunun sonucunda yaralan\u0131rsan\u0131z, durum daha da k\u00f6t\u00fcle\u015fir. Ki\u015fisel yaralanma, kazaya kar\u0131\u015fanlar (ma\u011fdurlar) ve yak\u0131nlar\u0131 i\u00e7in duygusal bir mesele olabilir. Ayr\u0131ca hem hukuki hem de mali bir\u00e7ok soru ortaya \u00e7\u0131kar. Bu nedenle en ba\u015f\u0131ndan itibaren size yard\u0131mc\u0131 olacak bir avukata ihtiyac\u0131n\u0131z vard\u0131r. Yavuzyi\u011fito\u011flu Avukatl\u0131k B\u00fcrosu olarak, ki\u015fisel yaralanma davan\u0131z i\u00e7in do\u011fru yere geldiniz. Bir kazan\u0131n kurban\u0131 oldunuz, \u015fimdi ne olacak? Duygusal olarak bu olduk\u00e7a a\u011f\u0131r bir y\u00fck olabilir. Ayn\u0131 zamanda, her t\u00fcrl\u00fc soru ortaya \u00e7\u0131kar: Birini sorumlu tutabilir misiniz? E\u011fer \u00f6yleyse, kim? Bundan sonra ne almaya hakk\u0131n\u0131z var? Bunun maliyeti ne olacak? Vb. Nas\u0131l ve nereden ba\u015flanaca\u011f\u0131 genellikle karma\u015f\u0131kt\u0131r. Bu karma\u015f\u0131k ki\u015fisel yaralanma s\u00fcrecinde yard\u0131m al\u0131nmas\u0131 \u015fiddetle tavsiye edilir. Bir tazminat talebinde bulunmay\u0131 d\u00fc\u015f\u00fcn\u00fcyorsan\u0131z, tercihen b\u00f6lgenizde bulunan bir ki\u015fisel yaralanma avukat\u0131ndan yard\u0131m alman\u0131z \u00e7ok \u00f6nemlidir. Rotterdam'da bulunan Yavuzyi\u011fito\u011flu Advocatuur, t\u00fcm ki\u015fisel yaralanma s\u00fcreci boyunca size rehberlik eden ve tamamen iyile\u015fmenize konsantre olman\u0131z\u0131 sa\u011flayan uzman yard\u0131m sunmaktad\u0131r. Bu yard\u0131m\u0131n \u00e7o\u011fu durumda size hi\u00e7bir maliyeti yoktur. Ki\u015fisel Yaralanma T\u00fcrleri: Maddi Zararlar: Ka\u00e7\u0131r\u0131lan...","protected":false},"author":2,"featured_media":0,"parent":0,"menu_order":0,"comment_status":"closed","ping_status":"closed","template":"","meta":{"footnotes":""},"class_list":["post-21342","page","type-page","status-publish","hentry"],"yoast_head":"<!-- This site is optimized with the Yoast SEO plugin v23.3 - https:\/\/yoast.com\/wordpress\/plugins\/seo\/ -->\n<title>Letselschadeadvocaat Rotterdam - YYO Letselschadeadvocaat Rotterdam<\/title>\n<meta name=\"description\" content=\"Zoekt u een letselschadeadvocaat in Rotterdam? Kies voor Yavuzyigitoglu Advocatuur - waar ervaring, betrokkenheid en lokale nabijheid samenkomen\" \/>\n<meta name=\"robots\" content=\"index, follow, max-snippet:-1, max-image-preview:large, max-video-preview:-1\" \/>\n<link rel=\"canonical\" href=\"https:\/\/yyo.nl\/tr\/letselschadeadvocaat-rotterdam\/\" \/>\n<meta property=\"og:locale\" content=\"tr_TR\" \/>\n<meta property=\"og:type\" content=\"article\" \/>\n<meta property=\"og:title\" content=\"Letselschadeadvocaat Rotterdam - YYO Letselschadeadvocaat Rotterdam\" \/>\n<meta property=\"og:description\" content=\"Zoekt u een letselschadeadvocaat in Rotterdam? Kies voor Yavuzyigitoglu Advocatuur - waar ervaring, betrokkenheid en lokale nabijheid samenkomen\" \/>\n<meta property=\"og:url\" content=\"https:\/\/yyo.nl\/tr\/letselschadeadvocaat-rotterdam\/\" \/>\n<meta property=\"og:site_name\" content=\"YYO Letselschadeadvocaat Rotterdam\" \/>\n<meta property=\"article:modified_time\" content=\"2024-01-05T20:03:15+00:00\" \/>\n<meta name=\"twitter:card\" content=\"summary_large_image\" \/>\n<meta name=\"twitter:label1\" content=\"Tahmini okuma s\u00fcresi\" \/>\n\t<meta name=\"twitter:data1\" content=\"3 dakika\" \/>\n<script type=\"application\/ld+json\" class=\"yoast-schema-graph\">{\"@context\":\"https:\/\/schema.org\",\"@graph\":[{\"@type\":\"WebPage\",\"@id\":\"https:\/\/yyo.nl\/letselschadeadvocaat-rotterdam\/\",\"url\":\"https:\/\/yyo.nl\/letselschadeadvocaat-rotterdam\/\",\"name\":\"Letselschadeadvocaat Rotterdam - YYO Letselschadeadvocaat Rotterdam\",\"isPartOf\":{\"@id\":\"https:\/\/yyo.nl\/#website\"},\"datePublished\":\"2024-01-05T19:51:51+00:00\",\"dateModified\":\"2024-01-05T20:03:15+00:00\",\"description\":\"Zoekt u een letselschadeadvocaat in Rotterdam? Kies voor Yavuzyigitoglu Advocatuur - waar ervaring, betrokkenheid en lokale nabijheid samenkomen\",\"breadcrumb\":{\"@id\":\"https:\/\/yyo.nl\/letselschadeadvocaat-rotterdam\/#breadcrumb\"},\"inLanguage\":\"tr\",\"potentialAction\":[{\"@type\":\"ReadAction\",\"target\":[\"https:\/\/yyo.nl\/letselschadeadvocaat-rotterdam\/\"]}]},{\"@type\":\"BreadcrumbList\",\"@id\":\"https:\/\/yyo.nl\/letselschadeadvocaat-rotterdam\/#breadcrumb\",\"itemListElement\":[{\"@type\":\"ListItem\",\"position\":1,\"name\":\"Home\",\"item\":\"https:\/\/yyo.nl\/\"},{\"@type\":\"ListItem\",\"position\":2,\"name\":\"Letselschadeadvocaat Rotterdam\"}]},{\"@type\":\"WebSite\",\"@id\":\"https:\/\/yyo.nl\/#website\",\"url\":\"https:\/\/yyo.nl\/\",\"name\":\"YYO Letselschadeadvocaat Rotterdam\",\"description\":\"Letselschadeadvocaat Rotterdam\",\"potentialAction\":[{\"@type\":\"SearchAction\",\"target\":{\"@type\":\"EntryPoint\",\"urlTemplate\":\"https:\/\/yyo.nl\/?s={search_term_string}\"},\"query-input\":\"required name=search_term_string\"}],\"inLanguage\":\"tr\"}]}<\/script>\n<!-- \/ Yoast SEO plugin. -->","yoast_head_json":{"title":"Letselschadeadvocaat Rotterdam - YYO Letselschadeadvocaat Rotterdam","description":"Zoekt u een letselschadeadvocaat in Rotterdam? Kies voor Yavuzyigitoglu Advocatuur - waar ervaring, betrokkenheid en lokale nabijheid samenkomen","robots":{"index":"index","follow":"follow","max-snippet":"max-snippet:-1","max-image-preview":"max-image-preview:large","max-video-preview":"max-video-preview:-1"},"canonical":"https:\/\/yyo.nl\/tr\/letselschadeadvocaat-rotterdam\/","og_locale":"tr_TR","og_type":"article","og_title":"Letselschadeadvocaat Rotterdam - YYO Letselschadeadvocaat Rotterdam","og_description":"Zoekt u een letselschadeadvocaat in Rotterdam? Kies voor Yavuzyigitoglu Advocatuur - waar ervaring, betrokkenheid en lokale nabijheid samenkomen","og_url":"https:\/\/yyo.nl\/tr\/letselschadeadvocaat-rotterdam\/","og_site_name":"YYO Letselschadeadvocaat Rotterdam","article_modified_time":"2024-01-05T20:03:15+00:00","twitter_card":"summary_large_image","twitter_misc":{"Tahmini okuma s\u00fcresi":"3 dakika"},"schema":{"@context":"https:\/\/schema.org","@graph":[{"@type":"WebPage","@id":"https:\/\/yyo.nl\/letselschadeadvocaat-rotterdam\/","url":"https:\/\/yyo.nl\/letselschadeadvocaat-rotterdam\/","name":"Letselschadeadvocaat Rotterdam - YYO Letselschadeadvocaat Rotterdam","isPartOf":{"@id":"https:\/\/yyo.nl\/#website"},"datePublished":"2024-01-05T19:51:51+00:00","dateModified":"2024-01-05T20:03:15+00:00","description":"Zoekt u een letselschadeadvocaat in Rotterdam? Kies voor Yavuzyigitoglu Advocatuur - waar ervaring, betrokkenheid en lokale nabijheid samenkomen","breadcrumb":{"@id":"https:\/\/yyo.nl\/letselschadeadvocaat-rotterdam\/#breadcrumb"},"inLanguage":"tr","potentialAction":[{"@type":"ReadAction","target":["https:\/\/yyo.nl\/letselschadeadvocaat-rotterdam\/"]}]},{"@type":"BreadcrumbList","@id":"https:\/\/yyo.nl\/letselschadeadvocaat-rotterdam\/#breadcrumb","itemListElement":[{"@type":"ListItem","position":1,"name":"Home","item":"https:\/\/yyo.nl\/"},{"@type":"ListItem","position":2,"name":"Letselschadeadvocaat Rotterdam"}]},{"@type":"WebSite","@id":"https:\/\/yyo.nl\/#website","url":"https:\/\/yyo.nl\/","name":"YYO Letselschadeadvocaat Rotterdam","description":"Letselschadeadvocaat Rotterdam","potentialAction":[{"@type":"SearchAction","target":{"@type":"EntryPoint","urlTemplate":"https:\/\/yyo.nl\/?s={search_term_string}"},"query-input":"required name=search_term_string"}],"inLanguage":"tr"}]}},"_links":{"self":[{"href":"https:\/\/yyo.nl\/tr\/wp-json\/wp\/v2\/pages\/21342"}],"collection":[{"href":"https:\/\/yyo.nl\/tr\/wp-json\/wp\/v2\/pages"}],"about":[{"href":"https:\/\/yyo.nl\/tr\/wp-json\/wp\/v2\/types\/page"}],"author":[{"embeddable":true,"href":"https:\/\/yyo.nl\/tr\/wp-json\/wp\/v2\/users\/2"}],"replies":[{"embeddable":true,"href":"https:\/\/yyo.nl\/tr\/wp-json\/wp\/v2\/comments?post=21342"}],"version-history":[{"count":8,"href":"https:\/\/yyo.nl\/tr\/wp-json\/wp\/v2\/pages\/21342\/revisions"}],"predecessor-version":[{"id":21351,"href":"https:\/\/yyo.nl\/tr\/wp-json\/wp\/v2\/pages\/21342\/revisions\/21351"}],"wp:attachment":[{"href":"https:\/\/yyo.nl\/tr\/wp-json\/wp\/v2\/media?parent=21342"}],"curies":[{"name":"wp","href":"https:\/\/api.w.org\/{rel}","templated":true}]}}