{"id":21511,"date":"2024-08-05T13:04:13","date_gmt":"2024-08-05T13:04:13","guid":{"rendered":"https:\/\/yyo.nl\/?page_id=21511"},"modified":"2024-09-01T13:14:37","modified_gmt":"2024-09-01T11:14:37","slug":"contact","status":"publish","type":"page","link":"https:\/\/yyo.nl\/tr\/contact\/","title":{"rendered":"\u0130leti\u015fim"},"content":{"rendered":"<div class=\"wpb-content-wrapper\"><section id=\"overons\" data-vc-full-width=\"true\" data-vc-full-width-init=\"false\" data-vc-stretch-content=\"true\" class=\"vc_row wpb_row vc_row-fluid  vc_custom_1562333005138 wow fadeIn vc_row-has-fill pofo-stretch-content vc_row-no-padding vc_row-o-equal-height vc_row-o-content-middle vc_row-flex\"><div class=\"wpb_column vc_column_container vc_col-has-fill vc_col-sm-12 vc_col-md-6 vc_col-xs-12 wow fadeInLeft pofo-column-responsive-69e4668713c22\"><div class=\"vc_column-inner cover-background vc_custom_1704488210291\"><div class=\"wpb_wrapper\"><div class=\"bg-extra-dark-gray bg-overlay\" style=\"opacity:0.5; \"><\/div><div class=\"bg-deep-pink width-50 text-center absolute-middle-center z-index-5 md-width-70 xs-width-85 padding-50px-all xs-padding-45px-tb xs-padding-25px-lr block-4\"><span class=\"special-char-medium text-white absolute-middle-center top-0 position-absolute fas fa-quote-left\"><\/span><h3 class=\"font-weight-300 no-margin-bottom text-white\" style=\"font-size: 22px;\" data-fontsize=\"22px\">YYO davam\u0131 devrald\u0131 ve \u00e7ok daha iyi bir tazminat ald\u0131m.<\/h3><\/div><\/div><\/div><\/div><div class=\"wpb_column vc_column_container vc_col-sm-12 vc_col-md-6 vc_col-xs-12 wow fadeInRight sm-text-center xs-text-center\"><div class=\"vc_column-inner vc_custom_1507193184506\"><div class=\"wpb_wrapper\"><div class=\"vc_row wpb_row vc_inner vc_row-fluid\"><div class=\"wpb_column vc_column_container vc_col-sm-12  col-xs-mobile-fullwidth pofo-column-responsive-69e4668713d9b\"><div class=\"vc_column-inner vc_custom_1509018666493\"><div class=\"wpb_wrapper\"><h3 class=\"text-extra-dark-gray margin-20px-bottom font-weight-600 display-inline-block alt-font text-none heading-style2  vc_custom_1722863296886 pofo-button-responsive-69e4668713e12  heading-1\"  style=\"font-size: 35px; line-height: 40px; font-weight: 700; color: #ffffff;\" data-fontsize=\"35px\" data-lineheight=\"40px\">\u0130leti\u015fime ge\u00e7in<\/h3><div class=\"last-paragraph-no-margin pofo-text-block-responsive-69e4668713e36\" style=\"color: #6f6f6f; width: 90%;\"><p>Ki\u015fisel yaralanma, etkilenme hasar\u0131 veya \u00f6l\u00fcm hasar\u0131 konusunda tavsiye veya hukuki yard\u0131ma m\u0131 ihtiyac\u0131n\u0131z var? \u0130ster i\u015f kazas\u0131, ister trafik kazas\u0131, ister t\u0131bbi uygulama hatas\u0131 veya \u015fiddet nedeniyle yaralanm\u0131\u015f olun, sizin i\u00e7in buraday\u0131z!<\/p>\n<p>Ayr\u0131ca i\u00e7in <a href=\"https:\/\/yyo.nl\/tr\/contractrecht\/\">s\u00f6zle\u015fme hukuku<\/a> ve <a href=\"https:\/\/yyo.nl\/tr\/arbeidsrecht\/\">i\u0307\u015f hukuku<\/a> bize gelebilirsiniz.<\/p>\n<p>Daha fazla bilgi almak ve sorular\u0131n\u0131z\u0131 sormak i\u00e7in bizimle ileti\u015fime ge\u00e7mekten \u00e7ekinmeyin.<\/p>\n<\/div><h3 class=\"text-extra-dark-gray margin-20px-bottom font-weight-600 display-inline-block alt-font text-none heading-style2  vc_custom_1722863300506 pofo-button-responsive-69e4668713e7e  heading-2\"  style=\"font-size: 35px; line-height: 40px; font-weight: 700; color: #ffffff;\" data-fontsize=\"35px\" data-lineheight=\"40px\">Beni geri ara.<\/h3>\n<div class=\"wpcf7 no-js\" id=\"wpcf7-f21322-o1\" lang=\"nl-NL\" dir=\"ltr\">\n<div class=\"screen-reader-response\"><p role=\"status\" aria-live=\"polite\" aria-atomic=\"true\"><\/p> <ul><\/ul><\/div>\n<form action=\"\/tr\/wp-json\/wp\/v2\/pages\/21511#wpcf7-f21322-o1\" method=\"post\" class=\"wpcf7-form init\" aria-label=\"\u0130leti\u015fim formu\" novalidate=\"novalidate\" data-status=\"init\" data-trp-original-action=\"\/tr\/wp-json\/wp\/v2\/pages\/21511#wpcf7-f21322-o1\">\n<div style=\"display: none;\">\n<input type=\"hidden\" name=\"_wpcf7\" value=\"21322\" \/>\n<input type=\"hidden\" name=\"_wpcf7_version\" value=\"5.9.8\" \/>\n<input type=\"hidden\" name=\"_wpcf7_locale\" value=\"nl_NL\" \/>\n<input type=\"hidden\" name=\"_wpcf7_unit_tag\" value=\"wpcf7-f21322-o1\" \/>\n<input type=\"hidden\" name=\"_wpcf7_container_post\" value=\"0\" \/>\n<input type=\"hidden\" name=\"_wpcf7_posted_data_hash\" value=\"\" \/>\n<input type=\"hidden\" name=\"_wpcf7_recaptcha_response\" value=\"\" \/>\n<\/div>\n<p><label> Sizin ad\u0131n\u0131z<br \/>\n<span class=\"wpcf7-form-control-wrap\" data-name=\"your-name\"><input size=\"40\" maxlength=\"400\" class=\"wpcf7-form-control wpcf7-text wpcf7-validates-as-required\" autocomplete=\"name\" aria-required=\"true\" aria-invalid=\"false\" value=\"\" type=\"text\" name=\"your-name\" \/><\/span> <\/label>\n<\/p>\n<p><label> Telefon numaras\u0131<br \/>\n<span class=\"wpcf7-form-control-wrap\" data-name=\"your-subject\"><input size=\"40\" maxlength=\"400\" class=\"wpcf7-form-control wpcf7-text wpcf7-validates-as-required\" aria-required=\"true\" aria-invalid=\"false\" value=\"\" type=\"text\" name=\"your-subject\" \/><\/span> <\/label>\n<\/p>\n<p><label> Mesaj\u0131n\u0131z (iste\u011fe ba\u011fl\u0131)<br \/>\n<span class=\"wpcf7-form-control-wrap\" data-name=\"your-message\"><input size=\"40\" maxlength=\"400\" class=\"wpcf7-form-control wpcf7-text\" aria-invalid=\"false\" value=\"\" type=\"text\" name=\"your-message\" \/><\/span> <\/label>\n<\/p>\n<div class=\"row\">\n\t<div class=\"col-lg-12 col-md-12 col-sm-12 col-xs-12\">\n\t\t<p><input class=\"wpcf7-form-control wpcf7-submit has-spinner btn btn-default\" type=\"submit\" value=\"G\u00f6nder\" \/>\n\t\t<\/p>\n\t<\/div>\n<\/div><div class=\"wpcf7-response-output\" aria-hidden=\"true\"><\/div>\n<input type=\"hidden\" name=\"trp-form-language\" value=\"tr\"\/><\/form>\n<\/div>\n<\/div><\/div><\/div><\/div><\/div><\/div><\/div><\/section><div class=\"vc_row-full-width vc_clearfix\"><\/div><section data-vc-full-width=\"true\" data-vc-full-width-init=\"false\" class=\"vc_row wpb_row vc_row-fluid   wow fadeIn pofo-stretch-content pofo-stretch-row-container vc_row-o-equal-height vc_row-flex\"><div class=\"wpb_column vc_column_container vc_col-sm-6 vc_col-md-6 vc_col-xs-12 wow fadeInUp text-left pofo-column-responsive-69e4668716e62\" data-wow-delay= \"400ms\"><div class=\"vc_column-inner\"><div class=\"wpb_wrapper\"><span class=\"text-extra-dark-gray margin-20px-bottom font-weight-600 display-inline-block alt-font text-none heading-style2  heading-3\"  style=\"font-size: 20px;\" data-fontsize=\"20px\">Yavuzyi\u011fito\u011flu ki\u015fisel yaralanma avukat\u0131 Rotterdam<\/span><div class=\"last-paragraph-no-margin\"><p>Rotterdam'da ofisimiz var, ancak elbette Cappelle aan den IJssel, Barendrecht, Schiedam, Vlaardingen, Dordrecht ve Gouda'da da ki\u015fisel yaralanma avukat\u0131n\u0131z\u0131z. Hizmetlerimiz sizi cezbediyor mu? Bize ula\u015fmaktan \u00e7ekinmeyin <a href=\"https:\/\/yyo.nl\/tr\/contact\/\">\u0130leti\u015fim<\/a> adresinden daha fazla bilgi alabilirsiniz. Nerede ya\u015farsan\u0131z ya\u015fay\u0131n!<\/p>\n<\/div><div class=\"vc_row wpb_row vc_inner vc_row-fluid\"><div class=\"wpb_column vc_column_container vc_col-sm-3 vc_hidden-sm vc_hidden-xs col-xs-mobile-fullwidth\"><div class=\"vc_column-inner\"><div class=\"wpb_wrapper\">\n\t<div  class=\"wpb_single_image wpb_content_element vc_align_left wpb_content_element\">\n\t\t\n\t\t<figure class=\"wpb_wrapper vc_figure\">\n\t\t\t<div class=\"vc_single_image-wrapper   vc_box_border_grey\"><img loading=\"lazy\" decoding=\"async\" width=\"581\" height=\"512\" src=\"https:\/\/yyo.nl\/wp-content\/uploads\/2024\/01\/Scherm\u00adafbeelding-2024-01-05-om-22.24.11.png\" class=\"vc_single_image-img attachment-full\" alt=\"\" title=\"Ekran g\u00f6r\u00fcnt\u00fcs\u00fc 2024-01-05 saat 22.24.11\" srcset=\"https:\/\/yyo.nl\/wp-content\/uploads\/2024\/01\/Scherm\u00adafbeelding-2024-01-05-om-22.24.11.png 581w, https:\/\/yyo.nl\/wp-content\/uploads\/2024\/01\/Scherm\u00adafbeelding-2024-01-05-om-22.24.11-300x264.png 300w, https:\/\/yyo.nl\/wp-content\/uploads\/2024\/01\/Scherm\u00adafbeelding-2024-01-05-om-22.24.11-81x71.png 81w\" sizes=\"(max-width: 581px) 100vw, 581px\" \/><\/div>\n\t\t<\/figure>\n\t<\/div>\n<\/div><\/div><\/div><div class=\"wpb_column vc_column_container vc_col-sm-9  col-xs-mobile-fullwidth\"><div class=\"vc_column-inner\"><div class=\"wpb_wrapper\"><div class=\"last-paragraph-no-margin\"><\/div><div class=\"last-paragraph-no-margin\"><p><a href=\"https:\/\/yyo.nl\/tr\/letselschadeadvocaat-rotterdam\/\">Ki\u015fisel yaralanma avukat\u0131 Rotterdam<\/a><\/p>\n<\/div>\n\t<div  class=\"wpb_single_image wpb_content_element vc_align_left wpb_content_element\">\n\t\t\n\t\t<figure class=\"wpb_wrapper vc_figure\">\n\t\t\t<a href=\"https:\/\/zoekeenadvocaat.advocatenorde.nl\/advocaten\/rotterdam\/de-heer-mr-m-yavuzyigitoglu\/11902387454\" target=\"_self\" class=\"vc_single_image-wrapper   vc_box_border_grey\"><img loading=\"lazy\" decoding=\"async\" width=\"384\" height=\"127\" src=\"https:\/\/yyo.nl\/wp-content\/uploads\/2024\/01\/Scherm\u00adafbeelding-2024-01-05-om-22.11.52.png\" class=\"vc_single_image-img attachment-full\" alt=\"\" title=\"Barolar Birli\u011fi\" srcset=\"https:\/\/yyo.nl\/wp-content\/uploads\/2024\/01\/Scherm\u00adafbeelding-2024-01-05-om-22.11.52.png 384w, https:\/\/yyo.nl\/wp-content\/uploads\/2024\/01\/Scherm\u00adafbeelding-2024-01-05-om-22.11.52-300x99.png 300w, https:\/\/yyo.nl\/wp-content\/uploads\/2024\/01\/Scherm\u00adafbeelding-2024-01-05-om-22.11.52-81x27.png 81w\" sizes=\"(max-width: 384px) 100vw, 384px\" \/><\/a>\n\t\t<\/figure>\n\t<\/div>\n<\/div><\/div><\/div><\/div><div class=\"vc_empty_space\"   style=\"height: 32px\"><span class=\"vc_empty_space_inner\"><\/span><\/div><div  class=\"pofo-social-links social-icon-style-10 social-icon-1\"><ul class=\"small-icon\"><li><a class=\"facebook-f\" href=\"https:\/\/www.facebook.com\/YavuzyigitogluAdvocatuur\/\" target=\"_blank\"><i class=\"fab fa-facebook-f\"><\/i><span><\/span><\/a><\/li><li><a class=\"linkedin-in\" href=\"https:\/\/nl.linkedin.com\/company\/yavuzyigitoglu-advocatuur?trk=public_profile_position_image\" target=\"_blank\"><i class=\"fab fa-linkedin-in\"><\/i><span><\/span><\/a><\/li><li><a class=\"instagram\" href=\"https:\/\/www.instagram.com\/yavuzyigitogluadvocatuur\/\" target=\"_blank\"><i class=\"fab fa-instagram\"><\/i><span><\/span><\/a><\/li><li><a class=\"envelope\" href=\"mailto:info@yyo.nl\" target=\"_blank\"><i class=\"fas fa-envelope\"><\/i><span><\/span><\/a><\/li><\/ul><\/div><\/div><\/div><\/div><div class=\"wpb_column vc_column_container vc_col-sm-6 vc_col-md-3 vc_col-xs-12 wow fadeInUp text-left pofo-column-responsive-69e46687187bb\"><div class=\"vc_column-inner vc_custom_1563961525914\"><div class=\"wpb_wrapper\"><span class=\"text-extra-dark-gray margin-20px-bottom font-weight-600 display-inline-block alt-font text-none heading-style2  heading-4\"  style=\"font-size: 20px;\" data-fontsize=\"20px\">\u0130leti\u015fim bilgileri<\/span><div class=\"last-paragraph-no-margin\"><p>YYO Savunuculu\u011fu<br \/>\nStationsplein 45 (4. kat)<br \/>\nBirim A4.004<br \/>\n3013 AK Rotterdam<\/p>\n<p>T: 010 - 766 1453<br \/>\nF: 010 - 766 1461<br \/>\nE: info@yyo.nl<br \/>\nTI\u0307CARET ODASI: 75007703<\/p>\n<p>Firmam\u0131z\u0131n \u00fc\u00e7\u00fcnc\u00fc taraf bir vakf\u0131 yoktur ve bu nedenle \u00fc\u00e7\u00fcnc\u00fc taraf fonlar\u0131 alamaz.<\/p>\n<\/div><\/div><\/div><\/div><div class=\"wpb_column vc_column_container vc_col-sm-6 vc_col-md-3 vc_col-xs-12 wow fadeInUp text-left pofo-column-responsive-69e4668718888\" data-wow-delay= \"200ms\"><div class=\"vc_column-inner vc_custom_1563961619363\"><div class=\"wpb_wrapper\"><span class=\"text-extra-dark-gray margin-20px-bottom font-weight-600 display-inline-block alt-font text-none heading-style2  heading-5\"  style=\"font-size: 20px;\" data-fontsize=\"20px\">\u00c7al\u0131\u015fma saatleri<\/span><div class=\"last-paragraph-no-margin\"><p style=\"text-align: left;\">Pazartesi 09:00 - 18:00<br \/>\nSal\u0131 09:00 - 18:00<br \/>\n\u00c7ar\u015famba 09:00 - 18:00<br \/>\nPer\u015fembe 09:00 - 18:00<br \/>\nCuma 09:00 - 18:00<br \/>\nCumartesi Kapal\u0131<br \/>\nPazar Kapal\u0131<\/p>\n<\/div><\/div><\/div><\/div><\/section><div class=\"vc_row-full-width vc_clearfix\"><\/div>\n<\/div>","protected":false},"excerpt":{"rendered":"YYO davam\u0131 devrald\u0131 ve \u00f6nemli \u00f6l\u00e7\u00fcde daha iyi tazminat ald\u0131m.\u0130leti\u015fime ge\u00e7inKi\u015fisel yaralanma, sevgi hasar\u0131 veya \u00f6l\u00fcm hasar\u0131 alan\u0131nda tavsiye veya hukuki yard\u0131ma m\u0131 ihtiyac\u0131n\u0131z var? \u0130ster i\u015f kazas\u0131, trafik kazas\u0131, t\u0131bbi uygulama hatas\u0131 veya \u015fiddet sonucu yaralanm\u0131\u015f olun, biz sizin i\u00e7in buraday\u0131z! S\u00f6zle\u015fme hukuku ve i\u015f hukuku i\u00e7in de bize gelebilirsiniz. Daha fazla bilgi almak ve sorular\u0131n\u0131z\u0131 sormak i\u00e7in bizimle ileti\u015fime ge\u00e7mekten \u00e7ekinmeyin. Beni geri ara Ad\u0131n\u0131z Telefon numaran\u0131z Mesaj\u0131n\u0131z (iste\u011fe ba\u011fl\u0131) Yavuzyi\u011fito\u011flu ki\u015fisel yaralanma avukat\u0131 RotterdamRotterdam'da ofisimiz var, ancak elbette Cappelle aan den IJssel, Barendrecht, Schiedam, Vlaardingen, Dordrecht ve Gouda'da da ki\u015fisel yaralanma avukat\u0131n\u0131z\u0131z. Hizmetlerimiz sizi cezbediyor mu? Daha fazla bilgi i\u00e7in bizimle ileti\u015fime ge\u00e7mekten \u00e7ekinmeyin. Nerede ya\u015f\u0131yor olursan\u0131z olun! Bedensel yaralanma avukat\u0131 Rotterdam \u0130leti\u015fim bilgileriYYO Advocatuur Stationsplein 45 (4. kat) Unit A4.004 3013 AK Rotterdam T: 010 - 766 1453 F: 010 - 766 1461 E: info@yyo.nl KVK: 75007703 Firmam\u0131z\u0131n \u00dc\u00e7\u00fcnc\u00fc Taraf Fonlar\u0131 Vakf\u0131 yoktur ve bu nedenle \u00fc\u00e7\u00fcnc\u00fc taraf fonlar\u0131 alamaz. \u00c7al\u0131\u015fma saatleriPazartesi 09:00 - 18:00 Sal\u0131 09:00 - 18:00 \u00c7ar\u015famba 09:00 - 18:00 Per\u015fembe 09:00 - 18:00 Cuma 09:00 - 18:00 Cumartesi Kapal\u0131 Pazar Kapal\u0131","protected":false},"author":2,"featured_media":0,"parent":0,"menu_order":0,"comment_status":"closed","ping_status":"closed","template":"","meta":{"footnotes":""},"class_list":["post-21511","page","type-page","status-publish","hentry"],"yoast_head":"<!-- This site is optimized with the Yoast SEO plugin v23.3 - https:\/\/yoast.com\/wordpress\/plugins\/seo\/ -->\n<title>Neem contact op met YYO Letselschade advocaat<\/title>\n<meta name=\"description\" content=\"Op zoek naar advies of rechtsbijstand op het gebied van letselschade, overlijdensschade of affectieschade? Hier vind je onze contactgegevens.\" \/>\n<meta name=\"robots\" content=\"index, follow, max-snippet:-1, max-image-preview:large, max-video-preview:-1\" \/>\n<link rel=\"canonical\" href=\"https:\/\/yyo.nl\/tr\/contact\/\" \/>\n<meta property=\"og:locale\" content=\"tr_TR\" \/>\n<meta property=\"og:type\" content=\"article\" \/>\n<meta property=\"og:title\" content=\"Neem contact op met YYO Letselschade advocaat\" \/>\n<meta property=\"og:description\" content=\"Op zoek naar advies of rechtsbijstand op het gebied van letselschade, overlijdensschade of affectieschade? Hier vind je onze contactgegevens.\" \/>\n<meta property=\"og:url\" content=\"https:\/\/yyo.nl\/tr\/contact\/\" \/>\n<meta property=\"og:site_name\" content=\"YYO Letselschadeadvocaat Rotterdam\" \/>\n<meta property=\"article:modified_time\" content=\"2024-09-01T11:14:37+00:00\" \/>\n<meta name=\"twitter:card\" content=\"summary_large_image\" \/>\n<meta name=\"twitter:label1\" content=\"Tahmini okuma s\u00fcresi\" \/>\n\t<meta name=\"twitter:data1\" content=\"3 dakika\" \/>\n<script type=\"application\/ld+json\" class=\"yoast-schema-graph\">{\"@context\":\"https:\/\/schema.org\",\"@graph\":[{\"@type\":\"WebPage\",\"@id\":\"https:\/\/yyo.nl\/contact\/\",\"url\":\"https:\/\/yyo.nl\/contact\/\",\"name\":\"Neem contact op met YYO Letselschade advocaat\",\"isPartOf\":{\"@id\":\"https:\/\/yyo.nl\/#website\"},\"datePublished\":\"2024-08-05T13:04:13+00:00\",\"dateModified\":\"2024-09-01T11:14:37+00:00\",\"description\":\"Op zoek naar advies of rechtsbijstand op het gebied van letselschade, overlijdensschade of affectieschade? Hier vind je onze contactgegevens.\",\"breadcrumb\":{\"@id\":\"https:\/\/yyo.nl\/contact\/#breadcrumb\"},\"inLanguage\":\"tr\",\"potentialAction\":[{\"@type\":\"ReadAction\",\"target\":[\"https:\/\/yyo.nl\/contact\/\"]}]},{\"@type\":\"BreadcrumbList\",\"@id\":\"https:\/\/yyo.nl\/contact\/#breadcrumb\",\"itemListElement\":[{\"@type\":\"ListItem\",\"position\":1,\"name\":\"Home\",\"item\":\"https:\/\/yyo.nl\/\"},{\"@type\":\"ListItem\",\"position\":2,\"name\":\"Contact\"}]},{\"@type\":\"WebSite\",\"@id\":\"https:\/\/yyo.nl\/#website\",\"url\":\"https:\/\/yyo.nl\/\",\"name\":\"YYO Letselschadeadvocaat Rotterdam\",\"description\":\"Letselschadeadvocaat Rotterdam\",\"potentialAction\":[{\"@type\":\"SearchAction\",\"target\":{\"@type\":\"EntryPoint\",\"urlTemplate\":\"https:\/\/yyo.nl\/?s={search_term_string}\"},\"query-input\":\"required name=search_term_string\"}],\"inLanguage\":\"tr\"}]}<\/script>\n<!-- \/ Yoast SEO plugin. -->","yoast_head_json":{"title":"Neem contact op met YYO Letselschade advocaat","description":"Op zoek naar advies of rechtsbijstand op het gebied van letselschade, overlijdensschade of affectieschade? Hier vind je onze contactgegevens.","robots":{"index":"index","follow":"follow","max-snippet":"max-snippet:-1","max-image-preview":"max-image-preview:large","max-video-preview":"max-video-preview:-1"},"canonical":"https:\/\/yyo.nl\/tr\/contact\/","og_locale":"tr_TR","og_type":"article","og_title":"Neem contact op met YYO Letselschade advocaat","og_description":"Op zoek naar advies of rechtsbijstand op het gebied van letselschade, overlijdensschade of affectieschade? Hier vind je onze contactgegevens.","og_url":"https:\/\/yyo.nl\/tr\/contact\/","og_site_name":"YYO Letselschadeadvocaat Rotterdam","article_modified_time":"2024-09-01T11:14:37+00:00","twitter_card":"summary_large_image","twitter_misc":{"Tahmini okuma s\u00fcresi":"3 dakika"},"schema":{"@context":"https:\/\/schema.org","@graph":[{"@type":"WebPage","@id":"https:\/\/yyo.nl\/contact\/","url":"https:\/\/yyo.nl\/contact\/","name":"Neem contact op met YYO Letselschade advocaat","isPartOf":{"@id":"https:\/\/yyo.nl\/#website"},"datePublished":"2024-08-05T13:04:13+00:00","dateModified":"2024-09-01T11:14:37+00:00","description":"Op zoek naar advies of rechtsbijstand op het gebied van letselschade, overlijdensschade of affectieschade? Hier vind je onze contactgegevens.","breadcrumb":{"@id":"https:\/\/yyo.nl\/contact\/#breadcrumb"},"inLanguage":"tr","potentialAction":[{"@type":"ReadAction","target":["https:\/\/yyo.nl\/contact\/"]}]},{"@type":"BreadcrumbList","@id":"https:\/\/yyo.nl\/contact\/#breadcrumb","itemListElement":[{"@type":"ListItem","position":1,"name":"Home","item":"https:\/\/yyo.nl\/"},{"@type":"ListItem","position":2,"name":"Contact"}]},{"@type":"WebSite","@id":"https:\/\/yyo.nl\/#website","url":"https:\/\/yyo.nl\/","name":"YYO Letselschadeadvocaat Rotterdam","description":"Letselschadeadvocaat Rotterdam","potentialAction":[{"@type":"SearchAction","target":{"@type":"EntryPoint","urlTemplate":"https:\/\/yyo.nl\/?s={search_term_string}"},"query-input":"required name=search_term_string"}],"inLanguage":"tr"}]}},"_links":{"self":[{"href":"https:\/\/yyo.nl\/tr\/wp-json\/wp\/v2\/pages\/21511"}],"collection":[{"href":"https:\/\/yyo.nl\/tr\/wp-json\/wp\/v2\/pages"}],"about":[{"href":"https:\/\/yyo.nl\/tr\/wp-json\/wp\/v2\/types\/page"}],"author":[{"embeddable":true,"href":"https:\/\/yyo.nl\/tr\/wp-json\/wp\/v2\/users\/2"}],"replies":[{"embeddable":true,"href":"https:\/\/yyo.nl\/tr\/wp-json\/wp\/v2\/comments?post=21511"}],"version-history":[{"count":14,"href":"https:\/\/yyo.nl\/tr\/wp-json\/wp\/v2\/pages\/21511\/revisions"}],"predecessor-version":[{"id":21760,"href":"https:\/\/yyo.nl\/tr\/wp-json\/wp\/v2\/pages\/21511\/revisions\/21760"}],"wp:attachment":[{"href":"https:\/\/yyo.nl\/tr\/wp-json\/wp\/v2\/media?parent=21511"}],"curies":[{"name":"wp","href":"https:\/\/api.w.org\/{rel}","templated":true}]}}