{"id":21521,"date":"2024-08-05T13:11:14","date_gmt":"2024-08-05T13:11:14","guid":{"rendered":"https:\/\/yyo.nl\/?page_id=21521"},"modified":"2024-09-01T13:15:08","modified_gmt":"2024-09-01T11:15:08","slug":"werkwijze","status":"publish","type":"page","link":"https:\/\/yyo.nl\/tr\/werkwijze\/","title":{"rendered":"\u00c7al\u0131\u015fma y\u00f6ntemi"},"content":{"rendered":"<div class=\"wpb-content-wrapper\"><section class=\"vc_row wpb_row vc_row-fluid  vc_custom_1722862787258\"><div class=\"wpb_column vc_column_container vc_col-sm-12  col-xs-mobile-fullwidth\"><div class=\"vc_column-inner\"><div class=\"wpb_wrapper\"><div class=\"last-paragraph-no-margin\"><h2>Ki\u015fisel yaralanma uzmanlar\u0131 olarak yakla\u015f\u0131m\u0131m\u0131z<\/h2>\n<p>Bu sayfada, yakla\u015f\u0131m\u0131m\u0131z\u0131 ke\u015ffedecek ve s\u0131k\u00e7a sorulan sorular\u0131 yan\u0131tlayacaks\u0131n\u0131z. \u00d6rne\u011fin, size ki\u015fisel yaralanma avukat\u0131 maliyetleri hakk\u0131nda daha fazla bilgi veriyor ve bir ki\u015fisel yaralanma avukat\u0131 ile bir ki\u015fisel yaralanma acentesinin sizin i\u00e7in yapabilecekleri aras\u0131ndaki fark\u0131 a\u00e7\u0131kl\u0131yoruz.<\/p>\n<h2>Bir ki\u015fisel yaralanma avukat\u0131 ne yapar?<\/h2>\n<p>Yaralanmalar k\u00f6t\u00fc \u015fans ya da ba\u015fka birinin hatas\u0131 nedeniyle meydana gelebilir. \u0130kinci durumda, ki\u015fisel yaralanma tazminat\u0131 almaya hak kazanabilirsiniz. Maddi hasar ve manevi hasar aras\u0131nda ayr\u0131m yap\u0131yoruz. Ki\u015fisel yaralanma ile ilgili sayfada daha fazla a\u00e7\u0131klama bulabilirsiniz {LINK Yasal alanlar\/Yasal yaralanma}.<\/p>\n<p>Bir ki\u015fisel yaralanma avukat\u0131, sorumlu taraftan adil bir tazminat alman\u0131z\u0131 sa\u011flamak i\u00e7in size \u00e7e\u015fitli \u015fekillerde yard\u0131mc\u0131 olacakt\u0131r.<\/p>\n<p>Bu hizmetlerden biri veya birka\u00e7\u0131 konusunda size yard\u0131mc\u0131 olabiliriz:<\/p>\n<ul>\n<li><strong>Yasal tavsiye: <\/strong>Haklar\u0131n\u0131z\u0131n neler oldu\u011funu ve durumunuzda hangi se\u00e7eneklere sahip oldu\u011funuzu anlaman\u0131za yard\u0131mc\u0131 oluyoruz.<\/li>\n<li><strong>Kan\u0131t toplama<\/strong>: Davan\u0131z\u0131 desteklemek i\u00e7in yeterli ve do\u011fru kan\u0131tlar\u0131 toplaman\u0131za ve d\u00fczenlemenize yard\u0131mc\u0131 oluyoruz. T\u0131bbi raporlar, tan\u0131k ifadeleri, foto\u011fraflar, videolar, faturalar, notlar ve dava ile ilgili veya ilgili taraflarla yap\u0131lan yaz\u0131\u015fmalar\u0131 dikkate al\u0131n.<\/li>\n<li><strong>M\u00fczakerelerin y\u00fcr\u00fct\u00fclmesi<\/strong>: Adil bir tazminat elde etmek i\u00e7in kar\u015f\u0131 taraf veya sigortac\u0131s\u0131 ile sizin ad\u0131n\u0131za m\u00fczakereler y\u00fcr\u00fct\u00fcyoruz.<\/li>\n<li><strong>Yasal i\u015flem ba\u015flatmak<\/strong>: Gerekirse, haklar\u0131n\u0131z\u0131 savunmak ve adil bir tazminat elde etmek i\u00e7in yasal i\u015flemleri ba\u015flataca\u011f\u0131z.<\/li>\n<\/ul>\n<h2>Bir ki\u015fisel yaralanma acentesi ile bir ki\u015fisel yaralanma avukat\u0131 aras\u0131ndaki fark nedir?<\/h2>\n<p>Ki\u015fisel yaralanma i\u00e7in yasal yard\u0131m ar\u0131yorsan\u0131z, ki\u015fisel yaralanma acentesi ile ki\u015fisel yaralanma avukat\u0131 aras\u0131nda bir fark oldu\u011funu bilmeniz \u00f6nemlidir.<\/p>\n<p>Bir ki\u015fisel yaralanma acentesi, tavsiye, kan\u0131t toplama ve sigortac\u0131larla m\u00fczakere gibi hukuki yard\u0131m sa\u011flayan avukatlarla birlikte \u00e7al\u0131\u015f\u0131r. Bir acenteye ba\u011fl\u0131 uzman bir ki\u015fisel yaralanma uzman\u0131 bir avukatt\u0131r, ancak genellikle bir ki\u015fisel yaralanma avukat\u0131 de\u011fildir. Dolay\u0131s\u0131yla bu ki\u015fi, davan\u0131z i\u00e7in gerekli olmas\u0131 halinde mahkemeye gitme yetkisine sahip de\u011fildir.<\/p>\n<p>Ayr\u0131ca, adli yard\u0131m sigortan\u0131zdan size yard\u0131mc\u0131 olan ki\u015filer ki\u015fisel yaralanma uzmanlar\u0131d\u0131r, ancak genellikle avukat de\u011fildirler.<\/p>\n<p>Bu nedenle, bir ki\u015fisel yaralanma avukat\u0131 daha karma\u015f\u0131k vakalarda daha eksiksiz destek sa\u011flayabilir.<\/p>\n<h2>Peki ya ki\u015fisel yaralanma avukat \u00fccretleri?<\/h2>\n<p>Bir yaralanma avukat\u0131 tutmak pahal\u0131 olmak zorunda de\u011fildir. Genellikle, sorumlulu\u011fu kabul etmeleri halinde hukuki yard\u0131m masraflar\u0131 kar\u015f\u0131 taraf\u00e7a kar\u015f\u0131lan\u0131r. Bu durum kanunla d\u00fczenlenmi\u015ftir. Ancak, avukat\u0131n masraflar\u0131 dava ve u\u011fran\u0131lan zararla orant\u0131l\u0131 olmal\u0131d\u0131r.<\/p>\n<p>Sorumlu taraf ki\u015fisel yaralanman\u0131z\u0131 kabul etmezse, kan\u0131tlarla bir dava olu\u015fturman\u0131za yard\u0131mc\u0131 olabilir ve yine de di\u011fer taraf\u0131 sorumlu tutabiliriz. Bu durumda, i\u015f ve maliyetler hakk\u0131nda net anla\u015fmalar yapaca\u011f\u0131z.<\/p>\n<p>'Tedavi yoksa \u00f6deme de yok', \u00fccretsiz hizmet se\u00e7eneklerinden biridir. Bu durumda, sunulan hizmetlerin bir \u00f6d\u00fcl\u00fc olarak tazminat\u0131n bir y\u00fczdesini b\u0131rak\u0131rs\u0131n\u0131z. Bunu yaparak herhangi bir finansal risk almazs\u0131n\u0131z. Alternatif olarak, hukuki yard\u0131m\u0131n makul masraflar\u0131n\u0131 kar\u015f\u0131layacak sabit bir tutar \u00fczerinde de anla\u015fabiliriz.<\/p>\n<p>Daha fazlas\u0131n\u0131 \u00f6\u011frenmek ister misiniz? Ki\u015fisel yaralanma avukat \u00fccretleri hakk\u0131ndaki sorular\u0131n\u0131z i\u00e7in do\u011frudan bizimle ileti\u015fime ge\u00e7in {LINK \u0130leti\u015fim}.<\/p>\n<h2>Sizin i\u00e7in en iyi ki\u015fisel yaralanma avukat\u0131 hangisi?<\/h2>\n<p>Sizin i\u00e7in en iyi ki\u015fisel yaralanma avukat\u0131, \u00e7\u0131karlar\u0131n\u0131z i\u00e7in m\u00fccadele edece\u011fine g\u00fcvendi\u011finiz ki\u015fidir. Her vaka farkl\u0131d\u0131r ve her ma\u011fdurun ki\u015fisel bir hedefi vard\u0131r. Bu, maksimum tazminat elde etmek veya her iki taraf i\u00e7in de adil bir anla\u015fma yapmak olabilir. \u00c7o\u011fu durumda, sizin i\u00e7in her ikisini de ba\u015farabiliriz. Riskleriniz ve \u015fans\u0131n\u0131z konusunda a\u00e7\u0131k davran\u0131r, net a\u00e7\u0131klamalar ve d\u00fcr\u00fcst tavsiyeler veririz.<\/p>\n<p>\u00c7al\u0131\u015fma y\u00f6ntemimiz, davan\u0131z\u0131 m\u00fcmk\u00fcn olan en iyi \u015fekilde ele almak i\u00e7in yap\u0131land\u0131r\u0131lm\u0131\u015f ve m\u00fc\u015fteri merkezli bir yakla\u015f\u0131mla karakterize edilir.<\/p>\n<ol>\n<li>Durumunuzu tam olarak anlamak ve size uygun tavsiyelerde bulunmak i\u00e7in \u00f6ncelikle sizinle telefonla ileti\u015fime ge\u00e7mek isteriz.<\/li>\n<li>Daha sonra ki\u015fisel bir randevu al\u0131yoruz. Bu g\u00f6r\u00fc\u015fmede detaylar\u0131 konu\u015fuyor ve kararla\u015ft\u0131r\u0131lan hizmetler i\u00e7in bir anla\u015fma imzal\u0131yoruz.<\/li>\n<li>Soru\u015fturma a\u015famas\u0131nda, gerekirse bir t\u0131bbi dan\u0131\u015fmana dan\u0131\u015farak kapsaml\u0131 bir ara\u015ft\u0131rma yap\u0131yoruz. Detaylar\u0131n \u00e7o\u011fu zaman bir davada belirleyici fakt\u00f6r oldu\u011funu bildi\u011fimizden, t\u00fcm belgeleri titizlikle inceliyoruz.<\/li>\n<li>Kar\u015f\u0131 taraf\u0131n sorumlulu\u011fu kabul etmesi halinde, sizin i\u00e7in uygun bir tazminat g\u00f6r\u00fc\u015fmesi yapaca\u011f\u0131z. Anla\u015fma sa\u011flanamazsa veya teklif edilen tazminat\u0131n yaralanmayla orant\u0131s\u0131z oldu\u011funu kan\u0131tlayabilirsek, yasal i\u015flemleri ba\u015flataca\u011f\u0131z. Sorumlulu\u011fun kar\u015f\u0131 taraf\u00e7a ba\u015ftan kabul edilmemesi halinde, davay\u0131 do\u011frudan dava a\u015famas\u0131na getiririz.<\/li>\n<\/ol>\n<p>YYO, Avrupa Birli\u011fi'ne ba\u011fl\u0131 <a href=\"https:\/\/zoekeenadvocaat.advocatenorde.nl\/advocaten\/rotterdam\/de-heer-mr-m-yavuzyigitoglu\/11902387454\">Hollanda Barolar Birli\u011fi<\/a>. \u015eu ana kadar ki\u015fisel yaralanma davalar\u0131ndaki t\u00fcm davalar\u0131 kazand\u0131\u011f\u0131m\u0131z\u0131 veya sonunda bir anla\u015fmaya vard\u0131\u011f\u0131m\u0131z\u0131 gururla s\u00f6yleyebiliriz.<\/p>\n<p>Trafik kazas\u0131, end\u00fcstriyel kaza veya t\u0131bbi uygulama hatas\u0131 ma\u011fduru oldu\u011funuz i\u00e7in bir ki\u015fisel yaralanma avukat\u0131na m\u0131 ihtiyac\u0131n\u0131z var? O halde daha fazla bilgi ve hukuki yard\u0131m i\u00e7in bizimle ileti\u015fime ge\u00e7in. 010 - 766 1453 numaral\u0131 telefonu aray\u0131n veya info@yyo.nl adresine e-posta g\u00f6nderin. Avukat\u0131n\u0131z olmaktan mutluluk duyuyoruz ve size yard\u0131m etmeye haz\u0131r\u0131z.<\/p>\n<\/div><\/div><\/div><\/div><\/section>\n<\/div>","protected":false},"excerpt":{"rendered":"Ki\u015fisel yaralanma uzmanlar\u0131 olarak yakla\u015f\u0131m\u0131m\u0131z Bu sayfada, yakla\u015f\u0131m\u0131m\u0131z\u0131 ke\u015ffedecek ve s\u0131k sorulan sorular\u0131 yan\u0131tlayacaks\u0131n\u0131z. \u00d6rne\u011fin, size ki\u015fisel yaralanma avukat\u0131 maliyetleri hakk\u0131nda daha fazla bilgi veriyor ve bir ki\u015fisel yaralanma avukat\u0131 ile bir ki\u015fisel yaralanma acentesinin sizin i\u00e7in yapabilecekleri aras\u0131ndaki fark\u0131 a\u00e7\u0131kl\u0131yoruz. Bir ki\u015fisel yaralanma avukat\u0131 ne yapar? Yaralanmalar k\u00f6t\u00fc \u015fans ya da ba\u015fka birinin hatas\u0131 nedeniyle meydana gelebilir. \u0130kinci durumda, ki\u015fisel yaralanma tazminat\u0131 almaya hak kazanabilirsiniz. Maddi hasar ve manevi hasar aras\u0131nda ayr\u0131m yap\u0131yoruz. Ki\u015fisel yaralanma ile ilgili sayfada daha fazla a\u00e7\u0131klama bulabilirsiniz {LINK Hukuk alanlar\u0131\/Hukuki yaralanma}. Bir ki\u015fisel yaralanma avukat\u0131, sorumlu taraftan adil bir tazminat alman\u0131z\u0131 sa\u011flamak i\u00e7in size \u00e7e\u015fitli \u015fekillerde yard\u0131mc\u0131 olacakt\u0131r. Bu hizmetlerden biri veya birka\u00e7\u0131 ile size yard\u0131mc\u0131 olabiliriz: Hukuki dan\u0131\u015fmanl\u0131k: Haklar\u0131n\u0131z\u0131n neler oldu\u011funu ve i\u00e7inde bulundu\u011funuz durumda hangi se\u00e7eneklere sahip oldu\u011funuzu anlaman\u0131za yard\u0131mc\u0131 oluruz. Kan\u0131t toplama: Davan\u0131z\u0131 desteklemek i\u00e7in yeterli ve do\u011fru kan\u0131tlar\u0131 toplaman\u0131za ve d\u00fczenlemenize yard\u0131mc\u0131 oluyoruz. T\u0131bbi raporlar, tan\u0131k ifadeleri, foto\u011fraflar, videolar, faturalar, notlar ve dava hakk\u0131nda veya ilgili taraflarla yap\u0131lan yaz\u0131\u015fmalar\u0131 d\u00fc\u015f\u00fcn\u00fcn. M\u00fczakereleri y\u00fcr\u00fctmek: Adil bir tazminat elde etmek i\u00e7in kar\u015f\u0131 taraf veya sigortac\u0131s\u0131 ile sizin ad\u0131n\u0131za m\u00fczakereler y\u00fcr\u00fct\u00fcyoruz...","protected":false},"author":2,"featured_media":0,"parent":0,"menu_order":0,"comment_status":"closed","ping_status":"closed","template":"","meta":{"footnotes":""},"class_list":["post-21521","page","type-page","status-publish","hentry"],"yoast_head":"<!-- This site is optimized with the Yoast SEO plugin v23.3 - https:\/\/yoast.com\/wordpress\/plugins\/seo\/ -->\n<title>YYO Letselschadeadvocaat werkwijze<\/title>\n<meta name=\"description\" content=\"Wat doet een letselschade advocaat? En hoe vind je de juiste advocaat voor jou om een eerlijke letselschade vergoeding te claimen? Ontdek hoe we werken.\" \/>\n<meta name=\"robots\" content=\"index, follow, max-snippet:-1, max-image-preview:large, max-video-preview:-1\" \/>\n<link rel=\"canonical\" href=\"https:\/\/yyo.nl\/tr\/werkwijze\/\" \/>\n<meta property=\"og:locale\" content=\"tr_TR\" \/>\n<meta property=\"og:type\" content=\"article\" \/>\n<meta property=\"og:title\" content=\"YYO Letselschadeadvocaat werkwijze\" \/>\n<meta property=\"og:description\" content=\"Wat doet een letselschade advocaat? En hoe vind je de juiste advocaat voor jou om een eerlijke letselschade vergoeding te claimen? Ontdek hoe we werken.\" \/>\n<meta property=\"og:url\" content=\"https:\/\/yyo.nl\/tr\/werkwijze\/\" \/>\n<meta property=\"og:site_name\" content=\"YYO Letselschadeadvocaat Rotterdam\" \/>\n<meta property=\"article:modified_time\" content=\"2024-09-01T11:15:08+00:00\" \/>\n<meta name=\"twitter:card\" content=\"summary_large_image\" \/>\n<meta name=\"twitter:label1\" content=\"Tahmini okuma s\u00fcresi\" \/>\n\t<meta name=\"twitter:data1\" content=\"5 dakika\" \/>\n<script type=\"application\/ld+json\" class=\"yoast-schema-graph\">{\"@context\":\"https:\/\/schema.org\",\"@graph\":[{\"@type\":\"WebPage\",\"@id\":\"https:\/\/yyo.nl\/werkwijze\/\",\"url\":\"https:\/\/yyo.nl\/werkwijze\/\",\"name\":\"YYO Letselschadeadvocaat werkwijze\",\"isPartOf\":{\"@id\":\"https:\/\/yyo.nl\/#website\"},\"datePublished\":\"2024-08-05T13:11:14+00:00\",\"dateModified\":\"2024-09-01T11:15:08+00:00\",\"description\":\"Wat doet een letselschade advocaat? En hoe vind je de juiste advocaat voor jou om een eerlijke letselschade vergoeding te claimen? Ontdek hoe we werken.\",\"breadcrumb\":{\"@id\":\"https:\/\/yyo.nl\/werkwijze\/#breadcrumb\"},\"inLanguage\":\"tr\",\"potentialAction\":[{\"@type\":\"ReadAction\",\"target\":[\"https:\/\/yyo.nl\/werkwijze\/\"]}]},{\"@type\":\"BreadcrumbList\",\"@id\":\"https:\/\/yyo.nl\/werkwijze\/#breadcrumb\",\"itemListElement\":[{\"@type\":\"ListItem\",\"position\":1,\"name\":\"Home\",\"item\":\"https:\/\/yyo.nl\/\"},{\"@type\":\"ListItem\",\"position\":2,\"name\":\"Werkwijze\"}]},{\"@type\":\"WebSite\",\"@id\":\"https:\/\/yyo.nl\/#website\",\"url\":\"https:\/\/yyo.nl\/\",\"name\":\"YYO Letselschadeadvocaat Rotterdam\",\"description\":\"Letselschadeadvocaat Rotterdam\",\"potentialAction\":[{\"@type\":\"SearchAction\",\"target\":{\"@type\":\"EntryPoint\",\"urlTemplate\":\"https:\/\/yyo.nl\/?s={search_term_string}\"},\"query-input\":\"required name=search_term_string\"}],\"inLanguage\":\"tr\"}]}<\/script>\n<!-- \/ Yoast SEO plugin. -->","yoast_head_json":{"title":"YYO Letselschadeadvocaat werkwijze","description":"Wat doet een letselschade advocaat? En hoe vind je de juiste advocaat voor jou om een eerlijke letselschade vergoeding te claimen? Ontdek hoe we werken.","robots":{"index":"index","follow":"follow","max-snippet":"max-snippet:-1","max-image-preview":"max-image-preview:large","max-video-preview":"max-video-preview:-1"},"canonical":"https:\/\/yyo.nl\/tr\/werkwijze\/","og_locale":"tr_TR","og_type":"article","og_title":"YYO Letselschadeadvocaat werkwijze","og_description":"Wat doet een letselschade advocaat? En hoe vind je de juiste advocaat voor jou om een eerlijke letselschade vergoeding te claimen? Ontdek hoe we werken.","og_url":"https:\/\/yyo.nl\/tr\/werkwijze\/","og_site_name":"YYO Letselschadeadvocaat Rotterdam","article_modified_time":"2024-09-01T11:15:08+00:00","twitter_card":"summary_large_image","twitter_misc":{"Tahmini okuma s\u00fcresi":"5 dakika"},"schema":{"@context":"https:\/\/schema.org","@graph":[{"@type":"WebPage","@id":"https:\/\/yyo.nl\/werkwijze\/","url":"https:\/\/yyo.nl\/werkwijze\/","name":"YYO Letselschadeadvocaat werkwijze","isPartOf":{"@id":"https:\/\/yyo.nl\/#website"},"datePublished":"2024-08-05T13:11:14+00:00","dateModified":"2024-09-01T11:15:08+00:00","description":"Wat doet een letselschade advocaat? En hoe vind je de juiste advocaat voor jou om een eerlijke letselschade vergoeding te claimen? Ontdek hoe we werken.","breadcrumb":{"@id":"https:\/\/yyo.nl\/werkwijze\/#breadcrumb"},"inLanguage":"tr","potentialAction":[{"@type":"ReadAction","target":["https:\/\/yyo.nl\/werkwijze\/"]}]},{"@type":"BreadcrumbList","@id":"https:\/\/yyo.nl\/werkwijze\/#breadcrumb","itemListElement":[{"@type":"ListItem","position":1,"name":"Home","item":"https:\/\/yyo.nl\/"},{"@type":"ListItem","position":2,"name":"Werkwijze"}]},{"@type":"WebSite","@id":"https:\/\/yyo.nl\/#website","url":"https:\/\/yyo.nl\/","name":"YYO Letselschadeadvocaat Rotterdam","description":"Letselschadeadvocaat Rotterdam","potentialAction":[{"@type":"SearchAction","target":{"@type":"EntryPoint","urlTemplate":"https:\/\/yyo.nl\/?s={search_term_string}"},"query-input":"required name=search_term_string"}],"inLanguage":"tr"}]}},"_links":{"self":[{"href":"https:\/\/yyo.nl\/tr\/wp-json\/wp\/v2\/pages\/21521"}],"collection":[{"href":"https:\/\/yyo.nl\/tr\/wp-json\/wp\/v2\/pages"}],"about":[{"href":"https:\/\/yyo.nl\/tr\/wp-json\/wp\/v2\/types\/page"}],"author":[{"embeddable":true,"href":"https:\/\/yyo.nl\/tr\/wp-json\/wp\/v2\/users\/2"}],"replies":[{"embeddable":true,"href":"https:\/\/yyo.nl\/tr\/wp-json\/wp\/v2\/comments?post=21521"}],"version-history":[{"count":1,"href":"https:\/\/yyo.nl\/tr\/wp-json\/wp\/v2\/pages\/21521\/revisions"}],"predecessor-version":[{"id":21522,"href":"https:\/\/yyo.nl\/tr\/wp-json\/wp\/v2\/pages\/21521\/revisions\/21522"}],"wp:attachment":[{"href":"https:\/\/yyo.nl\/tr\/wp-json\/wp\/v2\/media?parent=21521"}],"curies":[{"name":"wp","href":"https:\/\/api.w.org\/{rel}","templated":true}]}}