{"id":21622,"date":"2024-08-09T14:54:22","date_gmt":"2024-08-09T14:54:22","guid":{"rendered":"https:\/\/yyo.nl\/?page_id=21622"},"modified":"2024-09-01T13:16:50","modified_gmt":"2024-09-01T11:16:50","slug":"letselschade","status":"publish","type":"page","link":"https:\/\/yyo.nl\/tr\/rechtsgebieden\/letselschade\/","title":{"rendered":"Ki\u015fisel yaralanma"},"content":{"rendered":"<div class=\"wpb-content-wrapper\"><section class=\"vc_row wpb_row vc_row-fluid  vc_custom_1722862787258\"><div class=\"wpb_column vc_column_container vc_col-sm-12  col-xs-mobile-fullwidth\"><div class=\"vc_column-inner\"><div class=\"wpb_wrapper\"><div class=\"last-paragraph-no-margin\"><h2>Ne zaman ki\u015fisel yaralanma avukat\u0131 tutmal\u0131<\/h2>\n<p>\u00d6rne\u011fin bir trafik kazas\u0131, end\u00fcstriyel kaza veya t\u0131bbi hata nedeniyle ki\u015fisel yaralanmaya maruz kald\u0131\u011f\u0131n\u0131zda, bu durum k\u00fc\u00e7\u00fck yaralanmalardan geni\u015f kapsaml\u0131 sonu\u00e7lar\u0131 olan ciddi yaralanmalara kadar de\u011fi\u015febilir. Fiziksel hasar ve yaralanmalar\u0131n yan\u0131 s\u0131ra psikolojik yaralanmalar\u0131 da kaps\u0131yoruz.<\/p>\n<p>Neyse ki, \u00e7o\u011fu kazada meydana gelen hasar ciddi de\u011fildir ve tazminat\u0131n \u00f6denmesi i\u00e7in her zaman yasal yard\u0131ma ihtiyac\u0131n\u0131z olmayacakt\u0131r. Yine de, hayat\u0131n\u0131z\u0131 \u00f6nemli \u00f6l\u00e7\u00fcde de\u011fi\u015ftiren hasarlarla b\u00fcy\u00fck bir \u015fanss\u0131zl\u0131k ya\u015fayabilirsiniz.<\/p>\n<p>\u00d6rne\u011fin, kam\u00e7\u0131 darbesinin veya i\u015f yerinde merdivenlerden d\u00fc\u015fmenin kal\u0131c\u0131 etkilerini her zaman do\u011fru bir \u015fekilde de\u011ferlendiremezsiniz. Bazen \u00f6nceden d\u00fc\u015f\u00fcnd\u00fc\u011f\u00fcn\u00fczden \u00e7ok daha uzun bir s\u00fcre tedavi alt\u0131nda kalabilirsiniz. Bu gibi durumlarda ve ciddi ki\u015fisel yaralanma vakalar\u0131nda kar\u015f\u0131 taraf\u0131 sorumlu tutabilirsiniz.<\/p>\n<p>T\u00fcm masraflar\u0131 kar\u015f\u0131layan ve etkiyi kapsayan adil bir tazminat talep edebilece\u011finizi bilmeniz \u00f6nemlidir. Maddi kay\u0131p maliyetlerinin yan\u0131 s\u0131ra, iyile\u015fme ve rehabilitasyon i\u00e7in tazminat anlam\u0131na da gelir. Bu nedenle deneyimli bir ki\u015fisel yaralanma avukat\u0131ndan tavsiye almak ak\u0131ll\u0131ca olacakt\u0131r. Sizi yasal i\u015flemlerde destekleyecek ve sigorta \u015firketleriyle pazarl\u0131k yapacak biri.<\/p>\n<h2>Ki\u015fisel yaralanma tam olarak nedir?<\/h2>\n<p>Ki\u015fisel yaralanma, bir ki\u015finin bir kaza veya olay nedeniyle fiziksel veya zihinsel olarak yaralanmas\u0131 sonucu u\u011frad\u0131\u011f\u0131 zarard\u0131r. Ki\u015fisel yaralanma hem maddi hasar\u0131 (t\u0131bbi masraflar ve gelir kayb\u0131 gibi) hem de manevi hasar\u0131 (fiziksel ac\u0131 ve psikolojik s\u0131k\u0131nt\u0131 gibi) i\u00e7erir.<\/p>\n<p>En yayg\u0131n ki\u015fisel yaralanma vakalar\u0131 trafik kazalar\u0131, end\u00fcstriyel kazalar ve t\u0131bbi hatalarda ortaya \u00e7\u0131kmaktad\u0131r. Di\u011fer baz\u0131 \u00f6rnekler \u015funlard\u0131r:<\/p>\n<ul>\n<li>Bak\u0131m veya g\u00fcvenlik ihmali nedeniyle spor yaralanmalar\u0131<\/li>\n<li>Sald\u0131r\u0131, k\u00f6t\u00fc muamele veya istismar durumunda<\/li>\n<li>K\u00f6pek \u0131s\u0131r\u0131\u011f\u0131 veya ba\u015fka bir sald\u0131rgan hayvan\u0131n \u0131s\u0131r\u0131k ve pen\u00e7elerinin neden oldu\u011fu hasar gibi hayvan sald\u0131r\u0131lar\u0131<\/li>\n<li>K\u00f6t\u00fc bak\u0131m veya uyar\u0131lardaki ihmal nedeniyle kamuya a\u00e7\u0131k alanlarda meydana gelen bir kaza (\u00f6rne\u011fin bir d\u00fckkanda k\u0131r\u0131k bir kald\u0131r\u0131m veya kaygan zemin)<\/li>\n<li>\u0130\u015f yerinde veya \u00e7evrede asbest veya kimyasallar gibi tehlikeli zararl\u0131 maddelere maruz kalma<\/li>\n<\/ul>\n<h2>Hangi durumlarda ki\u015fisel yaralanma avukat\u0131 tutars\u0131n\u0131z?<\/h2>\n<p><strong>Ciddi yaralanma durumunda<\/strong><\/p>\n<p>\u00d6zellikle ciddi yaralanmalarda, bir ki\u015fisel yaralanma avukat\u0131ndan hukuki yard\u0131m almak \u00e7ok \u00f6nemlidir. Ciddi yaralanmalar\u0131n sonu\u00e7lar\u0131n\u0131 genellikle meydana geldikten hemen sonra de\u011ferlendiremezsiniz. Uzun s\u00fcreli t\u0131bbi tedaviler, rehabilitasyon ve bazen kal\u0131c\u0131 sakatl\u0131k gibi olas\u0131 sonu\u00e7lar bazen ancak bir s\u00fcre sonra netle\u015fir. Bir avukat, kesin bir dava olu\u015fturman\u0131za ve t\u00fcm iyile\u015fme masraflar\u0131n\u0131 kar\u015f\u0131layacak do\u011fru tazminat\u0131 talep etmenize yard\u0131mc\u0131 olacakt\u0131r. Avukat\u0131n\u0131z mali sorunlarla kar\u015f\u0131la\u015fman\u0131z\u0131 \u00f6nlemeye yard\u0131mc\u0131 olacakt\u0131r.<\/p>\n<p><strong>Karma\u015f\u0131k bir durumda<\/strong><\/p>\n<p>Ki\u015fisel yaralanma davalar\u0131 genellikle karma\u015f\u0131kt\u0131r. \u00d6zellikle de birden fazla taraf\u0131n dahil oldu\u011fu veya sorumlulu\u011fun belirsiz oldu\u011fu durumlarda. \u0130\u015fte bu durumda hukuki uzmanl\u0131k gereklidir. Yasal s\u00fcre\u00e7 boyunca size rehberlik edebilecek, do\u011fru kararlar verdi\u011finizden ve her \u015feyden \u00f6nce ilgili t\u00fcm taraflar\u0131n sorumlu tutuldu\u011fundan emin olabilecek biri.<\/p>\n<p><strong>Sorumluluk net de\u011filse<\/strong><\/p>\n<p>Baz\u0131 durumlarda, sorumluluk net de\u011fildir veya kar\u015f\u0131 taraf taraf\u0131ndan tart\u0131\u015fmal\u0131d\u0131r. Bu durumda ki\u015fisel yaralanma avukat\u0131n\u0131n g\u00f6revi kapsaml\u0131 kan\u0131t toplamakt\u0131r. Bu, bir dosyay\u0131 do\u011fru bir \u015fekilde derleyerek, tan\u0131klarla g\u00f6r\u00fc\u015ferek ve muhtemelen davay\u0131 g\u00fc\u00e7lendirmek i\u00e7in ek ad\u0131mlar atarak yap\u0131labilir.<\/p>\n<p><strong>Sigorta \u015firketleri ile g\u00f6r\u00fc\u015fmeler i\u00e7in<\/strong><\/p>\n<p>Bir\u00e7ok ki\u015fisel yaralanma davas\u0131 mahkemeye ta\u015f\u0131nmaz, sigorta \u015firketleri ile m\u00fczakere edilir. Ki\u015fisel yaralanma avukatlar\u0131 olarak, etkili bir \u015fekilde m\u00fczakere edebilecek deneyim ve becerilere sahibiz. Sigorta \u015firketlerinin bir davay\u0131 olabildi\u011fince h\u0131zl\u0131 ve avantajl\u0131 bir \u015fekilde \u00e7\u00f6zmek i\u00e7in kulland\u0131klar\u0131 taktikleri biliyoruz. Davan\u0131z\u0131 dikkatle de\u011ferlendirecek ve ki\u015fisel yaralanman\u0131z i\u00e7in adil bir tazminat i\u00e7in \u00e7al\u0131\u015faca\u011f\u0131z.<\/p>\n<h2>Ki\u015fisel yaralanma t\u00fcrleri<\/h2>\n<p>Kar\u015f\u0131la\u015fabilece\u011finiz farkl\u0131 ki\u015fisel yaralanma t\u00fcrleri vard\u0131r. Her t\u00fcrl\u00fc ki\u015fisel yaralanma konusunda size yard\u0131mc\u0131 olabiliriz. A\u015fa\u011f\u0131da, YYO Ki\u015fisel yaralanma avukat\u0131n\u0131n \u00fc\u00e7 ana kategorisini vurguluyoruz:<\/p>\n<p><strong>Trafik kazalar\u0131<\/strong><br \/>\n<a href=\"https:\/\/yyo.nl\/tr\/rechtsgebieden\/letselschade\/verkeersongeval\/\"><strong>Trafik kazalar\u0131<\/strong><\/a> maalesef her g\u00fcn meydana gelmekte ve pek \u00e7ok ki\u015fisel yaralanma kazas\u0131na neden olmaktad\u0131r. Bunlar aras\u0131nda araba kazalar\u0131n\u0131n yan\u0131 s\u0131ra giderek artan oranda bisiklet ve yaya kazalar\u0131 da yer almaktad\u0131r.<\/p>\n<p><strong>End\u00fcstriyel kazalar<\/strong><br \/>\n<a href=\"https:\/\/yyo.nl\/tr\/rechtsgebieden\/letselschade\/bedrijfsongeval\/\"><strong>End\u00fcstriyel kazalar<\/strong><\/a> g\u00fcvenli olmayan \u00e7al\u0131\u015fma ko\u015fullar\u0131, g\u00fcvenlik \u00f6nlemlerinin eksikli\u011fi veya ileti\u015fimsizlik nedeniyle meydana gelir. Bunlar aras\u0131nda d\u00fc\u015fmeler, makine yaralanmalar\u0131 ve tehlikeli maddelere maruz kalma gibi olaylar yer almaktad\u0131r.<\/p>\n<p><strong>T\u0131bbi hatalar<\/strong><br \/>\n<a href=\"https:\/\/yyo.nl\/tr\/rechtsgebieden\/letselschade\/medische-fout\/\"><strong>T\u0131bbi hatalar<\/strong><\/a>\u00a0sa\u011fl\u0131k hizmeti sa\u011flay\u0131c\u0131lar\u0131 uygun bak\u0131m\u0131 sa\u011flamad\u0131\u011f\u0131nda meydana gelir. Bu durum ciddi sa\u011fl\u0131k sorunlar\u0131na ve uzun vadeli t\u0131bbi sonu\u00e7lara yol a\u00e7abilir. Hatalar ve komplikasyonlar aras\u0131nda ayr\u0131m yapman\u0131n \u00f6nemli oldu\u011funu d\u00fc\u015f\u00fcn\u00fcyoruz. Daha fazlas\u0131n\u0131 sayfada bulabilirsiniz <a href=\"https:\/\/yyo.nl\/tr\/rechtsgebieden\/letselschade\/medische-fout\/\">'T\u0131bbi hatalar'.<\/a><\/p>\n<h2>Bununla birlikte, bir Ki\u015fisel yaralanma avukat\u0131 a\u015fa\u011f\u0131dakilere yard\u0131mc\u0131 olabilir<\/h2>\n<p>Ki\u015fisel yaralanma konusunda uzmanla\u015fm\u0131\u015f bir hukuk b\u00fcrosu olarak, hukuki dan\u0131\u015fmanl\u0131k ve yasal temsil sa\u011fl\u0131yoruz. \u00d6rne\u011fin, bir dava olu\u015fturmak i\u00e7in kan\u0131t topluyor, sorumlu tarafla m\u00fczakereler y\u00fcr\u00fct\u00fcyor veya uygun yasal i\u015flemleri ba\u015flat\u0131yoruz. Sa\u011flam tavsiyelerle kendi ba\u015f\u0131n\u0131za ilerleyebilirsiniz, ancak t\u00fcm davay\u0131 elinizden alabilir ve di\u011fer taraf\u0131 sorumlu tutabiliriz.<\/p>\n<p>YYO'nun ekibi ki\u015fisel yaralanma uzmanlar\u0131 ve destek personelinden olu\u015fmaktad\u0131r. Ki\u015fisel bir yakla\u015f\u0131mla \u00e7al\u0131\u015f\u0131yoruz ve sizi tan\u0131maktan ho\u015flan\u0131yoruz, \u00e7\u00fcnk\u00fc ancak o zaman davan\u0131z\u0131n bizimle emin ellerde olaca\u011f\u0131na inan\u0131yoruz. \u00c7o\u011fu durumda, hukuki yard\u0131m\u0131m\u0131z \u00fccretsizdir. Bu, sorumlu kar\u015f\u0131 taraf\u0131n tazminat\u0131n\u0131n bizim masraflar\u0131m\u0131z\u0131 kar\u015f\u0131lad\u0131\u011f\u0131 anlam\u0131na gelir. Daha fazla bilgiyi sayfada bulabilirsiniz <a href=\"https:\/\/yyo.nl\/tr\/werkwijze\/\">'Operasyon y\u00f6ntemi'<\/a>.<\/p>\n<p>Bir kaza veya aksilik ya\u015fad\u0131n\u0131z ve tavsiyeye mi ihtiyac\u0131n\u0131z var? Daha fazla bilgi i\u00e7in bizimle ileti\u015fime ge\u00e7mekten \u00e7ekinmeyin. Size yard\u0131mc\u0131 olmaktan mutluluk duyar\u0131z.<\/p>\n<\/div><a  href=\"https:\/\/yyo.nl\/tr\/contact\/\" target=\"_self\" class=\"btn pofo-button-1 button-style1  btn-dark-gray  btn-large  vc_custom_1722863848320\" >\u0130leti\u015fim<\/a><\/div><\/div><\/div><\/section>\n<\/div>","protected":false},"excerpt":{"rendered":"Ne zaman ki\u015fisel yaralanma avukat\u0131 tutmal\u0131s\u0131n\u0131z \u00d6rne\u011fin bir trafik kazas\u0131, end\u00fcstriyel kaza veya t\u0131bbi hata nedeniyle ki\u015fisel yaralanmaya maruz kald\u0131\u011f\u0131n\u0131zda, bu durum k\u00fc\u00e7\u00fck yaralanmalardan geni\u015f kapsaml\u0131 sonu\u00e7lar\u0131 olan ciddi yaralanmalara kadar de\u011fi\u015febilir. Fiziksel hasar ve yaralanmalara ek olarak, psikolojik yaralanmalar\u0131 da dahil ediyoruz. Neyse ki, \u00e7o\u011fu kazada meydana gelen hasar ciddi de\u011fildir ve tazminat\u0131n \u00f6denmesi i\u00e7in her zaman yasal yard\u0131ma ihtiyac\u0131n\u0131z olmayacakt\u0131r. Yine de, hayat\u0131n\u0131z\u0131 \u00f6nemli \u00f6l\u00e7\u00fcde de\u011fi\u015ftiren hasarlarla b\u00fcy\u00fck bir \u015fanss\u0131zl\u0131k ya\u015fayabilirsiniz. \u00d6rne\u011fin, omurga incinmesinin ya da i\u015f yerinde merdivenlerden d\u00fc\u015fmenin kal\u0131c\u0131 etkilerini her zaman \u00f6l\u00e7emezsiniz. Bazen \u00f6nceden d\u00fc\u015f\u00fcnd\u00fc\u011f\u00fcn\u00fczden \u00e7ok daha uzun bir s\u00fcre tedavi alt\u0131nda kal\u0131rs\u0131n\u0131z. Bu gibi durumlarda ve ciddi ki\u015fisel yaralanma vakalar\u0131nda kar\u015f\u0131 taraf\u0131 sorumlu tutabilirsiniz. T\u00fcm masraflar\u0131 kar\u015f\u0131layan ve etkiyi kar\u015f\u0131layan adil bir tazminat talep edebilece\u011finizi bilmeniz \u00f6nemlidir. Maddi kay\u0131p maliyetlerinin yan\u0131 s\u0131ra, iyile\u015fme ve rehabilitasyon i\u00e7in de tazminat anlam\u0131na gelir. Bu nedenle deneyimli bir ki\u015fisel yaralanma avukat\u0131ndan tavsiye almak ak\u0131ll\u0131ca olacakt\u0131r. Sizi yasal i\u015flemlerde destekleyecek ve sigorta \u015firketleriyle pazarl\u0131k yapacak biri. Ki\u015fisel yaralanma tam olarak nedir? Ki\u015fisel yaralanma, bir ki\u015finin u\u011frad\u0131\u011f\u0131 zarard\u0131r...","protected":false},"author":2,"featured_media":0,"parent":21623,"menu_order":0,"comment_status":"closed","ping_status":"closed","template":"","meta":{"footnotes":""},"class_list":["post-21622","page","type-page","status-publish","hentry"],"yoast_head":"<!-- This site is optimized with the Yoast SEO plugin v23.3 - https:\/\/yoast.com\/wordpress\/plugins\/seo\/ -->\n<title>Letselschade advocaat nodig? | Juiste vergoeding bij schade<\/title>\n<meta name=\"description\" content=\"Letselschade advocaat nodig voor grote gevolgen? Wij stellen de aansprakelijkheid vast en claimen de vergoeding. Ontdek wanneer je juridische hulp inschakelt.\" \/>\n<meta name=\"robots\" content=\"index, follow, max-snippet:-1, max-image-preview:large, max-video-preview:-1\" \/>\n<link rel=\"canonical\" href=\"https:\/\/yyo.nl\/tr\/rechtsgebieden\/letselschade\/\" \/>\n<meta property=\"og:locale\" content=\"tr_TR\" \/>\n<meta property=\"og:type\" content=\"article\" \/>\n<meta property=\"og:title\" content=\"Letselschade advocaat nodig? | Juiste vergoeding bij schade\" \/>\n<meta property=\"og:description\" content=\"Letselschade advocaat nodig voor grote gevolgen? Wij stellen de aansprakelijkheid vast en claimen de vergoeding. Ontdek wanneer je juridische hulp inschakelt.\" \/>\n<meta property=\"og:url\" content=\"https:\/\/yyo.nl\/tr\/rechtsgebieden\/letselschade\/\" \/>\n<meta property=\"og:site_name\" content=\"YYO Letselschadeadvocaat Rotterdam\" \/>\n<meta property=\"article:modified_time\" content=\"2024-09-01T11:16:50+00:00\" \/>\n<meta name=\"twitter:card\" content=\"summary_large_image\" \/>\n<meta name=\"twitter:label1\" content=\"Tahmini okuma s\u00fcresi\" \/>\n\t<meta name=\"twitter:data1\" content=\"5 dakika\" \/>\n<script type=\"application\/ld+json\" class=\"yoast-schema-graph\">{\"@context\":\"https:\/\/schema.org\",\"@graph\":[{\"@type\":\"WebPage\",\"@id\":\"https:\/\/yyo.nl\/rechtsgebieden\/letselschade\/\",\"url\":\"https:\/\/yyo.nl\/rechtsgebieden\/letselschade\/\",\"name\":\"Letselschade advocaat nodig? | Juiste vergoeding bij schade\",\"isPartOf\":{\"@id\":\"https:\/\/yyo.nl\/#website\"},\"datePublished\":\"2024-08-09T14:54:22+00:00\",\"dateModified\":\"2024-09-01T11:16:50+00:00\",\"description\":\"Letselschade advocaat nodig voor grote gevolgen? Wij stellen de aansprakelijkheid vast en claimen de vergoeding. Ontdek wanneer je juridische hulp inschakelt.\",\"breadcrumb\":{\"@id\":\"https:\/\/yyo.nl\/rechtsgebieden\/letselschade\/#breadcrumb\"},\"inLanguage\":\"tr\",\"potentialAction\":[{\"@type\":\"ReadAction\",\"target\":[\"https:\/\/yyo.nl\/rechtsgebieden\/letselschade\/\"]}]},{\"@type\":\"BreadcrumbList\",\"@id\":\"https:\/\/yyo.nl\/rechtsgebieden\/letselschade\/#breadcrumb\",\"itemListElement\":[{\"@type\":\"ListItem\",\"position\":1,\"name\":\"Home\",\"item\":\"https:\/\/yyo.nl\/\"},{\"@type\":\"ListItem\",\"position\":2,\"name\":\"Rechtsgebieden\",\"item\":\"https:\/\/yyo.nl\/rechtsgebieden\/\"},{\"@type\":\"ListItem\",\"position\":3,\"name\":\"Letselschade\"}]},{\"@type\":\"WebSite\",\"@id\":\"https:\/\/yyo.nl\/#website\",\"url\":\"https:\/\/yyo.nl\/\",\"name\":\"YYO Letselschadeadvocaat Rotterdam\",\"description\":\"Letselschadeadvocaat Rotterdam\",\"potentialAction\":[{\"@type\":\"SearchAction\",\"target\":{\"@type\":\"EntryPoint\",\"urlTemplate\":\"https:\/\/yyo.nl\/?s={search_term_string}\"},\"query-input\":\"required name=search_term_string\"}],\"inLanguage\":\"tr\"}]}<\/script>\n<!-- \/ Yoast SEO plugin. -->","yoast_head_json":{"title":"Letselschade advocaat nodig? | Juiste vergoeding bij schade","description":"Letselschade advocaat nodig voor grote gevolgen? Wij stellen de aansprakelijkheid vast en claimen de vergoeding. Ontdek wanneer je juridische hulp inschakelt.","robots":{"index":"index","follow":"follow","max-snippet":"max-snippet:-1","max-image-preview":"max-image-preview:large","max-video-preview":"max-video-preview:-1"},"canonical":"https:\/\/yyo.nl\/tr\/rechtsgebieden\/letselschade\/","og_locale":"tr_TR","og_type":"article","og_title":"Letselschade advocaat nodig? | Juiste vergoeding bij schade","og_description":"Letselschade advocaat nodig voor grote gevolgen? Wij stellen de aansprakelijkheid vast en claimen de vergoeding. Ontdek wanneer je juridische hulp inschakelt.","og_url":"https:\/\/yyo.nl\/tr\/rechtsgebieden\/letselschade\/","og_site_name":"YYO Letselschadeadvocaat Rotterdam","article_modified_time":"2024-09-01T11:16:50+00:00","twitter_card":"summary_large_image","twitter_misc":{"Tahmini okuma s\u00fcresi":"5 dakika"},"schema":{"@context":"https:\/\/schema.org","@graph":[{"@type":"WebPage","@id":"https:\/\/yyo.nl\/rechtsgebieden\/letselschade\/","url":"https:\/\/yyo.nl\/rechtsgebieden\/letselschade\/","name":"Letselschade advocaat nodig? | Juiste vergoeding bij schade","isPartOf":{"@id":"https:\/\/yyo.nl\/#website"},"datePublished":"2024-08-09T14:54:22+00:00","dateModified":"2024-09-01T11:16:50+00:00","description":"Letselschade advocaat nodig voor grote gevolgen? Wij stellen de aansprakelijkheid vast en claimen de vergoeding. Ontdek wanneer je juridische hulp inschakelt.","breadcrumb":{"@id":"https:\/\/yyo.nl\/rechtsgebieden\/letselschade\/#breadcrumb"},"inLanguage":"tr","potentialAction":[{"@type":"ReadAction","target":["https:\/\/yyo.nl\/rechtsgebieden\/letselschade\/"]}]},{"@type":"BreadcrumbList","@id":"https:\/\/yyo.nl\/rechtsgebieden\/letselschade\/#breadcrumb","itemListElement":[{"@type":"ListItem","position":1,"name":"Home","item":"https:\/\/yyo.nl\/"},{"@type":"ListItem","position":2,"name":"Rechtsgebieden","item":"https:\/\/yyo.nl\/rechtsgebieden\/"},{"@type":"ListItem","position":3,"name":"Letselschade"}]},{"@type":"WebSite","@id":"https:\/\/yyo.nl\/#website","url":"https:\/\/yyo.nl\/","name":"YYO Letselschadeadvocaat Rotterdam","description":"Letselschadeadvocaat Rotterdam","potentialAction":[{"@type":"SearchAction","target":{"@type":"EntryPoint","urlTemplate":"https:\/\/yyo.nl\/?s={search_term_string}"},"query-input":"required name=search_term_string"}],"inLanguage":"tr"}]}},"_links":{"self":[{"href":"https:\/\/yyo.nl\/tr\/wp-json\/wp\/v2\/pages\/21622"}],"collection":[{"href":"https:\/\/yyo.nl\/tr\/wp-json\/wp\/v2\/pages"}],"about":[{"href":"https:\/\/yyo.nl\/tr\/wp-json\/wp\/v2\/types\/page"}],"author":[{"embeddable":true,"href":"https:\/\/yyo.nl\/tr\/wp-json\/wp\/v2\/users\/2"}],"replies":[{"embeddable":true,"href":"https:\/\/yyo.nl\/tr\/wp-json\/wp\/v2\/comments?post=21622"}],"version-history":[{"count":5,"href":"https:\/\/yyo.nl\/tr\/wp-json\/wp\/v2\/pages\/21622\/revisions"}],"predecessor-version":[{"id":21757,"href":"https:\/\/yyo.nl\/tr\/wp-json\/wp\/v2\/pages\/21622\/revisions\/21757"}],"up":[{"embeddable":true,"href":"https:\/\/yyo.nl\/tr\/wp-json\/wp\/v2\/pages\/21623"}],"wp:attachment":[{"href":"https:\/\/yyo.nl\/tr\/wp-json\/wp\/v2\/media?parent=21622"}],"curies":[{"name":"wp","href":"https:\/\/api.w.org\/{rel}","templated":true}]}}