{"id":21623,"date":"2024-08-08T13:13:09","date_gmt":"2024-08-08T13:13:09","guid":{"rendered":"https:\/\/yyo.nl\/?page_id=21623"},"modified":"2024-09-01T13:16:20","modified_gmt":"2024-09-01T11:16:20","slug":"rechtsgebieden","status":"publish","type":"page","link":"https:\/\/yyo.nl\/tr\/rechtsgebieden\/","title":{"rendered":"Hukuk Alanlar\u0131"},"content":{"rendered":"<div class=\"wpb-content-wrapper\"><section id=\"home\" data-vc-full-width=\"true\" data-vc-full-width-init=\"false\" class=\"vc_row wpb_row vc_row-fluid mobile-height vc_custom_1722851255165 bg-position-right-center wow fadeIn vc_row-has-fill pofo-stretch-content pofo-stretch-row-container vc_row-o-content-middle vc_row-flex pofo-row-responsive-69f634c61c651\"><div class=\"bg-extra-dark-gray bg-overlay\" style=\"opacity:0.3; background-color:#020202; \"><\/div><div class=\"wpb_column vc_column_container vc_col-sm-12  col-xs-mobile-fullwidth\"><div class=\"vc_column-inner\"><div class=\"wpb_wrapper\"><div class=\"vc_empty_space\"   style=\"height: 300px\"><span class=\"vc_empty_space_inner\"><\/span><\/div><div class=\"vc_row wpb_row vc_inner vc_row-fluid\"><div class=\"wpb_column vc_column_container vc_col-sm-2  col-xs-mobile-fullwidth\"><div class=\"vc_column-inner\"><div class=\"wpb_wrapper\"><\/div><\/div><\/div><div class=\"wpb_column vc_column_container vc_col-has-fill vc_col-sm-6  col-xs-mobile-fullwidth\"><div class=\"vc_column-inner vc_custom_1723214240011\"><div class=\"wpb_wrapper\"><div class=\"last-paragraph-no-margin\" style=\"color: #ffffff;\"><h1><strong>Hukuk alanlar\u0131 YYO Advocaten Rotterdam<br \/>\n<\/strong><\/h1>\n<\/div><\/div><\/div><\/div><div class=\"wpb_column vc_column_container vc_col-sm-4  col-xs-mobile-fullwidth\"><div class=\"vc_column-inner\"><div class=\"wpb_wrapper\"><\/div><\/div><\/div><\/div><div class=\"vc_empty_space\"   style=\"height: 120px\"><span class=\"vc_empty_space_inner\"><\/span><\/div><\/div><\/div><\/div><div class=\"down-section text-center down-section-style-2\">\n\t\t                                <a href=\"#overons\" class=\"down-section-link\"><i class=\"text-white bg-deep-pink padding-15px-all xs-padding-10px-all border-radius-100  ti-arrow-down icon-extra-small\" style=\"\"><\/i><\/a>\n\t\t                            <\/div><\/section><div class=\"vc_row-full-width vc_clearfix\"><\/div><section class=\"vc_row wpb_row vc_row-fluid  vc_custom_1722860777555\"><div class=\"wpb_column vc_column_container vc_col-sm-6  col-xs-mobile-fullwidth\"><div class=\"vc_column-inner\"><div class=\"wpb_wrapper\"><div class=\"last-paragraph-no-margin\" style=\"color: #000000;\"><h2>Hukuk alanlar\u0131 YYO Advocaten Rotterdam<\/h2>\n<p>YYO Advocatuur olarak, ki\u015fisel yaralanma veya i\u015f uyu\u015fmazl\u0131klar\u0131n\u0131n hayat\u0131n\u0131z \u00fczerindeki etkisini anl\u0131yoruz. Misyonumuz sadece hukuki yard\u0131m sa\u011flamak de\u011fil, ayn\u0131 zamanda \u00e7\u0131karlar\u0131n\u0131z\u0131 adil bir bak\u0131\u015f a\u00e7\u0131s\u0131yla kararl\u0131 bir \u015fekilde savunmakt\u0131r.<\/p>\n<p>\u00d6zellikle, ki\u015fisel yaralanma hukuku alan\u0131nda uzmanla\u015ft\u0131k. Ayr\u0131ca i\u015f hukuku ve s\u00f6zle\u015fme hukuku alanlar\u0131nda da bireylere ve giri\u015fimcilere yard\u0131mc\u0131 oluyoruz.<\/p>\n<\/div><\/div><\/div><\/div><div class=\"wpb_column vc_column_container vc_col-sm-6  col-xs-mobile-fullwidth\"><div class=\"vc_column-inner\"><div class=\"wpb_wrapper\"><div class=\"last-paragraph-no-margin\" style=\"color: #000000;\"><h3>Yarg\u0131 yetkisi nedir?<\/h3>\n<p>Bir hukuk alan\u0131, avukatlar\u0131n uzmanla\u015fabilece\u011fi hukukun belirli bir b\u00f6l\u00fcm\u00fcd\u00fcr. Uzmanla\u015farak, m\u00fcvekkillerimize b\u00fcy\u00fck fayda sa\u011flayan derinlemesine bilgi ve deneyimi s\u00fcrekli olarak geli\u015ftiriyoruz.<\/p>\n<p>Bu sadece uzmanl\u0131\u011f\u0131m\u0131z\u0131 art\u0131rmakla kalm\u0131yor, ayn\u0131 zamanda benzer davalardaki deneyimlerimizden yola \u00e7\u0131karak daha verimli \u00e7al\u0131\u015fabiliyoruz. Bu kombinasyon genellikle daha iyi sonu\u00e7lara ve m\u00fcvekkillerimiz i\u00e7in olumlu bir sonuca yol a\u00e7ar.<\/p>\n<\/div><\/div><\/div><\/div><\/section><section id=\"services\" data-vc-full-width=\"true\" data-vc-full-width-init=\"false\" class=\"vc_row wpb_row vc_row-fluid  vc_custom_1722860709842 wow fadeIn vc_row-has-fill pofo-stretch-content pofo-stretch-row-container\"><div class=\"wpb_column vc_column_container vc_col-sm-12  col-xs-mobile-fullwidth\"><div class=\"vc_column-inner\"><div class=\"wpb_wrapper\"><div class=\"last-paragraph-no-margin\" style=\"color: #000000;\"><h2><a href=\"https:\/\/yyo.nl\/tr\/letselschade\/\">Ki\u015fisel yaralanma<\/a><\/h2>\n<p>Ba\u015fkas\u0131n\u0131n kusuru nedeniyle meydana gelen fiziksel veya ruhsal yaralanmalar i\u00e7in yard\u0131m:<\/p>\n<\/div><div class=\"vc_row wpb_row vc_inner vc_row-fluid  vc_custom_1723214444856 vc_row-has-fill vc_row-o-equal-height vc_row-o-content-middle vc_row-flex\"><div class=\"wpb_column vc_column_container vc_col-sm-6 vc_col-md-6 vc_col-xs-12 wow fadeInUp text-center pofo-column-responsive-69f634c61d790\" data-wow-delay= \"200ms\"><div class=\"vc_column-inner\"><div class=\"wpb_wrapper\"><div class=\"featurebox8 pofo-featurebox  vc_custom_1723214824125 box-shadow-light feature-box-8  position-relative overflow-hidden z-index-5 padding-twelve-all md-padding-six-all xs-padding-15px-lr featurebox8-1\" ><div class=\"display-inline-block margin-20px-bottom\"><a class=\"feature-icon-link\" href=\"https:\/\/yyo.nl\/tr\/letselschade\/verkeersongevallen\/\"><i class=\"link-icon fas fa-car-crash icon-medium text-white icon-round-small bg-deep-pink margin-25px-bottom margin-25px-top sm-margin-20px-bottom xs-margin-15px-bottom\" style=\"\"><\/i><\/a><\/div><div class=\"alt-font text-extra-dark-gray font-weight-600 margin-10px-bottom sm-margin-5px-bottom\" style=\"font-size: 26px; line-height: 36px;\" data-fontsize=\"26px\" data-lineheight=\"36px\"><a class=\"feature-title-link text-extra-dark-gray\" href=\"https:\/\/yyo.nl\/tr\/letselschade\/verkeersongevallen\/\">Trafik kazalar\u0131<\/a><\/div><div class=\"center-col last-paragraph-no-margin  width-75 md-width-90\"><p>Bir trafik kazas\u0131ndan sonra tazminat almak i\u00e7in yard\u0131m.<\/p>\n<\/div><div class=\"feature-box-overlay bg-deep-pink\" style=\"\"><\/div><\/div><\/div><\/div><\/div><div class=\"wpb_column vc_column_container vc_col-sm-6 vc_col-md-6 vc_col-xs-12 sm-clear-both wow fadeInUp text-center pofo-column-responsive-69f634c61dfce\" data-wow-delay= \"400ms\" data-clear-both=\"sm-clear-both\"><div class=\"vc_column-inner\"><div class=\"wpb_wrapper\"><div class=\"featurebox8 pofo-featurebox  vc_custom_1723214834804 box-shadow-light feature-box-8  position-relative overflow-hidden z-index-5 padding-twelve-all md-padding-six-all xs-padding-15px-lr featurebox8-2\" ><div class=\"display-inline-block margin-20px-bottom\"><a class=\"feature-icon-link\" href=\"https:\/\/yyo.nl\/tr\/letselschade\/bedrijfsongevallen\/\"><i class=\"link-icon fas fa-suitcase icon-medium text-white icon-round-small bg-deep-pink margin-25px-bottom margin-25px-top sm-margin-20px-bottom xs-margin-15px-bottom\" style=\"\"><\/i><\/a><\/div><div class=\"alt-font text-extra-dark-gray font-weight-600 margin-10px-bottom sm-margin-5px-bottom\" style=\"font-size: 26px; line-height: 36px;\" data-fontsize=\"26px\" data-lineheight=\"36px\"><a class=\"feature-title-link text-extra-dark-gray\" href=\"https:\/\/yyo.nl\/tr\/letselschade\/bedrijfsongevallen\/\">End\u00fcstriyel kazalar<\/a><\/div><div class=\"center-col last-paragraph-no-margin  width-75 md-width-90\"><p>\u0130\u015fyerinde yaralanan i\u015f\u00e7iler i\u00e7in hukuki yard\u0131m<\/p>\n<\/div><div class=\"feature-box-overlay bg-deep-pink\" style=\"\"><\/div><\/div><\/div><\/div><\/div><\/div><div class=\"vc_row wpb_row vc_inner vc_row-fluid  vc_custom_1704482298441 vc_row-has-fill vc_row-o-equal-height vc_row-o-content-middle vc_row-flex\"><div class=\"wpb_column vc_column_container vc_col-sm-6 vc_col-md-6 vc_col-xs-12 wow fadeInUp text-center pofo-column-responsive-69f634c61e0cc\" data-wow-delay= \"200ms\"><div class=\"vc_column-inner\"><div class=\"wpb_wrapper\"><div class=\"featurebox8 pofo-featurebox  vc_custom_1723214566862 box-shadow-light feature-box-8  position-relative overflow-hidden z-index-5 padding-twelve-all md-padding-six-all xs-padding-15px-lr featurebox8-3\" ><div class=\"display-inline-block margin-20px-bottom\"><a class=\"feature-icon-link\" href=\"https:\/\/yyo.nl\/tr\/letselschade\/medische-fouten\/\"><i class=\"link-icon far fa-hospital icon-medium text-white icon-round-small bg-deep-pink margin-25px-bottom margin-25px-top sm-margin-20px-bottom xs-margin-15px-bottom\" style=\"\"><\/i><\/a><\/div><div class=\"alt-font text-extra-dark-gray font-weight-600 margin-10px-bottom sm-margin-5px-bottom\" style=\"font-size: 26px; line-height: 36px;\" data-fontsize=\"26px\" data-lineheight=\"36px\"><a class=\"feature-title-link text-extra-dark-gray\" href=\"https:\/\/yyo.nl\/tr\/letselschade\/medische-fouten\/\">T\u0131bbi hatalar<\/a><\/div><div class=\"center-col last-paragraph-no-margin  width-75 md-width-90\"><p>T\u0131bbi uzmanlara ve kurumlara kar\u015f\u0131 taleplerde yard\u0131m.<\/p>\n<\/div><div class=\"feature-box-overlay bg-deep-pink\" style=\"\"><\/div><\/div><\/div><\/div><\/div><div class=\"wpb_column vc_column_container vc_col-sm-6 vc_col-md-6 vc_col-xs-12 sm-clear-both wow fadeInUp text-center pofo-column-responsive-69f634c61e156\" data-wow-delay= \"400ms\" data-clear-both=\"sm-clear-both\"><div class=\"vc_column-inner\"><div class=\"wpb_wrapper\"><div class=\"featurebox8 pofo-featurebox  vc_custom_1723214607880 box-shadow-light feature-box-8  position-relative overflow-hidden z-index-5 padding-twelve-all md-padding-six-all xs-padding-15px-lr featurebox8-4\" ><div class=\"display-inline-block margin-20px-bottom\"><a class=\"feature-icon-link\" href=\"https:\/\/yyo.nl\/tr\/letselschade\/overlijdensschade\/\"><i class=\"link-icon fas fa-cross icon-medium text-white icon-round-small bg-deep-pink margin-25px-bottom margin-25px-top sm-margin-20px-bottom xs-margin-15px-bottom\" style=\"\"><\/i><\/a><\/div><div class=\"alt-font text-extra-dark-gray font-weight-600 margin-10px-bottom sm-margin-5px-bottom\" style=\"font-size: 26px; line-height: 36px;\" data-fontsize=\"26px\" data-lineheight=\"36px\"><a class=\"feature-title-link text-extra-dark-gray\" href=\"https:\/\/yyo.nl\/tr\/letselschade\/overlijdensschade\/\">\u00d6l\u00fcm hasar\u0131<\/a><\/div><div class=\"center-col last-paragraph-no-margin  width-75 md-width-90\"><p>Ba\u015fkas\u0131n\u0131n kusuru nedeniyle ger\u00e7ekle\u015fen bir \u00f6l\u00fcm\u00fcn ard\u0131ndan tazminat talebinde bulunmalar\u0131 i\u00e7in hayatta kalan yak\u0131nlara destek.<\/p>\n<\/div><div class=\"feature-box-overlay bg-deep-pink\" style=\"\"><\/div><\/div><\/div><\/div><\/div><\/div><\/div><\/div><\/div><\/section><div class=\"vc_row-full-width vc_clearfix\"><\/div><section id=\"services\" data-vc-full-width=\"true\" data-vc-full-width-init=\"false\" class=\"vc_row wpb_row vc_row-fluid  vc_custom_1723214410275 wow fadeIn vc_row-has-fill pofo-stretch-content pofo-stretch-row-container\"><div class=\"wpb_column vc_column_container vc_col-sm-12  col-xs-mobile-fullwidth\"><div class=\"vc_column-inner\"><div class=\"wpb_wrapper\"><div class=\"last-paragraph-no-margin\" style=\"color: #000000;\"><h2>Di\u011fer yarg\u0131 b\u00f6lgeleri<\/h2>\n<\/div><div class=\"vc_row wpb_row vc_inner vc_row-fluid  vc_custom_1704482298441 vc_row-has-fill vc_row-o-equal-height vc_row-o-content-middle vc_row-flex\"><div class=\"wpb_column vc_column_container vc_col-sm-6 vc_col-md-6 vc_col-xs-12 wow fadeInUp text-center pofo-column-responsive-69f634c61e2b9\" data-wow-delay= \"200ms\"><div class=\"vc_column-inner\"><div class=\"wpb_wrapper\"><div class=\"featurebox8 pofo-featurebox  vc_custom_1722860733826 box-shadow-light feature-box-8  position-relative overflow-hidden z-index-5 padding-twelve-all md-padding-six-all xs-padding-15px-lr featurebox8-5\" ><div class=\"display-inline-block margin-20px-bottom\"><a class=\"feature-icon-link\" href=\"https:\/\/yyo.nl\/index.php\/arbeidsrecht\/\"><i class=\"link-icon fas fa-balance-scale icon-medium text-white icon-round-small bg-deep-pink margin-25px-bottom margin-25px-top sm-margin-20px-bottom xs-margin-15px-bottom\" style=\"\"><\/i><\/a><\/div><div class=\"alt-font text-extra-dark-gray font-weight-600 margin-10px-bottom sm-margin-5px-bottom\" style=\"font-size: 26px; line-height: 36px;\" data-fontsize=\"26px\" data-lineheight=\"36px\"><a class=\"feature-title-link text-extra-dark-gray\" href=\"https:\/\/yyo.nl\/index.php\/arbeidsrecht\/\">\u0130\u015f hukuku<\/a><\/div><div class=\"center-col last-paragraph-no-margin  width-75 md-width-90\"><p>\u0130\u015fyerindeki sorunlar\u0131 kendi i\u00e7inizde \u00e7\u00f6zemiyor musunuz? Bazen bir i\u015f avukat\u0131ndan yard\u0131m almak i\u015fe yarayabilir. Arabuluculuk i\u00e7in ve anla\u015fmazl\u0131klar veya yaralanmalar durumunda.<\/p>\n<p><strong><a href=\"https:\/\/yyo.nl\/tr\/arbeidsrecht\/\">\u0130\u015fyeri sorunlar\u0131 ile ilgili yard\u0131m istiyorum<\/a><\/strong><\/p>\n<\/div><div class=\"feature-box-overlay bg-deep-pink\" style=\"\"><\/div><\/div><\/div><\/div><\/div><div class=\"wpb_column vc_column_container vc_col-sm-6 vc_col-md-6 vc_col-xs-12 sm-clear-both wow fadeInUp text-center pofo-column-responsive-69f634c61e334\" data-wow-delay= \"400ms\" data-clear-both=\"sm-clear-both\"><div class=\"vc_column-inner\"><div class=\"wpb_wrapper\"><div class=\"featurebox8 pofo-featurebox  vc_custom_1722860741351 box-shadow-light feature-box-8  position-relative overflow-hidden z-index-5 padding-twelve-all md-padding-six-all xs-padding-15px-lr featurebox8-6\" ><div class=\"display-inline-block margin-20px-bottom\"><a class=\"feature-icon-link\" href=\"https:\/\/yyo.nl\/index.php\/contractrecht\/\"><i class=\"link-icon fas fa-file-alt icon-medium text-white icon-round-small bg-deep-pink margin-25px-bottom margin-25px-top sm-margin-20px-bottom xs-margin-15px-bottom\" style=\"\"><\/i><\/a><\/div><div class=\"alt-font text-extra-dark-gray font-weight-600 margin-10px-bottom sm-margin-5px-bottom\" style=\"font-size: 26px; line-height: 36px;\" data-fontsize=\"26px\" data-lineheight=\"36px\"><a class=\"feature-title-link text-extra-dark-gray\" href=\"https:\/\/yyo.nl\/index.php\/contractrecht\/\">S\u00f6zle\u015fme Hukuku<\/a><\/div><div class=\"center-col last-paragraph-no-margin  width-75 md-width-90\"><p>Her birey veya giri\u015fimcinin burnunun dibinde d\u00fczenli olarak bir s\u00f6zle\u015fme veya anla\u015fma olur. \u0130\u00e7erik yasal olarak ge\u00e7erli mi ve \u00e7\u0131karlar\u0131n\u0131z\u0131 en iyi \u015fekilde temsil ediyor mu?<\/p>\n<p><strong><a href=\"https:\/\/yyo.nl\/tr\/contractrecht\/\">S\u00f6zle\u015fmem i\u00e7in yard\u0131m istiyorum<\/a><\/strong><\/p>\n<\/div><div class=\"feature-box-overlay bg-deep-pink\" style=\"\"><\/div><\/div><\/div><\/div><\/div><\/div><\/div><\/div><\/div><\/section><div class=\"vc_row-full-width vc_clearfix\"><\/div><section id=\"services\" data-vc-full-width=\"true\" data-vc-full-width-init=\"false\" class=\"vc_row wpb_row vc_row-fluid  vc_custom_1722860709842 wow fadeIn vc_row-has-fill pofo-stretch-content pofo-stretch-row-container\"><div class=\"wpb_column vc_column_container vc_col-sm-12  col-xs-mobile-fullwidth\"><div class=\"vc_column-inner\"><div class=\"wpb_wrapper\"><div class=\"last-paragraph-no-margin\" style=\"color: #000000;\"><h2>Y\u00fck\u00fcml\u00fcl\u00fck olmadan bize ula\u015f\u0131n<\/h2>\n<p>Bahsedilen hukuk alanlar\u0131 hakk\u0131nda daha fazla bilgi veya \u00f6zel sorular\u0131n\u0131z i\u00e7in sizi web sitemizdeki \u00e7e\u015fitli sayfalara t\u0131klamaya davet ediyoruz. Daha ziyade do\u011frudan <a href=\"https:\/\/yyo.nl\/tr\/contact\/\">\u0130leti\u015fim<\/a> si\u0307zi\u0307n i\u0307\u00e7i\u0307n neler yapabi\u0307lece\u011fi\u0307mi\u0307zi\u0307 \u00f6\u011frenmek i\u0307\u00e7i\u0307n bi\u0307ze ula\u015fin? Uzmanlar\u0131m\u0131z yasal sorunlar\u0131n\u0131zda size yard\u0131mc\u0131 olmaya haz\u0131r.<\/p>\n<\/div><a  href=\"https:\/\/yyo.nl\/tr\/contact\/\" target=\"_self\" class=\"btn pofo-button-1 button-style1  btn-dark-gray  btn-large  vc_custom_1723215080511\" >\u0130leti\u015fime ge\u00e7in<\/a><div class=\"last-paragraph-no-margin\" style=\"color: #000000;\"><p>Telefonla arayarak randevu al\u0131n <a href=\"tel:0107661453\">010 &#8211; 766 1453<\/a> veya \u015fu adrese bir e-posta g\u00f6nderin <a href=\"mailto:info@yyo.nl\">info@yyo.nl<\/a>.<\/p>\n<\/div><\/div><\/div><\/div><\/section><div class=\"vc_row-full-width vc_clearfix\"><\/div>\n<\/div>","protected":false},"excerpt":{"rendered":"YYO Advocaten Rotterdam Hukuk Alanlar\u0131 YYO Advocaten Rotterdam Hukuk Alanlar\u0131 YYO Advocatuur olarak, ki\u015fisel yaralanma veya i\u015f uyu\u015fmazl\u0131klar\u0131n\u0131n hayat\u0131n\u0131z \u00fczerindeki etkisini anl\u0131yoruz. Misyonumuz sadece hukuki yard\u0131m sa\u011flamak de\u011fil, ayn\u0131 zamanda \u00e7\u0131karlar\u0131n\u0131z\u0131 adil bir bak\u0131\u015f a\u00e7\u0131s\u0131yla kararl\u0131 bir \u015fekilde savunmakt\u0131r. \u00d6zellikle, ki\u015fisel yaralanma hukuku alan\u0131nda uzman\u0131z. Ayr\u0131ca i\u015f hukuku ve s\u00f6zle\u015fme hukuku alanlar\u0131nda da bireylere ve giri\u015fimcilere yard\u0131mc\u0131 oluyoruz. Hukuk alan\u0131 nedir? Bir hukuk alan\u0131, avukatlar\u0131n uzmanla\u015fabilece\u011fi hukukun belirli bir b\u00f6l\u00fcm\u00fcd\u00fcr. Uzmanla\u015farak, m\u00fcvekkillerimize b\u00fcy\u00fck fayda sa\u011flayan derinlemesine bilgi ve deneyimi s\u00fcrekli olarak geli\u015ftiriyoruz. Bu sadece uzmanl\u0131\u011f\u0131m\u0131z\u0131 art\u0131rmakla kalmaz, ayn\u0131 zamanda benzer davalardaki deneyimlerimiz sayesinde daha verimli \u00e7al\u0131\u015fabiliriz. Bu kombinasyon genellikle daha iyi sonu\u00e7lara ve m\u00fcvekkillerimiz i\u00e7in olumlu bir sonuca yol a\u00e7ar. Ki\u015fisel yaralanma Ba\u015fkas\u0131n\u0131n kusuru nedeniyle meydana gelen fiziksel veya zihinsel yaralanmalar i\u00e7in yard\u0131m: Trafik kazalar\u0131Trafik kazas\u0131 sonras\u0131 tazminat alma konusunda yard\u0131m. \u0130\u015f kazalar\u0131\u0130\u015fyerinde yaralanan \u00e7al\u0131\u015fanlar i\u00e7in hukuki yard\u0131mT\u0131bbi uygulama hatalar\u0131T\u0131bbi profesyonellere ve kurumlara kar\u015f\u0131 taleplerde yard\u0131m. \u00d6l\u00fcm hasar\u0131Ba\u015fka bir ki\u015finin kusuru nedeniyle ger\u00e7ekle\u015fen bir \u00f6l\u00fcm\u00fcn ard\u0131ndan hayatta kalan yak\u0131nlara tazminat talebinde bulunma konusunda yard\u0131m. Di\u011fer...","protected":false},"author":2,"featured_media":0,"parent":0,"menu_order":0,"comment_status":"closed","ping_status":"closed","template":"","meta":{"footnotes":""},"class_list":["post-21623","page","type-page","status-publish","hentry"],"yoast_head":"<!-- This site is optimized with the Yoast SEO plugin v23.3 - https:\/\/yoast.com\/wordpress\/plugins\/seo\/ -->\n<title>YYO specialist in letselschade, arbeidsrecht en contractenrecht<\/title>\n<meta name=\"description\" content=\"YYO Rotterdam is gespecialiseerd in rechtsgebieden letselschade, arbeidsconflicten en contractenrecht. Ontdek hoe we strijdvaardig jouw belang behartigen.\" \/>\n<meta name=\"robots\" content=\"index, follow, max-snippet:-1, max-image-preview:large, max-video-preview:-1\" \/>\n<link rel=\"canonical\" href=\"https:\/\/yyo.nl\/tr\/rechtsgebieden\/\" \/>\n<meta property=\"og:locale\" content=\"tr_TR\" \/>\n<meta property=\"og:type\" content=\"article\" \/>\n<meta property=\"og:title\" content=\"YYO specialist in letselschade, arbeidsrecht en contractenrecht\" \/>\n<meta property=\"og:description\" content=\"YYO Rotterdam is gespecialiseerd in rechtsgebieden letselschade, arbeidsconflicten en contractenrecht. Ontdek hoe we strijdvaardig jouw belang behartigen.\" \/>\n<meta property=\"og:url\" content=\"https:\/\/yyo.nl\/tr\/rechtsgebieden\/\" \/>\n<meta property=\"og:site_name\" content=\"YYO Letselschadeadvocaat Rotterdam\" \/>\n<meta property=\"article:modified_time\" content=\"2024-09-01T11:16:20+00:00\" \/>\n<meta name=\"twitter:card\" content=\"summary_large_image\" \/>\n<meta name=\"twitter:label1\" content=\"Tahmini okuma s\u00fcresi\" \/>\n\t<meta name=\"twitter:data1\" content=\"4 dakika\" \/>\n<script type=\"application\/ld+json\" class=\"yoast-schema-graph\">{\"@context\":\"https:\/\/schema.org\",\"@graph\":[{\"@type\":\"WebPage\",\"@id\":\"https:\/\/yyo.nl\/rechtsgebieden\/\",\"url\":\"https:\/\/yyo.nl\/rechtsgebieden\/\",\"name\":\"YYO specialist in letselschade, arbeidsrecht en contractenrecht\",\"isPartOf\":{\"@id\":\"https:\/\/yyo.nl\/#website\"},\"datePublished\":\"2024-08-08T13:13:09+00:00\",\"dateModified\":\"2024-09-01T11:16:20+00:00\",\"description\":\"YYO Rotterdam is gespecialiseerd in rechtsgebieden letselschade, arbeidsconflicten en contractenrecht. Ontdek hoe we strijdvaardig jouw belang behartigen.\",\"breadcrumb\":{\"@id\":\"https:\/\/yyo.nl\/rechtsgebieden\/#breadcrumb\"},\"inLanguage\":\"tr\",\"potentialAction\":[{\"@type\":\"ReadAction\",\"target\":[\"https:\/\/yyo.nl\/rechtsgebieden\/\"]}]},{\"@type\":\"BreadcrumbList\",\"@id\":\"https:\/\/yyo.nl\/rechtsgebieden\/#breadcrumb\",\"itemListElement\":[{\"@type\":\"ListItem\",\"position\":1,\"name\":\"Home\",\"item\":\"https:\/\/yyo.nl\/\"},{\"@type\":\"ListItem\",\"position\":2,\"name\":\"Rechtsgebieden\"}]},{\"@type\":\"WebSite\",\"@id\":\"https:\/\/yyo.nl\/#website\",\"url\":\"https:\/\/yyo.nl\/\",\"name\":\"YYO Letselschadeadvocaat Rotterdam\",\"description\":\"Letselschadeadvocaat Rotterdam\",\"potentialAction\":[{\"@type\":\"SearchAction\",\"target\":{\"@type\":\"EntryPoint\",\"urlTemplate\":\"https:\/\/yyo.nl\/?s={search_term_string}\"},\"query-input\":\"required name=search_term_string\"}],\"inLanguage\":\"tr\"}]}<\/script>\n<!-- \/ Yoast SEO plugin. -->","yoast_head_json":{"title":"YYO specialist in letselschade, arbeidsrecht en contractenrecht","description":"YYO Rotterdam is gespecialiseerd in rechtsgebieden letselschade, arbeidsconflicten en contractenrecht. Ontdek hoe we strijdvaardig jouw belang behartigen.","robots":{"index":"index","follow":"follow","max-snippet":"max-snippet:-1","max-image-preview":"max-image-preview:large","max-video-preview":"max-video-preview:-1"},"canonical":"https:\/\/yyo.nl\/tr\/rechtsgebieden\/","og_locale":"tr_TR","og_type":"article","og_title":"YYO specialist in letselschade, arbeidsrecht en contractenrecht","og_description":"YYO Rotterdam is gespecialiseerd in rechtsgebieden letselschade, arbeidsconflicten en contractenrecht. Ontdek hoe we strijdvaardig jouw belang behartigen.","og_url":"https:\/\/yyo.nl\/tr\/rechtsgebieden\/","og_site_name":"YYO Letselschadeadvocaat Rotterdam","article_modified_time":"2024-09-01T11:16:20+00:00","twitter_card":"summary_large_image","twitter_misc":{"Tahmini okuma s\u00fcresi":"4 dakika"},"schema":{"@context":"https:\/\/schema.org","@graph":[{"@type":"WebPage","@id":"https:\/\/yyo.nl\/rechtsgebieden\/","url":"https:\/\/yyo.nl\/rechtsgebieden\/","name":"YYO specialist in letselschade, arbeidsrecht en contractenrecht","isPartOf":{"@id":"https:\/\/yyo.nl\/#website"},"datePublished":"2024-08-08T13:13:09+00:00","dateModified":"2024-09-01T11:16:20+00:00","description":"YYO Rotterdam is gespecialiseerd in rechtsgebieden letselschade, arbeidsconflicten en contractenrecht. Ontdek hoe we strijdvaardig jouw belang behartigen.","breadcrumb":{"@id":"https:\/\/yyo.nl\/rechtsgebieden\/#breadcrumb"},"inLanguage":"tr","potentialAction":[{"@type":"ReadAction","target":["https:\/\/yyo.nl\/rechtsgebieden\/"]}]},{"@type":"BreadcrumbList","@id":"https:\/\/yyo.nl\/rechtsgebieden\/#breadcrumb","itemListElement":[{"@type":"ListItem","position":1,"name":"Home","item":"https:\/\/yyo.nl\/"},{"@type":"ListItem","position":2,"name":"Rechtsgebieden"}]},{"@type":"WebSite","@id":"https:\/\/yyo.nl\/#website","url":"https:\/\/yyo.nl\/","name":"YYO Letselschadeadvocaat Rotterdam","description":"Letselschadeadvocaat Rotterdam","potentialAction":[{"@type":"SearchAction","target":{"@type":"EntryPoint","urlTemplate":"https:\/\/yyo.nl\/?s={search_term_string}"},"query-input":"required name=search_term_string"}],"inLanguage":"tr"}]}},"_links":{"self":[{"href":"https:\/\/yyo.nl\/tr\/wp-json\/wp\/v2\/pages\/21623"}],"collection":[{"href":"https:\/\/yyo.nl\/tr\/wp-json\/wp\/v2\/pages"}],"about":[{"href":"https:\/\/yyo.nl\/tr\/wp-json\/wp\/v2\/types\/page"}],"author":[{"embeddable":true,"href":"https:\/\/yyo.nl\/tr\/wp-json\/wp\/v2\/users\/2"}],"replies":[{"embeddable":true,"href":"https:\/\/yyo.nl\/tr\/wp-json\/wp\/v2\/comments?post=21623"}],"version-history":[{"count":13,"href":"https:\/\/yyo.nl\/tr\/wp-json\/wp\/v2\/pages\/21623\/revisions"}],"predecessor-version":[{"id":21637,"href":"https:\/\/yyo.nl\/tr\/wp-json\/wp\/v2\/pages\/21623\/revisions\/21637"}],"wp:attachment":[{"href":"https:\/\/yyo.nl\/tr\/wp-json\/wp\/v2\/media?parent=21623"}],"curies":[{"name":"wp","href":"https:\/\/api.w.org\/{rel}","templated":true}]}}