{"id":21643,"date":"2024-08-09T15:02:57","date_gmt":"2024-08-09T15:02:57","guid":{"rendered":"https:\/\/yyo.nl\/?page_id=21643"},"modified":"2024-09-01T13:17:26","modified_gmt":"2024-09-01T11:17:26","slug":"verkeersongeval","status":"publish","type":"page","link":"https:\/\/yyo.nl\/tr\/rechtsgebieden\/letselschade\/verkeersongeval\/","title":{"rendered":"Trafik kazas\u0131"},"content":{"rendered":"<div class=\"wpb-content-wrapper\"><section class=\"vc_row wpb_row vc_row-fluid  vc_custom_1722862787258\"><div class=\"wpb_column vc_column_container vc_col-sm-12  col-xs-mobile-fullwidth\"><div class=\"vc_column-inner\"><div class=\"wpb_wrapper\"><div class=\"last-paragraph-no-margin\"><h2>Trafik kazas\u0131 yaralanmalar\u0131: tazminat hakk\u0131n\u0131z i\u00e7in hukuki yard\u0131m<\/h2>\n<p>Kendiniz bir trafik kazas\u0131na kar\u0131\u015ft\u0131n\u0131z ve ki\u015fisel yaralanma ma\u011fduru oldunuz. Ya da bir aile \u00fcyeniz veya arkada\u015f\u0131n\u0131z i\u00e7in trafik kazas\u0131 sonras\u0131 tazminatlar hakk\u0131nda daha fazla bilgi ar\u0131yorsunuz.<\/p>\n<p>Hala araban\u0131z\u0131n veya di\u011fer arac\u0131n\u0131z\u0131n tamir edilmesini bekliyor olabilirsiniz veya ac\u0131 \u00e7ekiyor ve yaralanmalardan kurtuluyor olabilirsiniz. B\u00f6yle bir kazan\u0131n etkisini g\u00f6stermesi i\u00e7in her zaman biraz zamana ihtiya\u00e7 vard\u0131r. \u00c7o\u011fu zaman insanlar ya\u015fad\u0131klar\u0131n\u0131n fark\u0131na ancak bir s\u00fcre sonra var\u0131rlar.<\/p>\n<p>Takip eden g\u00fcnler ve haftalarda, kazan\u0131n sonu\u00e7lar\u0131 giderek daha belirgin hale gelebilir. T\u0131bbi tedavi g\u00f6rmek zorunda kalabilir, i\u015f saatlerinizi ka\u00e7\u0131rabilir ve faturalar birikmeye ba\u015flayabilir. Sadece fiziksel ac\u0131 de\u011fil, ayn\u0131 zamanda duygusal stres ve gelecekle ilgili belirsizlik de ya\u015fars\u0131n\u0131z.<\/p>\n<p>Ki\u015fisel yaralanma, t\u0131bbi masraflar, gelir kayb\u0131 ve onar\u0131m masraflar\u0131 gibi maddi hasarlar\u0131n yan\u0131 s\u0131ra maddi olmayan hasarlardan da olu\u015fabilir. Buna anksiyete ve hayattan daha az keyif alma gibi psikolojik ac\u0131lar da dahildir.<\/p>\n<p>Elbette farkl\u0131 trafik kazas\u0131 t\u00fcrleri vard\u0131r, ancak \u00e7o\u011fu durumda bir trafik kazas\u0131 \u00e7ok a\u011f\u0131rd\u0131r. \u00d6zellikle de yaralanmal\u0131 ve ciddi hasarl\u0131 bir \u00e7arp\u0131\u015fmada. Fiziksel ve ruhsal hasar\u0131n yan\u0131 s\u0131ra idari i\u015flemlerle de u\u011fra\u015fmak zorunda kal\u0131rs\u0131n\u0131z. \u00c7o\u011fu zaman, insanlar sonu\u00e7lar\u0131 \u00e7\u00f6zmek i\u00e7in sonraki ad\u0131mlar\u0131n ne oldu\u011funu bilmezler.<\/p>\n<p>Deneyimli ki\u015fisel yaralanma uzmanlar\u0131ndan olu\u015fan ekibimiz size yard\u0131m etmeye haz\u0131r. \u0130yile\u015fmenize odaklanabilmeniz i\u00e7in hakk\u0131n\u0131z olan tazminat\u0131 alman\u0131z\u0131 sa\u011fl\u0131yoruz. Kapsaml\u0131 hukuki destek sunuyor ve endi\u015felerinizi ortadan kald\u0131r\u0131yoruz.<\/p>\n<h2>Bir trafik kazas\u0131ndan sonra ne yapmal\u0131s\u0131n\u0131z?<\/h2>\n<p>Ad\u0131m 1 | G\u00fcvenli\u011fi ve t\u0131bbi m\u00fcdahaleyi sa\u011flay\u0131n<\/p>\n<p>H\u00e2l\u00e2 kaza mahallindeyseniz, tehlike b\u00f6lgesinden uzakla\u015ft\u0131\u011f\u0131n\u0131zdan ve m\u00fcmk\u00fcn olan en k\u0131sa s\u00fcrede t\u0131bbi yard\u0131m ald\u0131\u011f\u0131n\u0131zdan emin olun. Yaralar\u0131n\u0131z\u0131n \u00e7ok k\u00f6t\u00fc g\u00f6r\u00fcnmedi\u011fini d\u00fc\u015f\u00fcnseniz bile, yard\u0131m istemek \u00f6nemlidir. Bazen yaralanmalar daha sonraya kadar belirgin hale gelmez.<\/p>\n<p>Ayr\u0131ca, talep formunu her zaman do\u011fru bir \u015fekilde doldurun. En \u00f6nemli bilgilerin talep edildi\u011fi yer buras\u0131d\u0131r. Ba\u015fka bilgileriniz var m\u0131? Bunu da not edin. Bu, hem kazaya neden olan hem de kazaya u\u011frayan taraf\u0131n sigorta poli\u00e7eleri i\u00e7in \u00f6nemli bir belgedir. Bir kopyas\u0131n\u0131 yan\u0131n\u0131za ald\u0131\u011f\u0131n\u0131zdan emin olun.<\/p>\n<p>Ad\u0131m 2 | Kan\u0131t toplay\u0131n<\/p>\n<p>Kaza mahallinin, ara\u00e7lar\u0131n, yaralanmalar\u0131n\u0131z\u0131n ve herhangi bir maddi hasar\u0131n foto\u011fraflar\u0131n\u0131 \u00e7ekin. Kazaya \u015fahit olan tan\u0131klar\u0131n ileti\u015fim bilgilerini kaydedin. Tan\u0131klar\u0131n ifadeleri bir davada \u00f6nemli fakt\u00f6rlerdir. Polis varsa, polis raporunun bir kopyas\u0131n\u0131 isteyin. Kula\u011fa a\u015f\u0131r\u0131 gelebilir, ancak bunlar davaya \u0131\u015f\u0131k tutacak \u00e7ok \u00f6nemli kan\u0131tlard\u0131r.<\/p>\n<p>Ad\u0131m 3 | Sigorta \u015firketinizle ileti\u015fime ge\u00e7in<\/p>\n<p>Sigorta \u015firketinizi kaza hakk\u0131nda m\u00fcmk\u00fcn olan en k\u0131sa s\u00fcrede bilgilendirin. Ne oldu\u011funu a\u00e7\u0131k ve do\u011fru bir \u015fekilde anlat\u0131n. D\u00fcr\u00fcst olun ve raporunuzun bir kopyas\u0131n\u0131 kendi kay\u0131tlar\u0131n\u0131z i\u00e7in saklay\u0131n.<\/p>\n<p>Ad\u0131m 4 | T\u00fcm maliyetleri ve deneyimlerinizi toplay\u0131n<\/p>\n<p>Kaza ve sonu\u00e7lar\u0131yla ilgili t\u00fcm hasarlar\u0131n faturalar\u0131n\u0131 ve masraflar\u0131n\u0131 toplay\u0131n. Ayr\u0131ca terapileri, ila\u00e7lar\u0131, seyahat masraflar\u0131n\u0131, yard\u0131mlar\u0131 ve ev i\u015flerini de g\u00f6z \u00f6n\u00fcnde bulundurun. Gelir kayb\u0131na u\u011frad\u0131\u011f\u0131n\u0131z\u0131 ve duygusal ve fiziksel sonu\u00e7larla s\u0131n\u0131rlanabilece\u011finizi de unutmay\u0131n.<\/p>\n<p>Ad\u0131m 5 | Bir ki\u015fisel yaralanma avukat\u0131na dan\u0131\u015f\u0131n<\/p>\n<p>Deneyimli bir ki\u015fisel yaralanma avukat\u0131, hakk\u0131n\u0131z olan tazminat\u0131 alman\u0131za yard\u0131mc\u0131 olabilir. Y\u00fck\u00fcml\u00fcl\u00fck i\u00e7ermeyen bir dan\u0131\u015fmanl\u0131k i\u00e7in {LINK Contact} ile ileti\u015fime ge\u00e7in. Siz iyile\u015fme s\u00fcrecinize odaklanabilin diye hukuki meselelerle biz ilgilenece\u011fiz.<\/p>\n<h2>Hukuki yard\u0131m al\u0131n<\/h2>\n<p>Hi\u00e7bir \u015fekilde herkes yasal yard\u0131m istemez. E\u011fer siz de ba\u015fvurmazsan\u0131z, sigorta \u015firketinden hakk\u0131n\u0131z olandan \u00e7ok daha d\u00fc\u015f\u00fck bir tazminat alma riskiyle kar\u015f\u0131 kar\u015f\u0131ya kal\u0131rs\u0131n\u0131z. Karma\u015f\u0131k yasal prosed\u00fcrler ve karma\u015f\u0131k dil sizi bunaltabilir. Sonu\u00e7 olarak, do\u011fru veya yeterli kan\u0131tlar\u0131 toplayamayabilir ve sorumlu taraf\u0131n sigorta \u015firketi taraf\u0131ndan belirlenen son teslim tarihlerini ka\u00e7\u0131rabilirsiniz.<\/p>\n<p>Ki\u015fisel yaralanma davalar\u0131nda uzman\u0131z. Hukuki yard\u0131m\u0131m\u0131z bir\u00e7ok avantaj sunmaktad\u0131r:<\/p>\n<p><strong>Uzman rehberli\u011fi ve yasal tavsiye<\/strong><\/p>\n<p>Kar\u015f\u0131 taraf\u0131n ne zaman sorumlu oldu\u011funu, prosed\u00fcrlerin nas\u0131l i\u015fledi\u011fini ve \u00e7ok karma\u015f\u0131k davalarda bile \u015farta ba\u011fl\u0131 bir davan\u0131n nas\u0131l haz\u0131rlanaca\u011f\u0131n\u0131 tam olarak biliyoruz.<\/p>\n<p><strong>Maksimum ki\u015fisel yaralanma talebi <\/strong><\/p>\n<p>Ki\u015fisel yaralanma uzmanlar\u0131, tam ki\u015fisel yaralanma (fiziksel ve duygusal zararlar) i\u00e7in sorumlu tarafla g\u00fc\u00e7l\u00fc bir davadan m\u00fczakere edebilir. Sigortac\u0131lar\u0131n taktiklerini biliyor ve dezavantajl\u0131 duruma d\u00fc\u015fmemenizi sa\u011fl\u0131yoruz.<\/p>\n<p><strong>Dava <\/strong><\/p>\n<p>Deneyimlerimize dayanarak, teklif edilen tazminat\u0131n uygun olmamas\u0131 halinde ne zaman mahkemeye gidilece\u011fini biliyoruz. Bir ki\u015fisel yaralanma ajans\u0131ndaki ki\u015fisel yaralanma avukatlar\u0131n\u0131n aksine, bir ki\u015fisel yaralanma avukat\u0131 bunu yapar.<\/p>\n<h2>YYO Ki\u015fisel yaralanma avukat\u0131 size nas\u0131l yard\u0131mc\u0131 olur?<\/h2>\n<p>Yard\u0131m etti\u011fimiz ki\u015filerden gelen yayg\u0131n sorular \u015funlard\u0131r: \"Sorumlulu\u011fu nas\u0131l tespit edebilirim?\", \"Tazminat almaya hakk\u0131m var m\u0131?\" ve \"Sizi g\u00f6revlendirirsem ek masraflar ne olur?\".<\/p>\n<p>Kar\u015f\u0131 taraf\u0131n sorumlu olmas\u0131 durumunda, hizmetlerimiz size \u00fccretsizdir. Sorumlu taraf\u0131n masraflar\u0131m\u0131z\u0131 kar\u015f\u0131lamas\u0131n\u0131 sa\u011fl\u0131yoruz, b\u00f6ylece yasal \u00fccretler konusunda endi\u015felenmenize gerek kalm\u0131yor.<\/p>\n<ul>\n<li>YYO, kan\u0131t toplama ve g\u00fc\u00e7l\u00fc bir dava olu\u015fturma konusunda size destek olur.<\/li>\n<li>YYO, u\u011fran\u0131lan maddi ve manevi zararlar\u0131n adil bir \u015fekilde tazmin edilmesi i\u00e7in sigortac\u0131larla g\u00f6r\u00fc\u015fmektedir.<\/li>\n<li>YYO talepleri g\u00f6nderir ve takip edilmesini sa\u011flar.<\/li>\n<\/ul>\n<p>Yolun her ad\u0131m\u0131nda size yard\u0131mc\u0131 olmaya haz\u0131r\u0131z. Bug\u00fcn hi\u00e7bir y\u00fck\u00fcml\u00fcl\u00fck alt\u0131na girmeden aray\u0131n <a href=\"https:\/\/yyo.nl\/tr\/contact\/\">\u0130leti\u015fim<\/a> daha fazla bilgi i\u00e7in bizimle ileti\u015fime ge\u00e7in. Bir isteyin <a href=\"https:\/\/yyo.nl\/tr\/contact\/\">DANI\u015eMA<\/a> ve bu zor zamanda size nas\u0131l yard\u0131mc\u0131 olabilece\u011fimizi \u00f6\u011frenin.<\/p>\n<\/div><a  href=\"https:\/\/yyo.nl\/tr\/contact\/\" target=\"_self\" class=\"btn pofo-button-1 button-style1  btn-dark-gray  btn-large  vc_custom_1722863848320\" >\u0130leti\u015fim<\/a><\/div><\/div><\/div><\/section>\n<\/div>","protected":false},"excerpt":{"rendered":"Trafik kazas\u0131 yaralanmas\u0131: tazminat hakk\u0131n\u0131z i\u00e7in hukuki yard\u0131m Kendiniz bir trafik kazas\u0131na kar\u0131\u015ft\u0131n\u0131z ve ki\u015fisel yaralanma ma\u011fdurusunuz. Ya da bir aile \u00fcyeniz veya arkada\u015f\u0131n\u0131z i\u00e7in trafik kazas\u0131 sonras\u0131 tazminatlar hakk\u0131nda daha fazla bilgi ar\u0131yorsunuz. Muhtemelen hala araban\u0131z\u0131n veya di\u011fer arac\u0131n\u0131z\u0131n tamir edilmesini bekliyorsunuz veya ac\u0131 \u00e7ekiyor ve yaralar\u0131n\u0131zdan kurtulmaya \u00e7al\u0131\u015f\u0131yorsunuz. B\u00f6yle bir kazan\u0131n etkisini g\u00f6stermesi i\u00e7in her zaman biraz zamana ihtiya\u00e7 vard\u0131r. \u00c7o\u011fu zaman insanlar bir s\u00fcre sonras\u0131na kadar neler ya\u015fad\u0131klar\u0131n\u0131n fark\u0131na varamazlar. Takip eden g\u00fcnler ve haftalarda, kazan\u0131n sonu\u00e7lar\u0131 giderek daha a\u00e7\u0131k hale gelebilir. T\u0131bbi tedavi g\u00f6rmek zorunda kalabilir, i\u015f saatlerinizi ka\u00e7\u0131rabilir ve faturalar birikmeye ba\u015flayabilir. Sadece fiziksel ac\u0131 de\u011fil, ayn\u0131 zamanda duygusal stres ve gelecekle ilgili belirsizlik de ya\u015fars\u0131n\u0131z. Ki\u015fisel yaralanma, t\u0131bbi harcamalar, gelir kayb\u0131 ve onar\u0131m masraflar\u0131 gibi maddi zararlar\u0131n yan\u0131 s\u0131ra maddi olmayan zararlar\u0131 da i\u00e7erebilir. Buna anksiyete ve hayattan daha az keyif alma gibi psikolojik ac\u0131lar da dahildir. Elbette farkl\u0131 trafik kazas\u0131 t\u00fcrleri vard\u0131r, ancak \u00e7o\u011fu durumda bir trafik kazas\u0131 \u00e7ok a\u011f\u0131rd\u0131r. \u00d6zellikle de yaralanmal\u0131 ve ciddi hasarl\u0131 bir \u00e7arp\u0131\u015fmada. Fiziksel ve ruhsal hasar\u0131n yan\u0131 s\u0131ra idari i\u015flemlerle de u\u011fra\u015fmak zorunda kal\u0131rs\u0131n\u0131z. \u00c7o\u011fu zaman insanlar sonraki ad\u0131mlar\u0131n ne oldu\u011funu bilmezler","protected":false},"author":2,"featured_media":0,"parent":21622,"menu_order":0,"comment_status":"closed","ping_status":"closed","template":"","meta":{"footnotes":""},"class_list":["post-21643","page","type-page","status-publish","hentry"],"yoast_head":"<!-- This site is optimized with the Yoast SEO plugin v23.3 - https:\/\/yoast.com\/wordpress\/plugins\/seo\/ -->\n<title>Professionele juridische hulp bij letselschade verkeersongeval<\/title>\n<meta name=\"description\" content=\"Ontvang deskundige juridische bijstand bij letselschade. Wij helpen je met de grote impact van een verkeersongeval en zorgen voor een eerlijke schadevergoeding.\" \/>\n<meta name=\"robots\" content=\"index, follow, max-snippet:-1, max-image-preview:large, max-video-preview:-1\" \/>\n<link rel=\"canonical\" href=\"https:\/\/yyo.nl\/tr\/rechtsgebieden\/letselschade\/verkeersongeval\/\" \/>\n<meta property=\"og:locale\" content=\"tr_TR\" \/>\n<meta property=\"og:type\" content=\"article\" \/>\n<meta property=\"og:title\" content=\"Professionele juridische hulp bij letselschade verkeersongeval\" \/>\n<meta property=\"og:description\" content=\"Ontvang deskundige juridische bijstand bij letselschade. Wij helpen je met de grote impact van een verkeersongeval en zorgen voor een eerlijke schadevergoeding.\" \/>\n<meta property=\"og:url\" content=\"https:\/\/yyo.nl\/tr\/rechtsgebieden\/letselschade\/verkeersongeval\/\" \/>\n<meta property=\"og:site_name\" content=\"YYO Letselschadeadvocaat Rotterdam\" \/>\n<meta property=\"article:modified_time\" content=\"2024-09-01T11:17:26+00:00\" \/>\n<meta name=\"twitter:card\" content=\"summary_large_image\" \/>\n<meta name=\"twitter:label1\" content=\"Tahmini okuma s\u00fcresi\" \/>\n\t<meta name=\"twitter:data1\" content=\"5 dakika\" \/>\n<script type=\"application\/ld+json\" class=\"yoast-schema-graph\">{\"@context\":\"https:\/\/schema.org\",\"@graph\":[{\"@type\":\"WebPage\",\"@id\":\"https:\/\/yyo.nl\/rechtsgebieden\/letselschade\/verkeersongeval\/\",\"url\":\"https:\/\/yyo.nl\/rechtsgebieden\/letselschade\/verkeersongeval\/\",\"name\":\"Professionele juridische hulp bij letselschade verkeersongeval\",\"isPartOf\":{\"@id\":\"https:\/\/yyo.nl\/#website\"},\"datePublished\":\"2024-08-09T15:02:57+00:00\",\"dateModified\":\"2024-09-01T11:17:26+00:00\",\"description\":\"Ontvang deskundige juridische bijstand bij letselschade. Wij helpen je met de grote impact van een verkeersongeval en zorgen voor een eerlijke schadevergoeding.\",\"breadcrumb\":{\"@id\":\"https:\/\/yyo.nl\/rechtsgebieden\/letselschade\/verkeersongeval\/#breadcrumb\"},\"inLanguage\":\"tr\",\"potentialAction\":[{\"@type\":\"ReadAction\",\"target\":[\"https:\/\/yyo.nl\/rechtsgebieden\/letselschade\/verkeersongeval\/\"]}]},{\"@type\":\"BreadcrumbList\",\"@id\":\"https:\/\/yyo.nl\/rechtsgebieden\/letselschade\/verkeersongeval\/#breadcrumb\",\"itemListElement\":[{\"@type\":\"ListItem\",\"position\":1,\"name\":\"Home\",\"item\":\"https:\/\/yyo.nl\/\"},{\"@type\":\"ListItem\",\"position\":2,\"name\":\"Rechtsgebieden\",\"item\":\"https:\/\/yyo.nl\/rechtsgebieden\/\"},{\"@type\":\"ListItem\",\"position\":3,\"name\":\"Letselschade\",\"item\":\"https:\/\/yyo.nl\/rechtsgebieden\/letselschade\/\"},{\"@type\":\"ListItem\",\"position\":4,\"name\":\"Verkeersongeval\"}]},{\"@type\":\"WebSite\",\"@id\":\"https:\/\/yyo.nl\/#website\",\"url\":\"https:\/\/yyo.nl\/\",\"name\":\"YYO Letselschadeadvocaat Rotterdam\",\"description\":\"Letselschadeadvocaat Rotterdam\",\"potentialAction\":[{\"@type\":\"SearchAction\",\"target\":{\"@type\":\"EntryPoint\",\"urlTemplate\":\"https:\/\/yyo.nl\/?s={search_term_string}\"},\"query-input\":\"required name=search_term_string\"}],\"inLanguage\":\"tr\"}]}<\/script>\n<!-- \/ Yoast SEO plugin. -->","yoast_head_json":{"title":"Professionele juridische hulp bij letselschade verkeersongeval","description":"Ontvang deskundige juridische bijstand bij letselschade. Wij helpen je met de grote impact van een verkeersongeval en zorgen voor een eerlijke schadevergoeding.","robots":{"index":"index","follow":"follow","max-snippet":"max-snippet:-1","max-image-preview":"max-image-preview:large","max-video-preview":"max-video-preview:-1"},"canonical":"https:\/\/yyo.nl\/tr\/rechtsgebieden\/letselschade\/verkeersongeval\/","og_locale":"tr_TR","og_type":"article","og_title":"Professionele juridische hulp bij letselschade verkeersongeval","og_description":"Ontvang deskundige juridische bijstand bij letselschade. Wij helpen je met de grote impact van een verkeersongeval en zorgen voor een eerlijke schadevergoeding.","og_url":"https:\/\/yyo.nl\/tr\/rechtsgebieden\/letselschade\/verkeersongeval\/","og_site_name":"YYO Letselschadeadvocaat Rotterdam","article_modified_time":"2024-09-01T11:17:26+00:00","twitter_card":"summary_large_image","twitter_misc":{"Tahmini okuma s\u00fcresi":"5 dakika"},"schema":{"@context":"https:\/\/schema.org","@graph":[{"@type":"WebPage","@id":"https:\/\/yyo.nl\/rechtsgebieden\/letselschade\/verkeersongeval\/","url":"https:\/\/yyo.nl\/rechtsgebieden\/letselschade\/verkeersongeval\/","name":"Professionele juridische hulp bij letselschade verkeersongeval","isPartOf":{"@id":"https:\/\/yyo.nl\/#website"},"datePublished":"2024-08-09T15:02:57+00:00","dateModified":"2024-09-01T11:17:26+00:00","description":"Ontvang deskundige juridische bijstand bij letselschade. Wij helpen je met de grote impact van een verkeersongeval en zorgen voor een eerlijke schadevergoeding.","breadcrumb":{"@id":"https:\/\/yyo.nl\/rechtsgebieden\/letselschade\/verkeersongeval\/#breadcrumb"},"inLanguage":"tr","potentialAction":[{"@type":"ReadAction","target":["https:\/\/yyo.nl\/rechtsgebieden\/letselschade\/verkeersongeval\/"]}]},{"@type":"BreadcrumbList","@id":"https:\/\/yyo.nl\/rechtsgebieden\/letselschade\/verkeersongeval\/#breadcrumb","itemListElement":[{"@type":"ListItem","position":1,"name":"Home","item":"https:\/\/yyo.nl\/"},{"@type":"ListItem","position":2,"name":"Rechtsgebieden","item":"https:\/\/yyo.nl\/rechtsgebieden\/"},{"@type":"ListItem","position":3,"name":"Letselschade","item":"https:\/\/yyo.nl\/rechtsgebieden\/letselschade\/"},{"@type":"ListItem","position":4,"name":"Verkeersongeval"}]},{"@type":"WebSite","@id":"https:\/\/yyo.nl\/#website","url":"https:\/\/yyo.nl\/","name":"YYO Letselschadeadvocaat Rotterdam","description":"Letselschadeadvocaat Rotterdam","potentialAction":[{"@type":"SearchAction","target":{"@type":"EntryPoint","urlTemplate":"https:\/\/yyo.nl\/?s={search_term_string}"},"query-input":"required name=search_term_string"}],"inLanguage":"tr"}]}},"_links":{"self":[{"href":"https:\/\/yyo.nl\/tr\/wp-json\/wp\/v2\/pages\/21643"}],"collection":[{"href":"https:\/\/yyo.nl\/tr\/wp-json\/wp\/v2\/pages"}],"about":[{"href":"https:\/\/yyo.nl\/tr\/wp-json\/wp\/v2\/types\/page"}],"author":[{"embeddable":true,"href":"https:\/\/yyo.nl\/tr\/wp-json\/wp\/v2\/users\/2"}],"replies":[{"embeddable":true,"href":"https:\/\/yyo.nl\/tr\/wp-json\/wp\/v2\/comments?post=21643"}],"version-history":[{"count":4,"href":"https:\/\/yyo.nl\/tr\/wp-json\/wp\/v2\/pages\/21643\/revisions"}],"predecessor-version":[{"id":21660,"href":"https:\/\/yyo.nl\/tr\/wp-json\/wp\/v2\/pages\/21643\/revisions\/21660"}],"up":[{"embeddable":true,"href":"https:\/\/yyo.nl\/tr\/wp-json\/wp\/v2\/pages\/21622"}],"wp:attachment":[{"href":"https:\/\/yyo.nl\/tr\/wp-json\/wp\/v2\/media?parent=21643"}],"curies":[{"name":"wp","href":"https:\/\/api.w.org\/{rel}","templated":true}]}}