{"id":21649,"date":"2024-08-09T15:07:46","date_gmt":"2024-08-09T15:07:46","guid":{"rendered":"https:\/\/yyo.nl\/?page_id=21649"},"modified":"2024-09-01T13:18:39","modified_gmt":"2024-09-01T11:18:39","slug":"medische-fout","status":"publish","type":"page","link":"https:\/\/yyo.nl\/tr\/rechtsgebieden\/letselschade\/medische-fout\/","title":{"rendered":"T\u0131bbi hata"},"content":{"rendered":"<div class=\"wpb-content-wrapper\"><section class=\"vc_row wpb_row vc_row-fluid  vc_custom_1722862787258\"><div class=\"wpb_column vc_column_container vc_col-sm-12  col-xs-mobile-fullwidth\"><div class=\"vc_column-inner\"><div class=\"wpb_wrapper\"><div class=\"last-paragraph-no-margin\"><h2>Deneyimli ki\u015fisel yaralanma avukat\u0131 t\u0131bbi uygulama hatas\u0131: sizin hakk\u0131n\u0131z, bizim endi\u015femiz!<\/h2>\n<p>T\u0131bbi bir hata hayat\u0131n\u0131z\u0131 \u00f6nemli \u00f6l\u00e7\u00fcde de\u011fi\u015ftirebilir. Fiziksel ac\u0131 veya duygusal stres ya\u015fayabilir ve sa\u011fl\u0131k hizmeti sa\u011flay\u0131c\u0131lar\u0131 taraf\u0131ndan ciddiye al\u0131nmad\u0131\u011f\u0131n\u0131z\u0131 hissedebilirsiniz.<\/p>\n<p>T\u0131bbi uygulama hatas\u0131 ma\u011fduru olarak, u\u011frad\u0131\u011f\u0131n\u0131z zararlar i\u00e7in tazminat alma hakk\u0131na sahipsiniz. \u0130ster bir hasta ister bir ma\u011fdurun aile \u00fcyesi olun, yasal konumunuzu anlaman\u0131z ve adil bir tazminat i\u00e7in ad\u0131mlar atman\u0131z \u00f6nemlidir.<\/p>\n<p>Deneyimli ki\u015fisel yaralanma uzmanlar\u0131ndan olu\u015fan ekibimiz size yard\u0131mc\u0131 olmaya haz\u0131r. Hukuki dan\u0131\u015fmanl\u0131ktan davaya kadar size nas\u0131l destek olabilece\u011fimizi \u00f6\u011frenin.<\/p>\n<h2>T\u0131bbi uygulama hatas\u0131 ne zaman olur?<\/h2>\n<p>T\u0131bbi uygulama hatas\u0131, bir t\u0131p doktorunun ihmali veya dikkatsizli\u011fi nedeniyle ortaya \u00e7\u0131kan ve hasta olarak sizi gereksiz zarar veya yaralanma gibi ciddi sonu\u00e7larla kar\u015f\u0131 kar\u015f\u0131ya b\u0131rakan \u00f6nlenebilir bir durumdur. Olas\u0131 nedenler aras\u0131nda bak\u0131m eksikli\u011fi veya standart t\u0131bbi uygulamadan sapan yanl\u0131\u015f eylemler veya yanl\u0131\u015f kararlar gibi uygunsuz bak\u0131m sa\u011flanmas\u0131 yer al\u0131r.<\/p>\n<p><strong>T\u0131bbi hata \u00f6rnekleri<\/strong><\/p>\n<ul>\n<li>Yanl\u0131\u015f te\u015fhis veya yanl\u0131\u015f tan\u0131: bir t\u0131p uzman\u0131n\u0131n bir hastal\u0131\u011f\u0131 veya durumu do\u011fru bir \u015fekilde tan\u0131mlamamas\u0131<\/li>\n<li>Cerrahi hata veya yanl\u0131\u015f t\u0131bbi prosed\u00fcr: v\u00fccudun yanl\u0131\u015f taraf\u0131nda ameliyat yap\u0131lmas\u0131, aletlerin veya t\u0131bbi malzemelerin v\u00fccutta b\u0131rak\u0131lmas\u0131 veya ameliyat s\u0131ras\u0131nda organlara zarar verilmesi gibi<\/li>\n<li>\u0130la\u00e7 hatas\u0131: yanl\u0131\u015f ila\u00e7, gerekli ila\u00e7lar\u0131n yanl\u0131\u015f dozlarda verilmesi veya olas\u0131 alerjilerin veya di\u011fer ila\u00e7larla etkile\u015fimlerin kontrol edilmemesi<\/li>\n<li>Gecikmi\u015f veya uygunsuz tedavi: Bunlar \u00e7o\u011funlukla, \u00f6rne\u011fin sezaryenin ge\u00e7 yap\u0131ld\u0131\u011f\u0131 veya uygun \u015fekilde denetlenmedi\u011fi do\u011fum gibi acil durumlarla ilgilidir<\/li>\n<\/ul>\n<h2>T\u0131bbi hata ile komplikasyon aras\u0131ndaki fark<\/h2>\n<p>\u00c7e\u015fitli t\u0131bbi olay t\u00fcrleri vard\u0131r, ancak bunlar\u0131 bir komplikasyondan ay\u0131r\u0131r\u0131z. Aralar\u0131ndaki fark nedir?<\/p>\n<ul>\n<li>A<strong> t\u0131bbi hata<\/strong> sa\u011fl\u0131k hizmeti sa\u011flay\u0131c\u0131s\u0131n\u0131n ihmali veya dikkatsizli\u011finden kaynaklan\u0131r. Dolay\u0131s\u0131yla t\u0131bbi bir hata, daha dikkatli davran\u0131larak \u00f6nlenebilecek kusurlu bir hatad\u0131r.<\/li>\n<li>A <strong>KOMPL\u0130KASYON <\/strong>do\u011fru t\u0131bbi bak\u0131ma ra\u011fmen \u00f6ng\u00f6r\u00fclemeyen ve \u00f6nlenemeyen sorunlar ortaya \u00e7\u0131kt\u0131\u011f\u0131nda olu\u015fur. Sa\u011fl\u0131k hizmeti sa\u011flay\u0131c\u0131s\u0131 ge\u00e7erli t\u0131bbi standartlara g\u00f6re her \u015feyi do\u011fru yapm\u0131\u015f olsa bile komplikasyonlar ortaya \u00e7\u0131kabilir.<\/li>\n<\/ul>\n<p>Her ikisi de \u00f6nemli sonu\u00e7lar do\u011furabilse de, bu ayr\u0131m\u0131 yapmak \u00e7ok \u00f6nemlidir \u00e7\u00fcnk\u00fc sorumlulu\u011fu ve tazminat hakk\u0131n\u0131 belirler. T\u0131bbi bir hatada, sa\u011fl\u0131k hizmeti sa\u011flay\u0131c\u0131s\u0131 sorumlu iken, komplikasyonlar genellikle do\u011fru t\u0131bbi tedavinin sonucu oldu\u011fu i\u00e7in sorumlulu\u011fa yol a\u00e7maz.<\/p>\n<h2>Bir t\u0131bbi hata ma\u011fduru olarak ne yapmal\u0131s\u0131n\u0131z?<\/h2>\n<p>T\u0131bbi bir hatan\u0131n kurban\u0131 m\u0131 oldunuz? E\u011fer \u00f6yleyse, bunu bildirmek, m\u00fcmk\u00fcn olan t\u00fcm kan\u0131tlar\u0131 toplamak ve adil bir tazminat elde etmek i\u00e7in yasal i\u015flem yapmay\u0131 d\u00fc\u015f\u00fcnmek \u00e7ok \u00f6nemlidir. Bunlar at\u0131lacak en iyi ad\u0131mlard\u0131r:<\/p>\n<p>Ad\u0131m 1<\/p>\n<p>Gerekirse iyile\u015fmek i\u00e7in derhal t\u0131bbi yard\u0131m al\u0131n. Daha fazla hasar\u0131 \u00f6nlemek i\u00e7in gerekli t\u0131bbi bak\u0131m\u0131 ald\u0131\u011f\u0131n\u0131zdan emin olun.<\/p>\n<p>Ad\u0131m 2<\/p>\n<p>Durumunuzu de\u011ferlendirmesi i\u00e7in ba\u015fka bir t\u0131p uzman\u0131ndan yard\u0131m al\u0131n. Bu, davan\u0131z\u0131n t\u0131bbi disiplin mahkemesi taraf\u0131ndan g\u00f6r\u00fclmesi gerekti\u011finde, tedavinin veya hatan\u0131n do\u011frulu\u011fu hakk\u0131nda ek kan\u0131t sa\u011flayabilir.<\/p>\n<p>Ad\u0131m 3<\/p>\n<p>T\u0131bbi kay\u0131tlar\u0131n\u0131z, tan\u0131k ifadeleri ve foto\u011fraflar gibi kan\u0131tlar\u0131 toplay\u0131n. Ayr\u0131ca t\u00fcm t\u0131bbi harcamalar\u0131, gelir kayb\u0131n\u0131 ve di\u011fer ilgili masraflar\u0131 kaydedin.<\/p>\n<p>Ad\u0131m 4<\/p>\n<p>Hatay\u0131 ilgili sa\u011fl\u0131k kurulu\u015funa bildirin, fiziksel yaralanma ve\/veya psikolojik zararla ilgili resmi bir \u015fikayette bulunun ve ilgili doktor veya sa\u011fl\u0131k hizmeti sa\u011flay\u0131c\u0131s\u0131n\u0131 sorumlu tutun.<\/p>\n<p>Ad\u0131m 5<\/p>\n<p>Durumunuz hayat\u0131n\u0131z\u0131 etkilediyse veya kendinizi g\u00fcvensiz hissediyorsan\u0131z bu son ad\u0131m\u0131 da atabilirsiniz. Ki\u015fisel yaralanma konusunda uzmanla\u015fm\u0131\u015f bir avukat gibi bir hukuk uzman\u0131ndan tavsiye al\u0131n. Bir profesyonel, davan\u0131z\u0131 nas\u0131l olu\u015fturaca\u011f\u0131n\u0131z\u0131, t\u00fcm masraflar\u0131 ve sonu\u00e7lar\u0131 nas\u0131l belgeleyece\u011finizi ve yasal prosed\u00fcrlerin nas\u0131l i\u015fledi\u011fini tam olarak bilecektir.<\/p>\n<p>Bu ad\u0131mlar, bir hak talebi i\u00e7in sa\u011flam bir temel olu\u015fturman\u0131za yard\u0131mc\u0131 olacak ve daha hedefe y\u00f6nelik yasal yard\u0131m alman\u0131z\u0131 sa\u011flayacakt\u0131r.<\/p>\n<h2>T\u0131bbi uygulama hatas\u0131 i\u00e7in ne kadar tazminat almaya hak kazan\u0131rs\u0131n\u0131z?<\/h2>\n<p>Maddi ve manevi hasar aras\u0131nda fark vard\u0131r. Maddi hasar, yap\u0131lan t\u00fcm sa\u011fl\u0131k masraflar\u0131 (ila\u00e7, hastane, fizyoterapi vb.), evinize yap\u0131lan yard\u0131m ve ayarlamalar i\u00e7in yap\u0131lan masraflar ve gelir kayb\u0131 anlam\u0131na gelir. Bu konuda faturalar, raporlar ve notlar \u015feklinde net kan\u0131tlar toplayabilirsiniz.<\/p>\n<p>Maddi olmayan zararlar\u0131n kan\u0131tlanmas\u0131 biraz daha zordur. Bununla, t\u0131bbi bir hatan\u0131n neden oldu\u011fu fiziksel ac\u0131 ve duygusal etkinin telafisi olarak tazminat\u0131 kastediyoruz. Endi\u015feli hale gelmi\u015f veya hatta depresyondan muzdarip olabilirsiniz. Ya\u015fam kalitenizin nas\u0131l etkilendi\u011fini anlatabilmeniz \u00f6nemlidir. Bu konuda size yard\u0131mc\u0131 olmaktan mutluluk duyar\u0131z.<\/p>\n<p><strong>Sevgi hasar\u0131<\/strong><\/p>\n<p>E\u015finiz veya \u00e7ocuklar\u0131n\u0131z bak\u0131m\u0131n\u0131za veya gelirinize ba\u011f\u0131ml\u0131 m\u0131? Ve de\u011fi\u015fen hayat\u0131n\u0131z sevdikleriniz \u00fczerinde de b\u00fcy\u00fck bir etki yaratt\u0131 m\u0131? Tazminat\u0131n\u0131z\u0131 yeniden olu\u015fturman\u0131za veya daha y\u00fcksek bir miktar talep etmenize yard\u0131mc\u0131 olabilmemiz i\u00e7in sevgi hasar\u0131 konusunda tavsiye isteyin.<\/p>\n<h2>T\u0131bbi ki\u015fisel yaralanma avukat\u0131ndan hukuki yard\u0131m<\/h2>\n<p>Sorumluluk tespit edildi\u011finde veya kan\u0131tlanabildi\u011finde, yard\u0131m\u0131m\u0131z sizin i\u00e7in \u00fccretsizdir. Ke\u015ffedin <a href=\"https:\/\/yyo.nl\/tr\/werkwijze\/\">Burada<\/a> Bu neden b\u00f6yle.<\/p>\n<p>Size yard\u0131mc\u0131 olabilmemizin \u00e7e\u015fitli yollar\u0131 vard\u0131r. Hukuki yard\u0131m, tavsiye vermekten davan\u0131n tamam\u0131n\u0131 \u00fcstlenmeye kadar uzanmaktad\u0131r. Ekibimizde avukatlar ve hukuk m\u00fc\u015favirlerinin yan\u0131 s\u0131ra t\u0131bbi tavsiyelerde bulunabilecek bir sa\u011fl\u0131k uzman\u0131 da yer almaktad\u0131r.<\/p>\n<p>Daha sonra t\u0131bbi kay\u0131tlar\u0131n\u0131z\u0131 ve kan\u0131tlar\u0131n\u0131z\u0131 eksiksiz hale getirmek i\u00e7in \u00e7al\u0131\u015fmaya ba\u015flar\u0131z. Bu bize sorumlu tarafla m\u00fczakere etmek i\u00e7in iyi bir temel sa\u011flar. YYO ki\u015fisel yaralanma avukat\u0131 gerekirse sizin i\u00e7in mahkemeye de gidecektir.<\/p>\n<p>Bize hikayenizi anlat\u0131n. O zaman size maruz kald\u0131\u011f\u0131n\u0131z t\u0131bbi hatan\u0131n sorumlulu\u011fu hakk\u0131nda uygun bilgileri verece\u011fiz. Bizimle do\u011frudan ileti\u015fime ge\u00e7in. Hi\u00e7bir y\u00fck\u00fcml\u00fcl\u00fck alt\u0131na girmeden 010 - 766 1453 numaral\u0131 telefonu arayarak veya info@yyo.nl adresine e-posta g\u00f6ndererek randevu al\u0131n.<\/p>\n<\/div><a  href=\"https:\/\/yyo.nl\/tr\/contact\/\" target=\"_self\" class=\"btn pofo-button-1 button-style1  btn-dark-gray  btn-large  vc_custom_1722863848320\" >\u0130leti\u015fim<\/a><\/div><\/div><\/div><\/section>\n<\/div>","protected":false},"excerpt":{"rendered":"Deneyimli ki\u015fisel yaralanma avukat\u0131 t\u0131bbi hata: sizin hakk\u0131n\u0131z, bizim endi\u015femiz! T\u0131bbi bir hata hayat\u0131n\u0131z\u0131 \u00f6nemli \u00f6l\u00e7\u00fcde de\u011fi\u015ftirebilir. Fiziksel ac\u0131 veya duygusal stres ya\u015fayabilir ve sa\u011fl\u0131k hizmeti sa\u011flay\u0131c\u0131lar\u0131 taraf\u0131ndan ciddiye al\u0131nmad\u0131\u011f\u0131n\u0131z\u0131 hissedebilirsiniz. T\u0131bbi uygulama hatas\u0131 ma\u011fduru olarak, u\u011frad\u0131\u011f\u0131n\u0131z zararlar i\u00e7in tazminat alma hakk\u0131n\u0131z vard\u0131r. \u0130ster bir hasta ister bir ma\u011fdurun aile \u00fcyesi olun, yasal konumunuzu anlaman\u0131z ve adil tazminat i\u00e7in ad\u0131mlar atman\u0131z \u00f6nemlidir. Deneyimli ki\u015fisel yaralanma uzmanlar\u0131ndan olu\u015fan ekibimiz size yard\u0131mc\u0131 olmaya haz\u0131rd\u0131r. Hukuki dan\u0131\u015fmanl\u0131ktan dava a\u00e7maya kadar sizi nas\u0131l destekleyebilece\u011fimizi \u00f6\u011frenin. T\u0131bbi uygulama hatas\u0131 ne zaman olur? T\u0131bbi uygulama hatas\u0131, bir t\u0131p doktorunun ihmali veya dikkatsizli\u011fi sonucu ortaya \u00e7\u0131kan ve hasta olarak sizi gereksiz hasar veya yaralanma gibi ciddi sonu\u00e7larla kar\u015f\u0131 kar\u015f\u0131ya b\u0131rakan \u00f6nlenebilir bir durumdur. Olas\u0131 nedenler aras\u0131nda bak\u0131m eksikli\u011fi veya standart t\u0131bbi uygulamadan sapan yanl\u0131\u015f eylemler veya yanl\u0131\u015f kararlar gibi uygunsuz bak\u0131m sa\u011flanmas\u0131 yer al\u0131r. T\u0131bbi hata \u00f6rnekleri Yanl\u0131\u015f te\u015fhis veya yanl\u0131\u015f tan\u0131: bir t\u0131p uzman\u0131n\u0131n bir hastal\u0131\u011f\u0131 veya durumu do\u011fru bir \u015fekilde tan\u0131mlamamas\u0131 Cerrahi hata veya yanl\u0131\u015f t\u0131bbi prosed\u00fcr: v\u00fccudun yanl\u0131\u015f taraf\u0131nda ameliyat yap\u0131lmas\u0131, aletler veya t\u0131bbi...","protected":false},"author":2,"featured_media":0,"parent":21622,"menu_order":0,"comment_status":"closed","ping_status":"closed","template":"","meta":{"footnotes":""},"class_list":["post-21649","page","type-page","status-publish","hentry"],"yoast_head":"<!-- This site is optimized with the Yoast SEO plugin v23.3 - https:\/\/yoast.com\/wordpress\/plugins\/seo\/ -->\n<title>Letselschade advocaat medische fout | Advies en juridische hulp<\/title>\n<meta name=\"description\" content=\"Ben jij slachtoffer van een medische fout? Ontdek hoe wij zorgen voor de medische aansprakelijkheid vanuit je medisch dossier en compensatie regelen.\" \/>\n<meta name=\"robots\" content=\"index, follow, max-snippet:-1, max-image-preview:large, max-video-preview:-1\" \/>\n<link rel=\"canonical\" href=\"https:\/\/yyo.nl\/tr\/rechtsgebieden\/letselschade\/medische-fout\/\" \/>\n<meta property=\"og:locale\" content=\"tr_TR\" \/>\n<meta property=\"og:type\" content=\"article\" \/>\n<meta property=\"og:title\" content=\"Letselschade advocaat medische fout | Advies en juridische hulp\" \/>\n<meta property=\"og:description\" content=\"Ben jij slachtoffer van een medische fout? Ontdek hoe wij zorgen voor de medische aansprakelijkheid vanuit je medisch dossier en compensatie regelen.\" \/>\n<meta property=\"og:url\" content=\"https:\/\/yyo.nl\/tr\/rechtsgebieden\/letselschade\/medische-fout\/\" \/>\n<meta property=\"og:site_name\" content=\"YYO Letselschadeadvocaat Rotterdam\" \/>\n<meta property=\"article:modified_time\" content=\"2024-09-01T11:18:39+00:00\" \/>\n<meta name=\"twitter:card\" content=\"summary_large_image\" \/>\n<meta name=\"twitter:label1\" content=\"Tahmini okuma s\u00fcresi\" \/>\n\t<meta name=\"twitter:data1\" content=\"5 dakika\" \/>\n<script type=\"application\/ld+json\" class=\"yoast-schema-graph\">{\"@context\":\"https:\/\/schema.org\",\"@graph\":[{\"@type\":\"WebPage\",\"@id\":\"https:\/\/yyo.nl\/rechtsgebieden\/letselschade\/medische-fout\/\",\"url\":\"https:\/\/yyo.nl\/rechtsgebieden\/letselschade\/medische-fout\/\",\"name\":\"Letselschade advocaat medische fout | Advies en juridische hulp\",\"isPartOf\":{\"@id\":\"https:\/\/yyo.nl\/#website\"},\"datePublished\":\"2024-08-09T15:07:46+00:00\",\"dateModified\":\"2024-09-01T11:18:39+00:00\",\"description\":\"Ben jij slachtoffer van een medische fout? Ontdek hoe wij zorgen voor de medische aansprakelijkheid vanuit je medisch dossier en compensatie regelen.\",\"breadcrumb\":{\"@id\":\"https:\/\/yyo.nl\/rechtsgebieden\/letselschade\/medische-fout\/#breadcrumb\"},\"inLanguage\":\"tr\",\"potentialAction\":[{\"@type\":\"ReadAction\",\"target\":[\"https:\/\/yyo.nl\/rechtsgebieden\/letselschade\/medische-fout\/\"]}]},{\"@type\":\"BreadcrumbList\",\"@id\":\"https:\/\/yyo.nl\/rechtsgebieden\/letselschade\/medische-fout\/#breadcrumb\",\"itemListElement\":[{\"@type\":\"ListItem\",\"position\":1,\"name\":\"Home\",\"item\":\"https:\/\/yyo.nl\/\"},{\"@type\":\"ListItem\",\"position\":2,\"name\":\"Rechtsgebieden\",\"item\":\"https:\/\/yyo.nl\/rechtsgebieden\/\"},{\"@type\":\"ListItem\",\"position\":3,\"name\":\"Letselschade\",\"item\":\"https:\/\/yyo.nl\/rechtsgebieden\/letselschade\/\"},{\"@type\":\"ListItem\",\"position\":4,\"name\":\"Medische fout\"}]},{\"@type\":\"WebSite\",\"@id\":\"https:\/\/yyo.nl\/#website\",\"url\":\"https:\/\/yyo.nl\/\",\"name\":\"YYO Letselschadeadvocaat Rotterdam\",\"description\":\"Letselschadeadvocaat Rotterdam\",\"potentialAction\":[{\"@type\":\"SearchAction\",\"target\":{\"@type\":\"EntryPoint\",\"urlTemplate\":\"https:\/\/yyo.nl\/?s={search_term_string}\"},\"query-input\":\"required name=search_term_string\"}],\"inLanguage\":\"tr\"}]}<\/script>\n<!-- \/ Yoast SEO plugin. -->","yoast_head_json":{"title":"Letselschade advocaat medische fout | Advies en juridische hulp","description":"Ben jij slachtoffer van een medische fout? Ontdek hoe wij zorgen voor de medische aansprakelijkheid vanuit je medisch dossier en compensatie regelen.","robots":{"index":"index","follow":"follow","max-snippet":"max-snippet:-1","max-image-preview":"max-image-preview:large","max-video-preview":"max-video-preview:-1"},"canonical":"https:\/\/yyo.nl\/tr\/rechtsgebieden\/letselschade\/medische-fout\/","og_locale":"tr_TR","og_type":"article","og_title":"Letselschade advocaat medische fout | Advies en juridische hulp","og_description":"Ben jij slachtoffer van een medische fout? Ontdek hoe wij zorgen voor de medische aansprakelijkheid vanuit je medisch dossier en compensatie regelen.","og_url":"https:\/\/yyo.nl\/tr\/rechtsgebieden\/letselschade\/medische-fout\/","og_site_name":"YYO Letselschadeadvocaat Rotterdam","article_modified_time":"2024-09-01T11:18:39+00:00","twitter_card":"summary_large_image","twitter_misc":{"Tahmini okuma s\u00fcresi":"5 dakika"},"schema":{"@context":"https:\/\/schema.org","@graph":[{"@type":"WebPage","@id":"https:\/\/yyo.nl\/rechtsgebieden\/letselschade\/medische-fout\/","url":"https:\/\/yyo.nl\/rechtsgebieden\/letselschade\/medische-fout\/","name":"Letselschade advocaat medische fout | Advies en juridische hulp","isPartOf":{"@id":"https:\/\/yyo.nl\/#website"},"datePublished":"2024-08-09T15:07:46+00:00","dateModified":"2024-09-01T11:18:39+00:00","description":"Ben jij slachtoffer van een medische fout? Ontdek hoe wij zorgen voor de medische aansprakelijkheid vanuit je medisch dossier en compensatie regelen.","breadcrumb":{"@id":"https:\/\/yyo.nl\/rechtsgebieden\/letselschade\/medische-fout\/#breadcrumb"},"inLanguage":"tr","potentialAction":[{"@type":"ReadAction","target":["https:\/\/yyo.nl\/rechtsgebieden\/letselschade\/medische-fout\/"]}]},{"@type":"BreadcrumbList","@id":"https:\/\/yyo.nl\/rechtsgebieden\/letselschade\/medische-fout\/#breadcrumb","itemListElement":[{"@type":"ListItem","position":1,"name":"Home","item":"https:\/\/yyo.nl\/"},{"@type":"ListItem","position":2,"name":"Rechtsgebieden","item":"https:\/\/yyo.nl\/rechtsgebieden\/"},{"@type":"ListItem","position":3,"name":"Letselschade","item":"https:\/\/yyo.nl\/rechtsgebieden\/letselschade\/"},{"@type":"ListItem","position":4,"name":"Medische fout"}]},{"@type":"WebSite","@id":"https:\/\/yyo.nl\/#website","url":"https:\/\/yyo.nl\/","name":"YYO Letselschadeadvocaat Rotterdam","description":"Letselschadeadvocaat Rotterdam","potentialAction":[{"@type":"SearchAction","target":{"@type":"EntryPoint","urlTemplate":"https:\/\/yyo.nl\/?s={search_term_string}"},"query-input":"required name=search_term_string"}],"inLanguage":"tr"}]}},"_links":{"self":[{"href":"https:\/\/yyo.nl\/tr\/wp-json\/wp\/v2\/pages\/21649"}],"collection":[{"href":"https:\/\/yyo.nl\/tr\/wp-json\/wp\/v2\/pages"}],"about":[{"href":"https:\/\/yyo.nl\/tr\/wp-json\/wp\/v2\/types\/page"}],"author":[{"embeddable":true,"href":"https:\/\/yyo.nl\/tr\/wp-json\/wp\/v2\/users\/2"}],"replies":[{"embeddable":true,"href":"https:\/\/yyo.nl\/tr\/wp-json\/wp\/v2\/comments?post=21649"}],"version-history":[{"count":1,"href":"https:\/\/yyo.nl\/tr\/wp-json\/wp\/v2\/pages\/21649\/revisions"}],"predecessor-version":[{"id":21650,"href":"https:\/\/yyo.nl\/tr\/wp-json\/wp\/v2\/pages\/21649\/revisions\/21650"}],"up":[{"embeddable":true,"href":"https:\/\/yyo.nl\/tr\/wp-json\/wp\/v2\/pages\/21622"}],"wp:attachment":[{"href":"https:\/\/yyo.nl\/tr\/wp-json\/wp\/v2\/media?parent=21649"}],"curies":[{"name":"wp","href":"https:\/\/api.w.org\/{rel}","templated":true}]}}