{"id":21651,"date":"2024-08-09T15:10:03","date_gmt":"2024-08-09T15:10:03","guid":{"rendered":"https:\/\/yyo.nl\/?page_id=21651"},"modified":"2024-09-01T13:19:10","modified_gmt":"2024-09-01T11:19:10","slug":"overlijdensschade","status":"publish","type":"page","link":"https:\/\/yyo.nl\/tr\/rechtsgebieden\/letselschade\/overlijdensschade\/","title":{"rendered":"\u00d6l\u00fcm hasar\u0131"},"content":{"rendered":"<div class=\"wpb-content-wrapper\"><section class=\"vc_row wpb_row vc_row-fluid  vc_custom_1722862787258\"><div class=\"wpb_column vc_column_container vc_col-sm-12  col-xs-mobile-fullwidth\"><div class=\"vc_column-inner\"><div class=\"wpb_wrapper\"><div class=\"last-paragraph-no-margin\"><h2>\u00d6l\u00fcm yaralanmas\u0131 avukat\u0131: yasl\u0131 aileler i\u00e7in adalet<\/h2>\n<p>Sevdi\u011finiz birini bir kaza veya t\u0131bbi bir hata nedeniyle kaybetmek d\u00fcnyan\u0131z\u0131 alt\u00fcst eder. Yo\u011fun keder ve ailenizi ayakta tutma \u00fczerindeki ciddi etkinin yan\u0131 s\u0131ra, mali endi\u015felerle de u\u011fra\u015fmak zorunda kalabilirsiniz.<\/p>\n<p>Hayatta kalan bir ki\u015fi olarak, u\u011frad\u0131\u011f\u0131n\u0131z \u00f6l\u00fcm zararlar\u0131 i\u00e7in tazminat alma hakk\u0131n\u0131z olabilece\u011fini biliyor muydunuz? Haklar\u0131n\u0131z\u0131 bilmeniz ve adil bir tazminat i\u00e7in do\u011fru ad\u0131mlar\u0131 atman\u0131z \u00f6nemlidir.<\/p>\n<p>\u00d6l\u00fcm yaralanmas\u0131 avukatlar\u0131 bu zor zamanda size destek olur. \u00d6l\u00fcm yaralanmas\u0131n\u0131n ne oldu\u011funu ve size nas\u0131l yard\u0131mc\u0131 olabilece\u011fimizi \u00f6\u011frenin.<\/p>\n<h2>\u00d6l\u00fcm hasar\u0131 nedir?<\/h2>\n<p>\u00d6l\u00fcm zarar\u0131, sevilen bir ki\u015finin \u00f6l\u00fcm\u00fcn\u00fcn bir t\u0131p uzman\u0131, bir yol kullan\u0131c\u0131s\u0131 veya i\u015fverenin ihmali oldu\u011fu i\u015f s\u0131ras\u0131nda \u00fc\u00e7\u00fcnc\u00fc bir taraf\u0131n neden olmas\u0131 sonucu hayatta kalan akrabalar\u0131n u\u011frad\u0131\u011f\u0131 zarard\u0131r.<\/p>\n<p>\u00d6l\u00fcm hasar\u0131 davas\u0131n\u0131n ge\u00e7erli oldu\u011fu \u00f6rnekler \u015funlard\u0131r:<\/p>\n<ul>\n<li><a href=\"https:\/\/yyo.nl\/tr\/rechtsgebieden\/letselschade\/verkeersongeval\/\">Trafik kazalar\u0131<\/a><\/li>\n<li><a href=\"https:\/\/yyo.nl\/tr\/rechtsgebieden\/letselschade\/bedrijfsongeval\/\">End\u00fcstriyel kazalar<\/a><\/li>\n<li><a href=\"https:\/\/yyo.nl\/tr\/rechtsgebieden\/letselschade\/medische-fout\/\">T\u0131bbi hatalar<\/a><\/li>\n<li>\u015eiddet su\u00e7lar\u0131<\/li>\n<\/ul>\n<p>Ki\u015fisel yaralanma, \u00f6l\u00fcm hasar\u0131 ve sevgi hasar\u0131 aras\u0131ndaki fark<\/p>\n<p>Sevdi\u011finiz biri vefat etti\u011finde, bu elbette her zaman \u00e7ok \u00fcz\u00fcc\u00fcd\u00fcr ve kendi hayat\u0131n\u0131z\u0131n iplerini elinize alman\u0131z biraz zaman alabilir. Duygularla ba\u015fa \u00e7\u0131kman\u0131n yan\u0131 s\u0131ra bazen pratik ve mali zorluklarla da kar\u015f\u0131la\u015f\u0131rs\u0131n\u0131z.<\/p>\n<p>\u00d6l\u00fcme neden olduklar\u0131 i\u00e7in ba\u015fka bir taraf\u0131n sorumlu oldu\u011fu durumlarda, geride kalan ki\u015fi olarak tazminat alma hakk\u0131n\u0131z olabilir. Biz buna ki\u015fisel yaralanma de\u011fil, \u00f6l\u00fcm hasar\u0131 diyoruz.<\/p>\n<p><strong>Ki\u015fisel yaralanma<\/strong> = Yaralanmalara maruz kalan bir ki\u015finin u\u011frad\u0131\u011f\u0131 zararlar. Bu, fiziksel yaralanmalardan duygusal ve psikolojik hasara kadar de\u011fi\u015febilir. Bu sadece ma\u011fdur i\u00e7in ge\u00e7erlidir, en yak\u0131n akrabas\u0131 i\u00e7in ge\u00e7erli de\u011fildir.<\/p>\n<h2>Kimler tazminat almaya hak kazan\u0131r?<\/h2>\n<p>Hayatta kalanlar\u0131n hepsi \u00f6l\u00fcm tazminat\u0131 almaya uygun de\u011fildir. Yasaya g\u00f6re, a\u015fa\u011f\u0131daki ki\u015filer \u00f6l\u00fcm tazminat\u0131 talep edebilir:<\/p>\n<ul>\n<li>Partnerler (ma\u011fdurun kan\u0131tlanabilir bir \u015fekilde ortak bir evi payla\u015ft\u0131\u011f\u0131 yasal e\u015f, kay\u0131tl\u0131 partner veya hayat arkada\u015f\u0131)<\/li>\n<li>K\u00fc\u00e7\u00fck \u00e7ocuklar<\/li>\n<li>Ge\u00e7imlerinin m\u00fcteveffaya ba\u011fl\u0131 oldu\u011fu g\u00f6sterilebilirse b\u00fcy\u00fck \u00e7ocuklar<\/li>\n<li>Ge\u00e7imlerini sa\u011flamak i\u00e7in merhuma ba\u011f\u0131ml\u0131 olduklar\u0131 kan\u0131tlanabilirse ebeveynler<\/li>\n<li>M\u00fcteveffaya mali a\u00e7\u0131dan ba\u011f\u0131ml\u0131 olan di\u011fer aile \u00fcyeleri veya hane halk\u0131 \u00fcyeleri.<\/li>\n<\/ul>\n<h2>Tazminat nelerden olu\u015fuyor?<\/h2>\n<p>\u00d6l\u00fcm tazminat\u0131 \u00e7e\u015fitli fakt\u00f6rlere g\u00f6re belirlenir. Maddi zarar ve manevi zarar\u0131 birbirinden ay\u0131r\u0131yoruz.<\/p>\n<p><strong>Cenaze masraflar\u0131 <\/strong><\/p>\n<p>Cenaze masraflar\u0131, mezar ta\u015f\u0131, dini t\u00f6renler ve di\u011fer t\u00f6ren masraflar\u0131 da dahil olmak \u00fczere cenaze i\u00e7in gerekli t\u00fcm masraflar\u0131 i\u00e7erir. Bu masraflar \u00f6nemli \u00f6l\u00e7\u00fcde artabilir ve yak\u0131n akrabalar i\u00e7in acil bir mali y\u00fck olu\u015fturur. Herhangi bir cenaze sigortas\u0131 her zaman sigorta tutar\u0131 kadar masraf\u0131 kar\u015f\u0131layacakt\u0131r.<\/p>\n<p><strong>Ge\u00e7im kayna\u011f\u0131 kayb\u0131 <\/strong><\/p>\n<p>\u00d6l\u00fcmle birlikte hane halk\u0131 bir gelir kayna\u011f\u0131n\u0131 kaybeder ve bak\u0131m\u0131n bir par\u00e7as\u0131 ortadan kalkar. Bu durum, \u00f6zellikle de vefat eden ki\u015fi evin ge\u00e7imini sa\u011flayan ki\u015fi ise, yas tutan ki\u015fi \u00fczerinde \u00f6nemli bir mali etki yaratabilir.<\/p>\n<p><strong>Sevgi hasar\u0131<\/strong><\/p>\n<p>Medeni Kanun (Sevgi Tazminat\u0131 Yasas\u0131) birka\u00e7 y\u0131ld\u0131r yasl\u0131 ailelerin ya\u015fad\u0131\u011f\u0131 duygusal s\u0131k\u0131nt\u0131lar i\u00e7in de tazminat \u00f6ng\u00f6rmektedir. Biz buna sevgi zarar\u0131 diyoruz. Bu, sevilen bir ki\u015finin kayb\u0131yla ili\u015fkili keder ve ac\u0131n\u0131n kabul edilmesidir.<\/p>\n<h2>Vefat talepleri i\u00e7in uzman hukuki destek ve yard\u0131m<\/h2>\n<p>Bir \u00f6l\u00fcmle ba\u015fa \u00e7\u0131kmak zaten yeterince enerji gerektirir. Neye hakk\u0131n\u0131z oldu\u011funu bulmak ve yasal prosed\u00fcrleri ara\u015ft\u0131rmak isteyece\u011finiz son \u015feydir. YYO \u00f6l\u00fcm yaralanmas\u0131 avukat\u0131n\u0131n size yard\u0131mc\u0131 olmas\u0131na izin verin.<\/p>\n<p>Ki\u015fisel yaralanma avukatlar\u0131n\u0131n hizmetleri genellikle \u00fccretsizdir \u00e7\u00fcnk\u00fc sorumlu taraf masraflar\u0131m\u0131z\u0131 kar\u015f\u0131lamak zorundad\u0131r. T\u00fcm s\u00fcre\u00e7 boyunca size rehberlik ediyor ve \u00e7\u0131karlar\u0131n\u0131z i\u00e7in m\u00fccadele ediyoruz. \u00d6l\u00fcm hasarlar\u0131 i\u00e7in tazminat hesaplamas\u0131ndan (tazminat kalemleri) sigortac\u0131larla g\u00f6r\u00fc\u015fmeye ve gerekirse mahkemede dava a\u00e7maya kadar.<\/p>\n<p>Daha fazla bilgiye mi ihtiyac\u0131n\u0131z var? Ya da hi\u00e7bir y\u00fck\u00fcml\u00fcl\u00fck alt\u0131na girmeden randevu almak ister misiniz? Bug\u00fcn bize ula\u015f\u0131n <a href=\"https:\/\/yyo.nl\/tr\/contact\/\">\u0130leti\u015fim<\/a> bizimle. Size yard\u0131m etmeye haz\u0131r\u0131z.<\/p>\n<\/div><a  href=\"https:\/\/yyo.nl\/tr\/contact\/\" target=\"_self\" class=\"btn pofo-button-1 button-style1  btn-dark-gray  btn-large  vc_custom_1722863848320\" >\u0130leti\u015fim<\/a><\/div><\/div><\/div><\/section>\n<\/div>","protected":false},"excerpt":{"rendered":"\u00d6l\u00fcm yaralanmas\u0131 avukat\u0131: yasl\u0131 aileler i\u00e7in adalet Sevdi\u011finiz birini bir kaza veya t\u0131bbi hata nedeniyle kaybetmek d\u00fcnyan\u0131z\u0131 alt \u00fcst eder. Yo\u011fun keder ve ailenizi ayakta tutman\u0131n ciddi sonu\u00e7lar\u0131n\u0131n yan\u0131 s\u0131ra, mali kayg\u0131larla da u\u011fra\u015fmak zorunda kalabilirsiniz. Hayatta kalan biri olarak, u\u011frad\u0131\u011f\u0131n\u0131z \u00f6l\u00fcm zarar\u0131 i\u00e7in tazminat alma hakk\u0131n\u0131z olabilece\u011fini biliyor muydunuz? Haklar\u0131n\u0131z\u0131 bilmeniz ve adil bir tazminat i\u00e7in do\u011fru ad\u0131mlar\u0131 atman\u0131z \u00f6nemlidir. \u00d6l\u00fcm yaralanmas\u0131 avukatlar\u0131 bu zor zamanda destek sa\u011flar. \u00d6l\u00fcm yaralanmas\u0131n\u0131n ne oldu\u011funu ve size nas\u0131l yard\u0131mc\u0131 olabilece\u011fimizi \u00f6\u011frenin. \u00d6l\u00fcm hasar\u0131 nedir? \u00d6l\u00fcm tazminat\u0131, sevilen bir ki\u015finin, bir t\u0131p uzman\u0131, bir yol kullan\u0131c\u0131s\u0131 veya i\u015fveren ihmali durumunda i\u015f s\u0131ras\u0131nda \u00fc\u00e7\u00fcnc\u00fc bir taraf\u0131n neden oldu\u011fu \u00f6l\u00fcm\u00fcn\u00fcn bir sonucu olarak yasl\u0131 ailelerin maruz kald\u0131\u011f\u0131 zararlard\u0131r. Bir \u00f6l\u00fcm yaralanmas\u0131 davas\u0131n\u0131n ge\u00e7erli oldu\u011fu \u00f6rnekler \u015funlard\u0131r: Trafik kazalar\u0131 End\u00fcstriyel kazalar T\u0131bbi hatalar \u015eiddet su\u00e7lar\u0131 Ki\u015fisel yaralanma, \u00f6l\u00fcm hasar\u0131 ve sevgi hasar\u0131 aras\u0131ndaki fark Sevdi\u011finiz birini kaybetti\u011finizde, bu elbette her zaman \u00e7ok \u00fcz\u00fcc\u00fcd\u00fcr ve kendi hayat\u0131n\u0131z\u0131n iplerini tekrar ele alabilmeniz biraz zaman alabilir. Duygularla ba\u015fa \u00e7\u0131kman\u0131n yan\u0131 s\u0131ra, bazen pratik ve finansal zorluklarla da u\u011fra\u015fmak zorunda kal\u0131rs\u0131n\u0131z. Ne zaman...","protected":false},"author":2,"featured_media":0,"parent":21622,"menu_order":0,"comment_status":"closed","ping_status":"closed","template":"","meta":{"footnotes":""},"class_list":["post-21651","page","type-page","status-publish","hentry"],"yoast_head":"<!-- This site is optimized with the Yoast SEO plugin v23.3 - https:\/\/yoast.com\/wordpress\/plugins\/seo\/ -->\n<title>Zoek je een advocaat bij overlijdensschade? We zijn er voor je.<\/title>\n<meta name=\"description\" content=\"Overlijden door een ongeval of medische fout heeft grote impact. Ontvang schadevergoeding en juridische bijstand voor overlijdensschade. Wij helpen je.\" \/>\n<meta name=\"robots\" content=\"index, follow, max-snippet:-1, max-image-preview:large, max-video-preview:-1\" \/>\n<link rel=\"canonical\" href=\"https:\/\/yyo.nl\/tr\/rechtsgebieden\/letselschade\/overlijdensschade\/\" \/>\n<meta property=\"og:locale\" content=\"tr_TR\" \/>\n<meta property=\"og:type\" content=\"article\" \/>\n<meta property=\"og:title\" content=\"Zoek je een advocaat bij overlijdensschade? We zijn er voor je.\" \/>\n<meta property=\"og:description\" content=\"Overlijden door een ongeval of medische fout heeft grote impact. Ontvang schadevergoeding en juridische bijstand voor overlijdensschade. Wij helpen je.\" \/>\n<meta property=\"og:url\" content=\"https:\/\/yyo.nl\/tr\/rechtsgebieden\/letselschade\/overlijdensschade\/\" \/>\n<meta property=\"og:site_name\" content=\"YYO Letselschadeadvocaat Rotterdam\" \/>\n<meta property=\"article:modified_time\" content=\"2024-09-01T11:19:10+00:00\" \/>\n<meta name=\"twitter:card\" content=\"summary_large_image\" \/>\n<meta name=\"twitter:label1\" content=\"Tahmini okuma s\u00fcresi\" \/>\n\t<meta name=\"twitter:data1\" content=\"4 dakika\" \/>\n<script type=\"application\/ld+json\" class=\"yoast-schema-graph\">{\"@context\":\"https:\/\/schema.org\",\"@graph\":[{\"@type\":\"WebPage\",\"@id\":\"https:\/\/yyo.nl\/rechtsgebieden\/letselschade\/overlijdensschade\/\",\"url\":\"https:\/\/yyo.nl\/rechtsgebieden\/letselschade\/overlijdensschade\/\",\"name\":\"Zoek je een advocaat bij overlijdensschade? We zijn er voor je.\",\"isPartOf\":{\"@id\":\"https:\/\/yyo.nl\/#website\"},\"datePublished\":\"2024-08-09T15:10:03+00:00\",\"dateModified\":\"2024-09-01T11:19:10+00:00\",\"description\":\"Overlijden door een ongeval of medische fout heeft grote impact. Ontvang schadevergoeding en juridische bijstand voor overlijdensschade. Wij helpen je.\",\"breadcrumb\":{\"@id\":\"https:\/\/yyo.nl\/rechtsgebieden\/letselschade\/overlijdensschade\/#breadcrumb\"},\"inLanguage\":\"tr\",\"potentialAction\":[{\"@type\":\"ReadAction\",\"target\":[\"https:\/\/yyo.nl\/rechtsgebieden\/letselschade\/overlijdensschade\/\"]}]},{\"@type\":\"BreadcrumbList\",\"@id\":\"https:\/\/yyo.nl\/rechtsgebieden\/letselschade\/overlijdensschade\/#breadcrumb\",\"itemListElement\":[{\"@type\":\"ListItem\",\"position\":1,\"name\":\"Home\",\"item\":\"https:\/\/yyo.nl\/\"},{\"@type\":\"ListItem\",\"position\":2,\"name\":\"Rechtsgebieden\",\"item\":\"https:\/\/yyo.nl\/rechtsgebieden\/\"},{\"@type\":\"ListItem\",\"position\":3,\"name\":\"Letselschade\",\"item\":\"https:\/\/yyo.nl\/rechtsgebieden\/letselschade\/\"},{\"@type\":\"ListItem\",\"position\":4,\"name\":\"Overlijdensschade\"}]},{\"@type\":\"WebSite\",\"@id\":\"https:\/\/yyo.nl\/#website\",\"url\":\"https:\/\/yyo.nl\/\",\"name\":\"YYO Letselschadeadvocaat Rotterdam\",\"description\":\"Letselschadeadvocaat Rotterdam\",\"potentialAction\":[{\"@type\":\"SearchAction\",\"target\":{\"@type\":\"EntryPoint\",\"urlTemplate\":\"https:\/\/yyo.nl\/?s={search_term_string}\"},\"query-input\":\"required name=search_term_string\"}],\"inLanguage\":\"tr\"}]}<\/script>\n<!-- \/ Yoast SEO plugin. -->","yoast_head_json":{"title":"Zoek je een advocaat bij overlijdensschade? We zijn er voor je.","description":"Overlijden door een ongeval of medische fout heeft grote impact. Ontvang schadevergoeding en juridische bijstand voor overlijdensschade. Wij helpen je.","robots":{"index":"index","follow":"follow","max-snippet":"max-snippet:-1","max-image-preview":"max-image-preview:large","max-video-preview":"max-video-preview:-1"},"canonical":"https:\/\/yyo.nl\/tr\/rechtsgebieden\/letselschade\/overlijdensschade\/","og_locale":"tr_TR","og_type":"article","og_title":"Zoek je een advocaat bij overlijdensschade? We zijn er voor je.","og_description":"Overlijden door een ongeval of medische fout heeft grote impact. Ontvang schadevergoeding en juridische bijstand voor overlijdensschade. Wij helpen je.","og_url":"https:\/\/yyo.nl\/tr\/rechtsgebieden\/letselschade\/overlijdensschade\/","og_site_name":"YYO Letselschadeadvocaat Rotterdam","article_modified_time":"2024-09-01T11:19:10+00:00","twitter_card":"summary_large_image","twitter_misc":{"Tahmini okuma s\u00fcresi":"4 dakika"},"schema":{"@context":"https:\/\/schema.org","@graph":[{"@type":"WebPage","@id":"https:\/\/yyo.nl\/rechtsgebieden\/letselschade\/overlijdensschade\/","url":"https:\/\/yyo.nl\/rechtsgebieden\/letselschade\/overlijdensschade\/","name":"Zoek je een advocaat bij overlijdensschade? We zijn er voor je.","isPartOf":{"@id":"https:\/\/yyo.nl\/#website"},"datePublished":"2024-08-09T15:10:03+00:00","dateModified":"2024-09-01T11:19:10+00:00","description":"Overlijden door een ongeval of medische fout heeft grote impact. Ontvang schadevergoeding en juridische bijstand voor overlijdensschade. Wij helpen je.","breadcrumb":{"@id":"https:\/\/yyo.nl\/rechtsgebieden\/letselschade\/overlijdensschade\/#breadcrumb"},"inLanguage":"tr","potentialAction":[{"@type":"ReadAction","target":["https:\/\/yyo.nl\/rechtsgebieden\/letselschade\/overlijdensschade\/"]}]},{"@type":"BreadcrumbList","@id":"https:\/\/yyo.nl\/rechtsgebieden\/letselschade\/overlijdensschade\/#breadcrumb","itemListElement":[{"@type":"ListItem","position":1,"name":"Home","item":"https:\/\/yyo.nl\/"},{"@type":"ListItem","position":2,"name":"Rechtsgebieden","item":"https:\/\/yyo.nl\/rechtsgebieden\/"},{"@type":"ListItem","position":3,"name":"Letselschade","item":"https:\/\/yyo.nl\/rechtsgebieden\/letselschade\/"},{"@type":"ListItem","position":4,"name":"Overlijdensschade"}]},{"@type":"WebSite","@id":"https:\/\/yyo.nl\/#website","url":"https:\/\/yyo.nl\/","name":"YYO Letselschadeadvocaat Rotterdam","description":"Letselschadeadvocaat Rotterdam","potentialAction":[{"@type":"SearchAction","target":{"@type":"EntryPoint","urlTemplate":"https:\/\/yyo.nl\/?s={search_term_string}"},"query-input":"required name=search_term_string"}],"inLanguage":"tr"}]}},"_links":{"self":[{"href":"https:\/\/yyo.nl\/tr\/wp-json\/wp\/v2\/pages\/21651"}],"collection":[{"href":"https:\/\/yyo.nl\/tr\/wp-json\/wp\/v2\/pages"}],"about":[{"href":"https:\/\/yyo.nl\/tr\/wp-json\/wp\/v2\/types\/page"}],"author":[{"embeddable":true,"href":"https:\/\/yyo.nl\/tr\/wp-json\/wp\/v2\/users\/2"}],"replies":[{"embeddable":true,"href":"https:\/\/yyo.nl\/tr\/wp-json\/wp\/v2\/comments?post=21651"}],"version-history":[{"count":1,"href":"https:\/\/yyo.nl\/tr\/wp-json\/wp\/v2\/pages\/21651\/revisions"}],"predecessor-version":[{"id":21652,"href":"https:\/\/yyo.nl\/tr\/wp-json\/wp\/v2\/pages\/21651\/revisions\/21652"}],"up":[{"embeddable":true,"href":"https:\/\/yyo.nl\/tr\/wp-json\/wp\/v2\/pages\/21622"}],"wp:attachment":[{"href":"https:\/\/yyo.nl\/tr\/wp-json\/wp\/v2\/media?parent=21651"}],"curies":[{"name":"wp","href":"https:\/\/api.w.org\/{rel}","templated":true}]}}